{"id":19996,"date":"2025-08-19T12:28:50","date_gmt":"2025-08-19T10:28:50","guid":{"rendered":"https:\/\/store.astieks.com\/product\/owl-whisky-tumbler\/"},"modified":"2025-08-19T12:28:50","modified_gmt":"2025-08-19T10:28:50","slug":"owl-whisky-tumbler","status":"publish","type":"product","link":"https:\/\/store.astieks.com\/et\/product\/owl-whisky-tumbler\/","title":{"rendered":"LALIQUE Owl viskiklaas"},"content":{"rendered":"<ul>\n<li>L\u00e4bipaistev kristall<\/li>\n<li>K\u00e4sitsi valmistatud Prantsusmaal<\/li>\n<li>Originaaldisain: Marie-Claude Lalique, 1995<\/li>\n<\/ul>\n","protected":false},"excerpt":{"rendered":"<p><em><strong>Owl kollektsioon, l\u00e4bipaistev kristall<\/p>\n<p><\/strong><\/em><\/p>\n<p>1994 aastal inspireeris m\u00fc\u00fctiline lind \u00f6\u00f6kull, mis s\u00fcmboliseerib tarkust, Lalique\u2019i looma kaks klaasi tugeva ja selgejoonelise disainiga. 1995. aastal lisandus kollektsiooni ka karahvin, millel on v\u00e4ga originaalne kuju ning kristallist \u00f6\u00f6kulli kujuline kork. <\/p>\n","protected":false},"featured_media":14615,"template":"","meta":{"_acf_changed":false},"product_brand":[647],"product_cat":[268],"product_tag":[],"class_list":{"0":"post-19996","1":"product","2":"type-product","3":"status-publish","4":"has-post-thumbnail","6":"product_brand-lalique","7":"product_cat-lauanoud","8":"nt-post-class","9":"","15":"first","16":"instock","17":"taxable","18":"shipping-taxable","19":"purchasable","20":"product-type-simple"},"acf":[],"_links":{"self":[{"href":"https:\/\/store.astieks.com\/et\/wp-json\/wp\/v2\/product\/19996","targetHints":{"allow":["GET"]}}],"collection":[{"href":"https:\/\/store.astieks.com\/et\/wp-json\/wp\/v2\/product"}],"about":[{"href":"https:\/\/store.astieks.com\/et\/wp-json\/wp\/v2\/types\/product"}],"version-history":[{"count":0,"href":"https:\/\/store.astieks.com\/et\/wp-json\/wp\/v2\/product\/19996\/revisions"}],"wp:featuredmedia":[{"embeddable":true,"href":"https:\/\/store.astieks.com\/et\/wp-json\/wp\/v2\/media\/14615"}],"wp:attachment":[{"href":"https:\/\/store.astieks.com\/et\/wp-json\/wp\/v2\/media?parent=19996"}],"wp:term":[{"taxonomy":"product_brand","embeddable":true,"href":"https:\/\/store.astieks.com\/et\/wp-json\/wp\/v2\/product_brand?post=19996"},{"taxonomy":"product_cat","embeddable":true,"href":"https:\/\/store.astieks.com\/et\/wp-json\/wp\/v2\/product_cat?post=19996"},{"taxonomy":"product_tag","embeddable":true,"href":"https:\/\/store.astieks.com\/et\/wp-json\/wp\/v2\/product_tag?post=19996"}],"curies":[{"name":"wp","href":"https:\/\/api.w.org\/{rel}","templated":true}]}}