{"id":19995,"date":"2025-08-19T12:40:17","date_gmt":"2025-08-19T10:40:17","guid":{"rendered":"https:\/\/store.astieks.com\/product\/bacchantes-small-vase\/"},"modified":"2025-08-19T12:40:17","modified_gmt":"2025-08-19T10:40:17","slug":"bacchantes-small-vase","status":"publish","type":"product","link":"https:\/\/store.astieks.com\/et\/product\/bacchantes-small-vase\/","title":{"rendered":"LALIQUE Bacchantes v\u00e4ike vaas"},"content":{"rendered":"<ul>\n<li>L\u00e4bipaistev kristall<\/li>\n<li>K\u00e4sitsi valmistatud Prantsusmaal<\/li>\n<\/ul>\n","protected":false},"excerpt":{"rendered":"<p>1927. aastal viisid Ren\u00e9 LALIQUE&#8217;i piiritu kujutlusv\u00f5ime ja loominguline geenius Bacchantes&#8217;i vaasi loomiseni.<\/p>\n<p>Suurep\u00e4rase \u00fclbe ja h\u00e4iriva sensuaalsusena pakkus Bacchuse noor preestrinna oma ilu ja kurve.<\/p>\n<p>T\u00e4nap\u00e4eval on see majesteetlik naiselikkuse ood uuesti t\u00f5lgendatud v\u00e4ikeses vaasis, see skulpturaalsete aktide \u00fcmmargune kuju on Lalique&#8217;i s\u00fcmboolne stiil. Satiinkristall meenutab naha tekstuuri siledust, samas kui valguse m\u00e4ng hingab kunstniku k\u00e4e l\u00e4bi vormitud teosele elu ja liikumist. <\/p>\n","protected":false},"featured_media":14621,"template":"","meta":{"_acf_changed":false},"product_brand":[647],"product_cat":[238,285,283],"product_tag":[],"class_list":{"0":"post-19995","1":"product","2":"type-product","3":"status-publish","4":"has-post-thumbnail","6":"product_brand-lalique","7":"product_cat-kodu-kaunistused","8":"product_cat-kristall","9":"product_cat-vaasid","10":"nt-post-class","11":"","17":"first","18":"instock","19":"taxable","20":"shipping-taxable","21":"purchasable","22":"product-type-simple"},"acf":[],"_links":{"self":[{"href":"https:\/\/store.astieks.com\/et\/wp-json\/wp\/v2\/product\/19995","targetHints":{"allow":["GET"]}}],"collection":[{"href":"https:\/\/store.astieks.com\/et\/wp-json\/wp\/v2\/product"}],"about":[{"href":"https:\/\/store.astieks.com\/et\/wp-json\/wp\/v2\/types\/product"}],"version-history":[{"count":0,"href":"https:\/\/store.astieks.com\/et\/wp-json\/wp\/v2\/product\/19995\/revisions"}],"wp:featuredmedia":[{"embeddable":true,"href":"https:\/\/store.astieks.com\/et\/wp-json\/wp\/v2\/media\/14621"}],"wp:attachment":[{"href":"https:\/\/store.astieks.com\/et\/wp-json\/wp\/v2\/media?parent=19995"}],"wp:term":[{"taxonomy":"product_brand","embeddable":true,"href":"https:\/\/store.astieks.com\/et\/wp-json\/wp\/v2\/product_brand?post=19995"},{"taxonomy":"product_cat","embeddable":true,"href":"https:\/\/store.astieks.com\/et\/wp-json\/wp\/v2\/product_cat?post=19995"},{"taxonomy":"product_tag","embeddable":true,"href":"https:\/\/store.astieks.com\/et\/wp-json\/wp\/v2\/product_tag?post=19995"}],"curies":[{"name":"wp","href":"https:\/\/api.w.org\/{rel}","templated":true}]}}