{"id":19994,"date":"2025-08-19T13:17:19","date_gmt":"2025-08-19T11:17:19","guid":{"rendered":"https:\/\/store.astieks.com\/product\/perles-luminary\/"},"modified":"2026-03-23T18:47:51","modified_gmt":"2026-03-23T16:47:51","slug":"perles-luminary","status":"publish","type":"product","link":"https:\/\/store.astieks.com\/et\/product\/perles-luminary\/","title":{"rendered":"LALIQUE Perles luminary valgusti"},"content":{"rendered":"<ul>\n<li>L\u00e4bipaistev kristall, nikkel<\/li>\n<li>2 LED-i<\/li>\n<li>3 vatti<\/li>\n<li>Soe valgus\n<ul>\n<li>Liitiumaku 7 V \/ 60 tundi t\u00f6\u00f6aega max.<\/li>\n<\/ul>\n<\/li>\n<li>H\u00e4mardatav valgustus<\/li>\n<li>Nummerdatud tiraa\u017e<\/li>\n<li>Koost\u00f6\u00f6: Pierre-Yves Rochon &amp; Lalique<\/li>\n<li>K\u00e4sitsi valmistatud Prantsusmaal<\/li>\n<\/ul>\n","protected":false},"excerpt":{"rendered":"<p><strong><em>L\u00e4bipaistev kristall, nikkel<\/em><\/strong><\/p>\n<p>Lalique&#8217;i valgustid on ainulaadne ja luksuslik viis teie kodu v\u00f5i kontori valgustamiseks. Oskuslike k\u00e4sit\u00f6\u00f6liste k\u00e4sitsi valmistatud kaunid valgustid kasutavad Lalique&#8217;ile omast kristalli ja uuenduslikke disainilahendusi, luues kauni valguse ja varju m\u00e4ngu. <\/p>\n","protected":false},"featured_media":14635,"template":"","meta":{"_acf_changed":false},"product_brand":[647],"product_cat":[243,238,265],"product_tag":[],"class_list":{"0":"post-19994","1":"product","2":"type-product","3":"status-publish","4":"has-post-thumbnail","6":"product_brand-lalique","7":"product_cat-kingitused","8":"product_cat-kodu-kaunistused","9":"product_cat-valgustus","10":"nt-post-class","11":"","17":"first","18":"instock","19":"taxable","20":"shipping-taxable","21":"purchasable","22":"product-type-simple"},"acf":[],"_links":{"self":[{"href":"https:\/\/store.astieks.com\/et\/wp-json\/wp\/v2\/product\/19994","targetHints":{"allow":["GET"]}}],"collection":[{"href":"https:\/\/store.astieks.com\/et\/wp-json\/wp\/v2\/product"}],"about":[{"href":"https:\/\/store.astieks.com\/et\/wp-json\/wp\/v2\/types\/product"}],"version-history":[{"count":1,"href":"https:\/\/store.astieks.com\/et\/wp-json\/wp\/v2\/product\/19994\/revisions"}],"predecessor-version":[{"id":20247,"href":"https:\/\/store.astieks.com\/et\/wp-json\/wp\/v2\/product\/19994\/revisions\/20247"}],"wp:featuredmedia":[{"embeddable":true,"href":"https:\/\/store.astieks.com\/et\/wp-json\/wp\/v2\/media\/14635"}],"wp:attachment":[{"href":"https:\/\/store.astieks.com\/et\/wp-json\/wp\/v2\/media?parent=19994"}],"wp:term":[{"taxonomy":"product_brand","embeddable":true,"href":"https:\/\/store.astieks.com\/et\/wp-json\/wp\/v2\/product_brand?post=19994"},{"taxonomy":"product_cat","embeddable":true,"href":"https:\/\/store.astieks.com\/et\/wp-json\/wp\/v2\/product_cat?post=19994"},{"taxonomy":"product_tag","embeddable":true,"href":"https:\/\/store.astieks.com\/et\/wp-json\/wp\/v2\/product_tag?post=19994"}],"curies":[{"name":"wp","href":"https:\/\/api.w.org\/{rel}","templated":true}]}}