{"id":19987,"date":"2025-08-18T15:35:37","date_gmt":"2025-08-18T13:35:37","guid":{"rendered":"https:\/\/store.astieks.com\/product\/100-points-cognac-glass-100-points\/"},"modified":"2025-08-18T15:35:37","modified_gmt":"2025-08-18T13:35:37","slug":"100-points-cognac-glass-100-points","status":"publish","type":"product","link":"https:\/\/store.astieks.com\/et\/product\/100-points-cognac-glass-100-points\/","title":{"rendered":"LALIQUE 100 POINTS Konjakiklaas100 POINTS"},"content":{"rendered":"<p>Inspiratsioon<\/p>\n<p>Viide 100-punktilisele veinihindamise skaalale \u2014 kollektsioon \u00fchendab meelte naudingu ja kaasaegse disaini: kristall, mille on puhunud meistriklaasipuhujad, k\u00f5rge satiinse viimistlusega jalg ja uuesti poleeritud kristall. Need klaasid peegeldavad Lalique\u2019i erakordset stiili. <\/p>\n<ul>\n<li>L\u00e4bipaistev kristall<\/li>\n<li>Koost\u00f6\u00f6: James Suckling &amp; Lalique<\/li>\n<li>K\u00e4sitsi valmistatud Prantsusmaal<\/li>\n<\/ul>\n<h3 class=\" \"><\/h3>\n","protected":false},"excerpt":{"rendered":"<p>100 POINTS kollektsioon on rahvusvaheliselt tuntud veinikriitiku James Sucklingu ja Lalique\u2019i \u00fchine loom\u00ading.<br \/>T\u00e4nu oma ainulaadsele kujule ja universaalsele l\u00e4henemisele veini nautimisele on 100 POINTS kollektsiooni klaasid loodud esile tooma ja nautima k\u00f5iki veinisorte, \u0161ampanjat ja kangemaid alkohoolseid jooke.<\/p>\n","protected":false},"featured_media":14461,"template":"","meta":{"_acf_changed":false},"product_brand":[647],"product_cat":[273,268,275],"product_tag":[],"class_list":{"0":"post-19987","1":"product","2":"type-product","3":"status-publish","4":"has-post-thumbnail","6":"product_brand-lalique","7":"product_cat-klaasnoud","8":"product_cat-lauanoud","9":"product_cat-sampanja","10":"nt-post-class","11":"","17":"first","18":"outofstock","19":"taxable","20":"shipping-taxable","21":"purchasable","22":"product-type-simple"},"acf":[],"_links":{"self":[{"href":"https:\/\/store.astieks.com\/et\/wp-json\/wp\/v2\/product\/19987","targetHints":{"allow":["GET"]}}],"collection":[{"href":"https:\/\/store.astieks.com\/et\/wp-json\/wp\/v2\/product"}],"about":[{"href":"https:\/\/store.astieks.com\/et\/wp-json\/wp\/v2\/types\/product"}],"version-history":[{"count":0,"href":"https:\/\/store.astieks.com\/et\/wp-json\/wp\/v2\/product\/19987\/revisions"}],"wp:featuredmedia":[{"embeddable":true,"href":"https:\/\/store.astieks.com\/et\/wp-json\/wp\/v2\/media\/14461"}],"wp:attachment":[{"href":"https:\/\/store.astieks.com\/et\/wp-json\/wp\/v2\/media?parent=19987"}],"wp:term":[{"taxonomy":"product_brand","embeddable":true,"href":"https:\/\/store.astieks.com\/et\/wp-json\/wp\/v2\/product_brand?post=19987"},{"taxonomy":"product_cat","embeddable":true,"href":"https:\/\/store.astieks.com\/et\/wp-json\/wp\/v2\/product_cat?post=19987"},{"taxonomy":"product_tag","embeddable":true,"href":"https:\/\/store.astieks.com\/et\/wp-json\/wp\/v2\/product_tag?post=19987"}],"curies":[{"name":"wp","href":"https:\/\/api.w.org\/{rel}","templated":true}]}}