{"id":19975,"date":"2025-09-25T16:48:02","date_gmt":"2025-09-25T14:48:02","guid":{"rendered":"https:\/\/store.astieks.com\/product\/trudon-vixi-15ml-travel-size\/"},"modified":"2025-09-25T16:48:02","modified_gmt":"2025-09-25T14:48:02","slug":"trudon-vixi-15ml-travel-size","status":"publish","type":"product","link":"https:\/\/store.astieks.com\/et\/product\/trudon-vixi-15ml-travel-size\/","title":{"rendered":"Trudon Vixi parf\u00fc\u00fcm 15 ml"},"content":{"rendered":"<p>Vixi on Trudoni l\u00f5hnakollektsiooni uusim t\u00e4iendus, millel on v\u00e4rske, aromaatne ja puidune karakter.<\/p>\n<p>Teekonnal kerguse poole toob Vixi esile Nepali sandlipuu vaimse tugevuse, salvei p\u00fchaliku olemuse, m\u00f5ruapelsini petitgrain\u2019i naturaalse \u00f5li v\u00e4rskuse ning jasmiini essentsi \u00f5rna lillel\u00f5hna<\/p>\n<p>Kogenud parf\u00fcmeer Emilie Bouge kujutas Vixit ette kui elu voogu, mis on t\u00e4idetud selgusega \u2013 sisemise valguse avastamist.<\/p>\n<p>Sisaldades hinnalist Nepali sandlipuud, mida hinnatakse idamaistes filosoofiates, ning salveid, mida kasutatakse puhastusrituaalides, toob Vixi kaasa justkui renessansi \u2013 taastava ja tarkusest kantud l\u00f5hna.<\/p>\n<p>L\u00f5hnap\u00fcramiid<\/p>\n<p>Tipunoodid: naturaalne Itaalia petitgrain\u2019i essents, kardemoni essents<br \/>S\u00fcdamenoodid: Balkani salvei naturaalne essents, Nepali orgaaniline sandlipuu<br \/>P\u00f5hjanoodid: Virginia seedripuu, India jasmiin<\/p>\n<p>Koostis:<br \/>Alcohol denat., Parfum (l\u00f5hnaaine), Aqua (vesi), Benzyl salicylate, Limonene, Linalool, Citral, Geraniol, Benzyl benzoate, Benzyl alcohol<\/p>\n","protected":false},"excerpt":{"rendered":"<p>Valgusk\u00fcllane ood elule.<br \/>Vixi on Trudon l\u00f5hnakollektsiooni uusim t\u00e4iendus, millel on v\u00e4rske, aromaatne ja puidune iseloom.<br \/>\nTeekonnal kerguse poole avab Vixi Nepali sandlipuu vaimse j\u00f5u, salvei p\u00fchaliku olemuse, m\u00f5ruapelsini petitgrain\u2019i naturaalse \u00f5li v\u00e4rskuse ning jasmiini essentsi lillelise l\u00f5hna.<br \/>\nKogenud parf\u00fcmeer Emilie Bouge kujutas Vixit ette kui elu voogu, mis on t\u00e4idetud selgusega \u2013 sisemise valguse avastamist.<br \/>Sisaldades hinnalist Nepali sandlipuud, mida hinnatakse idamaistes filosoofiates, ning salveid, mida kasutatakse puhastusrituaalides, toob Vixi kaasa justkui renessansi \u2013 taastava ja tarkusest kantud l\u00f5hna.<\/p>\n","protected":false},"featured_media":17480,"template":"","meta":{"_acf_changed":false},"product_brand":[492],"product_cat":[469,234,243],"product_tag":[],"class_list":{"0":"post-19975","1":"product","2":"type-product","3":"status-publish","4":"has-post-thumbnail","6":"product_brand-trudon-et","7":"product_cat-parfuumid","8":"product_cat-kehahooldus","9":"product_cat-kingitused","10":"nt-post-class","11":"","17":"first","18":"instock","19":"taxable","20":"shipping-taxable","21":"purchasable","22":"product-type-simple"},"acf":[],"_links":{"self":[{"href":"https:\/\/store.astieks.com\/et\/wp-json\/wp\/v2\/product\/19975","targetHints":{"allow":["GET"]}}],"collection":[{"href":"https:\/\/store.astieks.com\/et\/wp-json\/wp\/v2\/product"}],"about":[{"href":"https:\/\/store.astieks.com\/et\/wp-json\/wp\/v2\/types\/product"}],"version-history":[{"count":0,"href":"https:\/\/store.astieks.com\/et\/wp-json\/wp\/v2\/product\/19975\/revisions"}],"wp:featuredmedia":[{"embeddable":true,"href":"https:\/\/store.astieks.com\/et\/wp-json\/wp\/v2\/media\/17480"}],"wp:attachment":[{"href":"https:\/\/store.astieks.com\/et\/wp-json\/wp\/v2\/media?parent=19975"}],"wp:term":[{"taxonomy":"product_brand","embeddable":true,"href":"https:\/\/store.astieks.com\/et\/wp-json\/wp\/v2\/product_brand?post=19975"},{"taxonomy":"product_cat","embeddable":true,"href":"https:\/\/store.astieks.com\/et\/wp-json\/wp\/v2\/product_cat?post=19975"},{"taxonomy":"product_tag","embeddable":true,"href":"https:\/\/store.astieks.com\/et\/wp-json\/wp\/v2\/product_tag?post=19975"}],"curies":[{"name":"wp","href":"https:\/\/api.w.org\/{rel}","templated":true}]}}