{"id":19974,"date":"2025-09-25T16:55:31","date_gmt":"2025-09-25T14:55:31","guid":{"rendered":"https:\/\/store.astieks.com\/product\/trudon-liquid-soap-refill-vixi-petit-grain-sage-natural-essence-and-organic-sandalwood\/"},"modified":"2025-09-25T16:55:31","modified_gmt":"2025-09-25T14:55:31","slug":"trudon-liquid-soap-refill-vixi-petit-grain-sage-natural-essence-and-organic-sandalwood","status":"publish","type":"product","link":"https:\/\/store.astieks.com\/et\/product\/trudon-liquid-soap-refill-vixi-petit-grain-sage-natural-essence-and-organic-sandalwood\/","title":{"rendered":"Trudon vedelseebi t\u00e4itepakend Vixi 500 ml"},"content":{"rendered":"<p>L\u00f5hnap\u00fcramiid<\/p>\n<p>Tipunoodid:<br \/>Kardemon, naturaalne Itaalia petitgrain\u2019i essents<br \/>\nS\u00fcdamenoodid:<br \/>Balkani salvei naturaalne essents, sandlipuu<br \/>\nP\u00f5hjanoodid:<br \/>Seedripuu, jasmiin<\/p>\n","protected":false},"excerpt":{"rendered":"<p><em>Petitgrain, salvei naturaalne essents ja orgaaniline sandlipuu<\/em><\/p>\n<p>Toetudes Trudoni k\u00f5rgparf\u00fcmeeria meistriteadmistele, esitleb Maison oma esimest k\u00e4tehooldussarja: kahte vedelseepi, mis p\u00f5hinevad M\u00e9di\u00e9 ja Vixi parf\u00fc\u00fcmidel.<\/p>\n<p>350 ml pudelid on luksuslikud dekoratiivesemed, mis on inspireeritud 18. sajandi Euroopa kuninglike tualett-tarvetest. Taast\u00e4idetavad ning loodud t\u00e4iustama iga vannitoa v\u00f5i pesuruumi kogemust. <\/p>\n<p>Loodud Emilie Bouge\u2019i poolt, Vixi pakub puidust v\u00e4rskust ja spirituaalselt taastavat vannielamust, kus domineerivad sandlipuu, salvei ja jasmiini noodid. N\u00fc\u00fcdsest on ka vannitoal oma isikup\u00e4rane l\u00f5hnasignatuur. <\/p>\n","protected":false},"featured_media":17489,"template":"","meta":{"_acf_changed":false},"product_brand":[492],"product_cat":[234,243,632],"product_tag":[],"class_list":{"0":"post-19974","1":"product","2":"type-product","3":"status-publish","4":"has-post-thumbnail","6":"product_brand-trudon-et","7":"product_cat-kehahooldus","8":"product_cat-kingitused","9":"product_cat-vedelseep","10":"nt-post-class","11":"","17":"first","18":"instock","19":"taxable","20":"shipping-taxable","21":"purchasable","22":"product-type-simple"},"acf":[],"_links":{"self":[{"href":"https:\/\/store.astieks.com\/et\/wp-json\/wp\/v2\/product\/19974","targetHints":{"allow":["GET"]}}],"collection":[{"href":"https:\/\/store.astieks.com\/et\/wp-json\/wp\/v2\/product"}],"about":[{"href":"https:\/\/store.astieks.com\/et\/wp-json\/wp\/v2\/types\/product"}],"version-history":[{"count":0,"href":"https:\/\/store.astieks.com\/et\/wp-json\/wp\/v2\/product\/19974\/revisions"}],"wp:featuredmedia":[{"embeddable":true,"href":"https:\/\/store.astieks.com\/et\/wp-json\/wp\/v2\/media\/17489"}],"wp:attachment":[{"href":"https:\/\/store.astieks.com\/et\/wp-json\/wp\/v2\/media?parent=19974"}],"wp:term":[{"taxonomy":"product_brand","embeddable":true,"href":"https:\/\/store.astieks.com\/et\/wp-json\/wp\/v2\/product_brand?post=19974"},{"taxonomy":"product_cat","embeddable":true,"href":"https:\/\/store.astieks.com\/et\/wp-json\/wp\/v2\/product_cat?post=19974"},{"taxonomy":"product_tag","embeddable":true,"href":"https:\/\/store.astieks.com\/et\/wp-json\/wp\/v2\/product_tag?post=19974"}],"curies":[{"name":"wp","href":"https:\/\/api.w.org\/{rel}","templated":true}]}}