{"id":19969,"date":"2025-08-21T12:51:09","date_gmt":"2025-08-21T10:51:09","guid":{"rendered":"https:\/\/store.astieks.com\/product\/bacchantes-champagne-cooler\/"},"modified":"2025-08-21T12:51:09","modified_gmt":"2025-08-21T10:51:09","slug":"bacchantes-champagne-cooler","status":"publish","type":"product","link":"https:\/\/store.astieks.com\/et\/product\/bacchantes-champagne-cooler\/","title":{"rendered":"LALIQUE Bacchantes \u0161ampanjajahuti"},"content":{"rendered":"<ul>\n<li>L\u00e4bipaistev kristall<\/li>\n<li>Harjatud roostevabast terasest sisemus<\/li>\n<li>M\u00f5\u00f5tmed: K 24 x L 27 x S 22 cm<\/li>\n<li>Kaal: 5,5 kg<\/li>\n<li>K\u00e4sitsi valmistatud Prantsusmaal<\/li>\n<\/ul>\n","protected":false},"excerpt":{"rendered":"<p><strong><em>L\u00e4bipaistev Kristall<\/em><\/strong><\/p>\n<p>1927. aastal t\u00f5i Rene Lalique\u2019i piiramatud kujutlusv\u00f5ime ja loominguline geenius esile Bacchantes vaasi, mis kujutab Bacchuse noori preestreid, kes pakuvad oma voolavaid vorme ja ilu. See erakordse ilu ja sensuaalsuse teos j\u00e4ttis inimesed vaimustusse. See vaas on saanud p\u00fcsivaks s\u00fcmboliks Lalique\u2019i tunnustatud stiilis ning on kogu maailmas j\u00e4tkuvalt populaarne. Vaasi hoolikas detailit\u00f6\u00f6, mida on teinud k\u00e4sit\u00f6\u00f6meistri k\u00e4si, lisab m\u00e4ngulisust valguse ja dimensiooni kasutamisse.<\/p>\n","protected":false},"featured_media":14844,"template":"","meta":{"_acf_changed":false},"product_brand":[647],"product_cat":[268,275,278],"product_tag":[],"class_list":{"0":"post-19969","1":"product","2":"type-product","3":"status-publish","4":"has-post-thumbnail","6":"product_brand-lalique","7":"product_cat-lauanoud","8":"product_cat-sampanja","9":"product_cat-vein","10":"nt-post-class","11":"","17":"first","18":"instock","19":"taxable","20":"shipping-taxable","21":"purchasable","22":"product-type-simple"},"acf":[],"_links":{"self":[{"href":"https:\/\/store.astieks.com\/et\/wp-json\/wp\/v2\/product\/19969","targetHints":{"allow":["GET"]}}],"collection":[{"href":"https:\/\/store.astieks.com\/et\/wp-json\/wp\/v2\/product"}],"about":[{"href":"https:\/\/store.astieks.com\/et\/wp-json\/wp\/v2\/types\/product"}],"version-history":[{"count":0,"href":"https:\/\/store.astieks.com\/et\/wp-json\/wp\/v2\/product\/19969\/revisions"}],"wp:featuredmedia":[{"embeddable":true,"href":"https:\/\/store.astieks.com\/et\/wp-json\/wp\/v2\/media\/14844"}],"wp:attachment":[{"href":"https:\/\/store.astieks.com\/et\/wp-json\/wp\/v2\/media?parent=19969"}],"wp:term":[{"taxonomy":"product_brand","embeddable":true,"href":"https:\/\/store.astieks.com\/et\/wp-json\/wp\/v2\/product_brand?post=19969"},{"taxonomy":"product_cat","embeddable":true,"href":"https:\/\/store.astieks.com\/et\/wp-json\/wp\/v2\/product_cat?post=19969"},{"taxonomy":"product_tag","embeddable":true,"href":"https:\/\/store.astieks.com\/et\/wp-json\/wp\/v2\/product_tag?post=19969"}],"curies":[{"name":"wp","href":"https:\/\/api.w.org\/{rel}","templated":true}]}}