{"id":19968,"date":"2025-08-19T17:02:32","date_gmt":"2025-08-19T15:02:32","guid":{"rendered":"https:\/\/store.astieks.com\/product\/lalique-neroli-casablanca-morocco-perfume-diffuser\/"},"modified":"2025-08-19T17:02:32","modified_gmt":"2025-08-19T15:02:32","slug":"lalique-neroli-casablanca-morocco-perfume-diffuser","status":"publish","type":"product","link":"https:\/\/store.astieks.com\/et\/product\/lalique-neroli-casablanca-morocco-perfume-diffuser\/","title":{"rendered":"Lalique N\u00e9roli, Casablanca \u2013 Maroko, l\u00f5hnadifuuser 250 ml"},"content":{"rendered":"<ul>\n<li>Parf\u00fc\u00fcmidifuuser 250 ml<\/li>\n<li>L\u00f5hna levimise aeg: umbes 3 kuud.<\/li>\n<li>Parf\u00fc\u00fcmija: Claire Chambert<\/li>\n<li>K\u00e4sitsi valmistatud Prantsusmaal<\/li>\n<\/ul>\n","protected":false},"excerpt":{"rendered":"<p>Lalique\u2019i ainulaadne oskusteave h\u00f5lmab erinevaid valdkondi alates kristallit\u00f6\u00f6st kuni ehete ja parf\u00fcmeeni valmistamiseni. Oma kodul\u00f5hnade sarjaga \u201eVoyage de Parfumeur\u201c kutsub Lalique teid l\u00f5hnameelsele r\u00e4nnakule l\u00e4bi parf\u00fcmeeriamaailma kaunimate koostisosade ja maailma unistuste sihtkohtade. <\/p>\n<p><em><strong>Kodul\u00f5hn<\/strong><\/em><\/p>\n<div class=\"description\">\n<p>Tipunoodides s\u00e4ravad mandariin ja kibedapoolne apelsin, s\u00fcdames on neroli ja sambac-jasmiin, r\u00f5hutades valgete lillede rikkust koos pat\u0161uli, ambra ja vanilli p\u00f5hjanoodiga. P\u00e4ikeseline l\u00f5hn, mis on t\u00e4is luksust, rahu ja naudingut. <\/p>\n<p><em>Tipunoodid: kibedapoolne apelsin, mandariin, ylang-ylang<\/em><\/p>\n<p><em>S\u00fcdamenoodid: jasmiin, sambac, neroli, apelsini\u00f5is<\/em><\/p>\n<p><em>P\u00f5hjanoodid: ambar, pat\u0161uli, vanill<\/em><\/p>\n<\/div>\n","protected":false},"featured_media":14794,"template":"","meta":{"_acf_changed":false},"product_brand":[647],"product_cat":[253,245],"product_tag":[],"class_list":{"0":"post-19968","1":"product","2":"type-product","3":"status-publish","4":"has-post-thumbnail","6":"product_brand-lalique","7":"product_cat-difuuserid","8":"product_cat-kodulohnad","9":"nt-post-class","10":"","16":"first","17":"instock","18":"taxable","19":"shipping-taxable","20":"purchasable","21":"product-type-simple"},"acf":[],"_links":{"self":[{"href":"https:\/\/store.astieks.com\/et\/wp-json\/wp\/v2\/product\/19968","targetHints":{"allow":["GET"]}}],"collection":[{"href":"https:\/\/store.astieks.com\/et\/wp-json\/wp\/v2\/product"}],"about":[{"href":"https:\/\/store.astieks.com\/et\/wp-json\/wp\/v2\/types\/product"}],"version-history":[{"count":0,"href":"https:\/\/store.astieks.com\/et\/wp-json\/wp\/v2\/product\/19968\/revisions"}],"wp:featuredmedia":[{"embeddable":true,"href":"https:\/\/store.astieks.com\/et\/wp-json\/wp\/v2\/media\/14794"}],"wp:attachment":[{"href":"https:\/\/store.astieks.com\/et\/wp-json\/wp\/v2\/media?parent=19968"}],"wp:term":[{"taxonomy":"product_brand","embeddable":true,"href":"https:\/\/store.astieks.com\/et\/wp-json\/wp\/v2\/product_brand?post=19968"},{"taxonomy":"product_cat","embeddable":true,"href":"https:\/\/store.astieks.com\/et\/wp-json\/wp\/v2\/product_cat?post=19968"},{"taxonomy":"product_tag","embeddable":true,"href":"https:\/\/store.astieks.com\/et\/wp-json\/wp\/v2\/product_tag?post=19968"}],"curies":[{"name":"wp","href":"https:\/\/api.w.org\/{rel}","templated":true}]}}