{"id":19967,"date":"2025-08-19T16:31:11","date_gmt":"2025-08-19T14:31:11","guid":{"rendered":"https:\/\/store.astieks.com\/product\/lalique-neroli-casablanca-morocco-room-spray-100-ml\/"},"modified":"2025-08-19T16:31:11","modified_gmt":"2025-08-19T14:31:11","slug":"lalique-neroli-casablanca-morocco-room-spray-100-ml","status":"publish","type":"product","link":"https:\/\/store.astieks.com\/et\/product\/lalique-neroli-casablanca-morocco-room-spray-100-ml\/","title":{"rendered":"LALIQUE N\u00e9roli, Casablanca \u2013 Maroko, ruumisprei 100 ml"},"content":{"rendered":"<ul>\n<li>Kodusprei 100 ml (3.3 Fl. Oz.)<\/li>\n<li>Pumbapudel<\/li>\n<li>Parf\u00fc\u00fcmija: Claire Chambert<\/li>\n<li>K\u00e4sitsi valmistatud Prantsusmaal<\/li>\n<\/ul>\n","protected":false},"excerpt":{"rendered":"<p>Lalique\u2019i ainulaadne oskusteave h\u00f5lmab mitmeid valdkondi \u2013 kristalli valmistamisest kuni ehete ja parf\u00fc\u00fcmideni. Kodul\u00f5hnade kollektsiooniga \u201eVoyage de Parfumeur\u201c kutsub Lalique teid l\u00f5hnar\u00e4nnakule l\u00e4bi parf\u00fcmeeria kauneimate koostisosade ja maailma unistuste sihtkohtade. <\/p>\n<p class=\" \"><strong><em>Inspiratsioon<\/em><\/strong><\/p>\n<div class=\"rte left\">\n<p>P\u00f5hja-Aafrika, tsitruseliste maa, on kibedate apelsinipuude koduks. Nende \u00f5rn \u00f5is annab neroli essentsi, mille l\u00f5hn on paradoksaalselt nii tugev kui ka peen. <\/p>\n<p><em><strong>Kodul\u00f5hn<\/strong><\/em><\/p>\n<div class=\"description\">Tipunoodides s\u00e4ravad mandariin ja kibedapoolne apelsin, s\u00fcdames on neroli ja sambac-jasmiin, r\u00f5hutades valgete lillede rikkust koos pat\u0161uli, ambra ja vanilli p\u00f5hjanoodiga. P\u00e4ikeseline l\u00f5hn, mis on t\u00e4is luksust, rahu ja naudingut. <\/div>\n<div>\n<p>Tipunoodid: kibedapoolne apelsin, mandariin, ylang-ylang<br \/>S\u00fcdamenoodid: jasmiin, sambac, neroli, apelsini\u00f5is<br \/>P\u00f5hjanoodid: ambar, pat\u0161uli, vanill<\/p>\n<\/div>\n<\/div>\n","protected":false},"featured_media":14766,"template":"","meta":{"_acf_changed":false},"product_brand":[647],"product_cat":[245,257],"product_tag":[],"class_list":{"0":"post-19967","1":"product","2":"type-product","3":"status-publish","4":"has-post-thumbnail","6":"product_brand-lalique","7":"product_cat-kodulohnad","8":"product_cat-pihustid","9":"nt-post-class","10":"","16":"first","17":"instock","18":"taxable","19":"shipping-taxable","20":"purchasable","21":"product-type-simple"},"acf":[],"_links":{"self":[{"href":"https:\/\/store.astieks.com\/et\/wp-json\/wp\/v2\/product\/19967","targetHints":{"allow":["GET"]}}],"collection":[{"href":"https:\/\/store.astieks.com\/et\/wp-json\/wp\/v2\/product"}],"about":[{"href":"https:\/\/store.astieks.com\/et\/wp-json\/wp\/v2\/types\/product"}],"version-history":[{"count":0,"href":"https:\/\/store.astieks.com\/et\/wp-json\/wp\/v2\/product\/19967\/revisions"}],"wp:featuredmedia":[{"embeddable":true,"href":"https:\/\/store.astieks.com\/et\/wp-json\/wp\/v2\/media\/14766"}],"wp:attachment":[{"href":"https:\/\/store.astieks.com\/et\/wp-json\/wp\/v2\/media?parent=19967"}],"wp:term":[{"taxonomy":"product_brand","embeddable":true,"href":"https:\/\/store.astieks.com\/et\/wp-json\/wp\/v2\/product_brand?post=19967"},{"taxonomy":"product_cat","embeddable":true,"href":"https:\/\/store.astieks.com\/et\/wp-json\/wp\/v2\/product_cat?post=19967"},{"taxonomy":"product_tag","embeddable":true,"href":"https:\/\/store.astieks.com\/et\/wp-json\/wp\/v2\/product_tag?post=19967"}],"curies":[{"name":"wp","href":"https:\/\/api.w.org\/{rel}","templated":true}]}}