{"id":19966,"date":"2025-08-19T15:17:00","date_gmt":"2025-08-19T13:17:00","guid":{"rendered":"https:\/\/store.astieks.com\/product\/lalique-vanilla-acapulco-mexico-room-spray-100-ml\/"},"modified":"2025-08-19T15:17:00","modified_gmt":"2025-08-19T13:17:00","slug":"lalique-vanilla-acapulco-mexico-room-spray-100-ml","status":"publish","type":"product","link":"https:\/\/store.astieks.com\/et\/product\/lalique-vanilla-acapulco-mexico-room-spray-100-ml\/","title":{"rendered":"Lalique Vanilla, Acapulco \u2013 Mehhiko, ruumisprei 100 ml"},"content":{"rendered":"<ul>\n<li>l\u00f5hnadifuuser 100 ml<\/li>\n<li>Pumbapudel<\/li>\n<li>Parf\u00fc\u00fcmija: Claire Chambert<\/li>\n<li>K\u00e4sitsi valmistatud Prantsusmaal<\/li>\n<\/ul>\n","protected":false},"excerpt":{"rendered":"<p>Lalique\u2019i ainulaadne oskusteave h\u00f5lmab mitmeid valdkondi \u2013 kristalli valmistamisest kuni ehete ja parf\u00fc\u00fcmideni. Kodul\u00f5hnade kollektsiooniga \u201eVoyage de Parfumeur\u201c kutsub Lalique teid l\u00f5hnar\u00e4nnakule l\u00e4bi parf\u00fcmeeria kauneimate koostisosade ja maailma unistuste sihtkohtade. <\/p>\n<p class=\" \"><em><strong>Inspiratsioon<\/strong><\/em><\/p>\n<div class=\"rte left\">\n<p>Acapulco, \u201ctihedate roogude laht\u201d, on ideaalne paik, kus ammu on kasvanud k\u00f5ige magusamad orhideed: vanill. Avastasid konquistadoorid ning kuulus must kaun m\u00e4ngib t\u00e4htsat rolli nii parf\u00fcmeeriat\u00f6\u00f6stuses kui ka k\u00f6\u00f6gis oma peene ja maitsva aroomiga. <\/p>\n<p><em><strong>Kodul\u00f5hn<\/strong><\/em><\/p>\n<div class=\"description\">\n<p>Lalique\u2019i l\u00f5hn \u00fchendab vanilli sandalpuu s\u00fcdamega ja muskuselise ambrap\u00f5hjaga, luues m\u00f5nusa, m\u00e4hkiva ja isu\u00e4ratava efekti.<\/p>\n<p>Tipunoodid: vanill<br \/>S\u00fcdamenoodid: sandalpuu<br \/>P\u00f5hjanoodid: ambar, puit, muskus<\/p>\n<\/div>\n<\/div>\n","protected":false},"featured_media":14731,"template":"","meta":{"_acf_changed":false},"product_brand":[647],"product_cat":[245,257],"product_tag":[],"class_list":{"0":"post-19966","1":"product","2":"type-product","3":"status-publish","4":"has-post-thumbnail","6":"product_brand-lalique","7":"product_cat-kodulohnad","8":"product_cat-pihustid","9":"nt-post-class","10":"","16":"first","17":"instock","18":"taxable","19":"shipping-taxable","20":"purchasable","21":"product-type-simple"},"acf":[],"_links":{"self":[{"href":"https:\/\/store.astieks.com\/et\/wp-json\/wp\/v2\/product\/19966","targetHints":{"allow":["GET"]}}],"collection":[{"href":"https:\/\/store.astieks.com\/et\/wp-json\/wp\/v2\/product"}],"about":[{"href":"https:\/\/store.astieks.com\/et\/wp-json\/wp\/v2\/types\/product"}],"version-history":[{"count":0,"href":"https:\/\/store.astieks.com\/et\/wp-json\/wp\/v2\/product\/19966\/revisions"}],"wp:featuredmedia":[{"embeddable":true,"href":"https:\/\/store.astieks.com\/et\/wp-json\/wp\/v2\/media\/14731"}],"wp:attachment":[{"href":"https:\/\/store.astieks.com\/et\/wp-json\/wp\/v2\/media?parent=19966"}],"wp:term":[{"taxonomy":"product_brand","embeddable":true,"href":"https:\/\/store.astieks.com\/et\/wp-json\/wp\/v2\/product_brand?post=19966"},{"taxonomy":"product_cat","embeddable":true,"href":"https:\/\/store.astieks.com\/et\/wp-json\/wp\/v2\/product_cat?post=19966"},{"taxonomy":"product_tag","embeddable":true,"href":"https:\/\/store.astieks.com\/et\/wp-json\/wp\/v2\/product_tag?post=19966"}],"curies":[{"name":"wp","href":"https:\/\/api.w.org\/{rel}","templated":true}]}}