{"id":19965,"date":"2025-08-19T14:42:45","date_gmt":"2025-08-19T12:42:45","guid":{"rendered":"https:\/\/store.astieks.com\/product\/poplar-aspen-united-states-room-spray\/"},"modified":"2025-08-19T14:42:45","modified_gmt":"2025-08-19T12:42:45","slug":"poplar-aspen-united-states-room-spray","status":"publish","type":"product","link":"https:\/\/store.astieks.com\/et\/product\/poplar-aspen-united-states-room-spray\/","title":{"rendered":"Lalique Poplar, Aspen \u2013 Ameerika \u00dchendriigid, ruumisprei 100 ml"},"content":{"rendered":"<ul>\n<li>Kodusprei 100 ml (3.3 Fl. Oz.)<\/li>\n<li>Pumbapudel<\/li>\n<li>Parf\u00fcmeer: Doroth\u00e9e Piot<\/li>\n<li>K\u00e4sitsi valmistatud Prantsusmaal<\/li>\n<\/ul>\n","protected":false},"excerpt":{"rendered":"<p>Lalique\u2019i ainulaadne oskusteave h\u00f5lmab mitmeid valdkondi \u2013 kristalli valmistamisest kuni ehete ja parf\u00fc\u00fcmideni. Kodul\u00f5hnade kollektsiooniga \u201eVoyage de Parfumeur\u201c kutsub Lalique teid l\u00f5hnar\u00e4nnakule l\u00e4bi parf\u00fcmeeria kauneimate koostisosade ja maailma unistuste sihtkohtade. <\/p>\n<p class=\" \"><em><strong>Inspiratsioon<\/strong><\/em><\/p>\n<div class=\"rte left\">\n<p>Lumised m\u00e4etipud, talispordialad, luksuslikud \u0161aletid\u2026 See on see, millega Aspen sageli seostatakse, samuti selle kuusemetsadega. Kuid Aspen on saanud nime haava j\u00e4rgi \u2013 erakordse puu, mis talub tuld paremini kui teised liigid. Kuid kes suudaks Aspenis vastu panna kaminatule l\u00f5\u00f5mavale soojusele, kui v\u00e4ljas sajab lund?  <\/p>\n<p><em><strong>Kodul\u00f5hn<\/strong><\/em><\/p>\n<div class=\"description\">Kardemoni, eukal\u00fcpti, kadaka ja seedripuu aroomid viivad ninad talve\u00f5htu magusasse uinakusse.<\/div>\n<div>\n<p>Tipunoodid: kardemon, eukal\u00fcpt, kadakas<br \/>S\u00fcdamenoodid: ka\u0161miirpuit, k\u00fcpress<br \/>P\u00f5hjanoodid: seedripuu, kuusebalsam<\/p>\n<\/div>\n<\/div>\n","protected":false},"featured_media":14721,"template":"","meta":{"_acf_changed":false},"product_brand":[647],"product_cat":[245,257],"product_tag":[],"class_list":{"0":"post-19965","1":"product","2":"type-product","3":"status-publish","4":"has-post-thumbnail","6":"product_brand-lalique","7":"product_cat-kodulohnad","8":"product_cat-pihustid","9":"nt-post-class","10":"","16":"first","17":"instock","18":"taxable","19":"shipping-taxable","20":"purchasable","21":"product-type-simple"},"acf":[],"_links":{"self":[{"href":"https:\/\/store.astieks.com\/et\/wp-json\/wp\/v2\/product\/19965","targetHints":{"allow":["GET"]}}],"collection":[{"href":"https:\/\/store.astieks.com\/et\/wp-json\/wp\/v2\/product"}],"about":[{"href":"https:\/\/store.astieks.com\/et\/wp-json\/wp\/v2\/types\/product"}],"version-history":[{"count":0,"href":"https:\/\/store.astieks.com\/et\/wp-json\/wp\/v2\/product\/19965\/revisions"}],"wp:featuredmedia":[{"embeddable":true,"href":"https:\/\/store.astieks.com\/et\/wp-json\/wp\/v2\/media\/14721"}],"wp:attachment":[{"href":"https:\/\/store.astieks.com\/et\/wp-json\/wp\/v2\/media?parent=19965"}],"wp:term":[{"taxonomy":"product_brand","embeddable":true,"href":"https:\/\/store.astieks.com\/et\/wp-json\/wp\/v2\/product_brand?post=19965"},{"taxonomy":"product_cat","embeddable":true,"href":"https:\/\/store.astieks.com\/et\/wp-json\/wp\/v2\/product_cat?post=19965"},{"taxonomy":"product_tag","embeddable":true,"href":"https:\/\/store.astieks.com\/et\/wp-json\/wp\/v2\/product_tag?post=19965"}],"curies":[{"name":"wp","href":"https:\/\/api.w.org\/{rel}","templated":true}]}}