{"id":19963,"date":"2025-08-21T14:20:28","date_gmt":"2025-08-21T12:20:28","guid":{"rendered":"https:\/\/store.astieks.com\/product\/lalique-the-desert-muscat-oman-scented-candle\/"},"modified":"2026-03-27T15:52:35","modified_gmt":"2026-03-27T13:52:35","slug":"lalique-the-desert-muscat-oman-scented-candle","status":"publish","type":"product","link":"https:\/\/store.astieks.com\/et\/product\/lalique-the-desert-muscat-oman-scented-candle\/","title":{"rendered":"Lalique The Desert, Muscat \u2013 Oman, l\u00f5hnak\u00fc\u00fcnal<br>"},"content":{"rendered":"<p>&nbsp;<\/p>\n<ul>\n<li>L\u00f5hnak\u00fc\u00fcnal 190 g (6,7 Oz)<\/li>\n<li>Kuldne klaas<\/li>\n<li>Valge vaha<\/li>\n<li>P\u00f5lemisaeg: 40\u201350 tundi<\/li>\n<li>Parf\u00fcmeer: Richard Ibanez<\/li>\n<li>K\u00e4sitsi valmistatud Prantsusmaal<\/li>\n<\/ul>\n","protected":false},"excerpt":{"rendered":"<p>Lalique\u2019i ainulaadne oskusteave h\u00f5lmab erinevaid valdkondi alates kristallit\u00f6\u00f6st kuni ehete ja parf\u00fcmeeni valmistamiseni. Oma kodul\u00f5hnade sarjaga \u201eVoyage de Parfumeur\u201c kutsub Lalique teid l\u00f5hnameelsele r\u00e4nnakule l\u00e4bi parf\u00fcmeeriamaailma kaunimate koostisosade ja maailma unistuste sihtkohtade. <\/p>\n<p class=\" \"><strong><em>Inspiratsioon<\/em><\/strong><\/p>\n<div class=\"rte left\">\n<p>Ida p\u00e4rl, Omaani k\u00f5rb on olnud legendide ja ajaloo koduks algusest peale. Lalique austab selle koha v\u00f5lu, luues iga k\u00fc\u00fcnla unikaalse mustriga kuldsete voluutidega, mis meenutavad tuule poolt peenelt kujundatud liivaluiteid. L\u00f5hn tuhandest \u00fchest rikkusest kutsub teekonnale l\u00e4bi k\u00f5rbemaailma hiiglaslikkuse.  <\/p>\n<p><em><strong>Kodul\u00f5hn<\/strong><\/em><\/p>\n<div class=\"description\">\n<p>Maustel on esmane roll, millele j\u00e4rgneb liivaluite tipus kasvatatud rooside l\u00f5hn, t\u00e4iustatud kanjonite s\u00fcvenditest leitud viirukiga. Maitsvad mee- ja apelsinipuu\u00f5ie noodid m\u00e4hivad puiduse s\u00fcdame, samal ajal kui taustal v\u00e4ljendab oud\u2019i tugevus selle silmapaistva maastiku hiilgust. <\/p>\n<p><em>Tipunoodid: koriandri eeterlik \u00f5li, viirukiekstrakt, muskaatp\u00e4hkli eeterlik \u00f5li, roos<\/em><\/p>\n<p><em>S\u00fcdamenoodid: kistuse ekstrakt, mesi, apelsini\u00f5is, sandlipuu<\/em><\/p>\n<p>P\u00f5hjanoodid: oud, pap\u00fc\u00fcruse ekstrakt, pat\u0161uli ekstrakt<\/p>\n<\/div>\n<\/div>\n","protected":false},"featured_media":14880,"template":"","meta":{"_acf_changed":false},"product_brand":[647],"product_cat":[243,245,249],"product_tag":[],"class_list":{"0":"post-19963","1":"product","2":"type-product","3":"status-publish","4":"has-post-thumbnail","6":"product_brand-lalique","7":"product_cat-kingitused","8":"product_cat-kodulohnad","9":"product_cat-kuunlad","10":"nt-post-class","11":"","17":"first","18":"instock","19":"taxable","20":"shipping-taxable","21":"purchasable","22":"product-type-simple"},"acf":[],"_links":{"self":[{"href":"https:\/\/store.astieks.com\/et\/wp-json\/wp\/v2\/product\/19963","targetHints":{"allow":["GET"]}}],"collection":[{"href":"https:\/\/store.astieks.com\/et\/wp-json\/wp\/v2\/product"}],"about":[{"href":"https:\/\/store.astieks.com\/et\/wp-json\/wp\/v2\/types\/product"}],"version-history":[{"count":1,"href":"https:\/\/store.astieks.com\/et\/wp-json\/wp\/v2\/product\/19963\/revisions"}],"predecessor-version":[{"id":20498,"href":"https:\/\/store.astieks.com\/et\/wp-json\/wp\/v2\/product\/19963\/revisions\/20498"}],"wp:featuredmedia":[{"embeddable":true,"href":"https:\/\/store.astieks.com\/et\/wp-json\/wp\/v2\/media\/14880"}],"wp:attachment":[{"href":"https:\/\/store.astieks.com\/et\/wp-json\/wp\/v2\/media?parent=19963"}],"wp:term":[{"taxonomy":"product_brand","embeddable":true,"href":"https:\/\/store.astieks.com\/et\/wp-json\/wp\/v2\/product_brand?post=19963"},{"taxonomy":"product_cat","embeddable":true,"href":"https:\/\/store.astieks.com\/et\/wp-json\/wp\/v2\/product_cat?post=19963"},{"taxonomy":"product_tag","embeddable":true,"href":"https:\/\/store.astieks.com\/et\/wp-json\/wp\/v2\/product_tag?post=19963"}],"curies":[{"name":"wp","href":"https:\/\/api.w.org\/{rel}","templated":true}]}}