{"id":19962,"date":"2025-08-21T15:06:08","date_gmt":"2025-08-21T13:06:08","guid":{"rendered":"https:\/\/store.astieks.com\/product\/lalique-vetiver-bali-indonesia-scented-candle\/"},"modified":"2026-03-27T15:48:06","modified_gmt":"2026-03-27T13:48:06","slug":"lalique-vetiver-bali-indonesia-scented-candle","status":"publish","type":"product","link":"https:\/\/store.astieks.com\/et\/product\/lalique-vetiver-bali-indonesia-scented-candle\/","title":{"rendered":"Lalique Vetiver, Bali \u2013 Indoneesia, l\u00f5hnak\u00fc\u00fcnal"},"content":{"rendered":"<ul>\n<li>L\u00f5hnak\u00fc\u00fcnal 190 g (6,7 Oz)<\/li>\n<li>Must lakitud klaas<\/li>\n<li>Valge vaha<\/li>\n<li>P\u00f5lemisaeg: 40\u201350 tundi<\/li>\n<li>Parf\u00fcmeer: Doroth\u00e9e Piot<\/li>\n<li>K\u00e4sitsi valmistatud Prantsusmaal<\/li>\n<\/ul>\n","protected":false},"excerpt":{"rendered":"<p>Lalique\u2019i ainulaadne oskusteave h\u00f5lmab erinevaid valdkondi alates kristallit\u00f6\u00f6st kuni ehete ja parf\u00fcmeeni valmistamiseni. Oma kodul\u00f5hnade sarjaga \u201eVoyage de Parfumeur\u201c kutsub Lalique teid l\u00f5hnameelsele r\u00e4nnakule l\u00e4bi parf\u00fcmeeriamaailma kaunimate koostisosade ja maailma unistuste sihtkohtade. <\/p>\n<p class=\" \"><em><strong>Inspiratsioon<\/strong><\/em><\/p>\n<div class=\"rte left\">\n<p>Oma legendaarsete templite ja puutumatute randadega on Bali t\u00f5eliselt lummav paik. Seal kasvav vetiver on kuiv, puidune juur, mille l\u00f5hn meenutab metsa ja mulda. <\/p>\n<p><em><strong>Kodul\u00f5hn<\/strong><\/em><\/p>\n<div class=\"description\">Lalique\u2019i l\u00f5hn levitab peent ja maist aroomi, mis algab vetiveri v\u00e4rske noodiga ning avaneb seej\u00e4rel selle kuivemaks ja suitsusemaks pooleks, kus on tunda m\u00e4nniokaste, seedripuu ja viiruki n\u00fcansse. Astuge sellesse puidusesse l\u00f5hnamaailma. <\/div>\n<\/div>\n<div>\n<p>Tipunoodid: loorber, kardemon, mandariin<br \/>S\u00fcdamenoodid: jasmiin, pap\u00fc\u00fcrus, m\u00e4nniokkad<br \/>P\u00f5hjanoodid: seedripuu, viiruk, puidusammal, vetiver<\/p>\n<\/div>\n","protected":false},"featured_media":14903,"template":"","meta":{"_acf_changed":false},"product_brand":[647],"product_cat":[243,245,249],"product_tag":[],"class_list":{"0":"post-19962","1":"product","2":"type-product","3":"status-publish","4":"has-post-thumbnail","6":"product_brand-lalique","7":"product_cat-kingitused","8":"product_cat-kodulohnad","9":"product_cat-kuunlad","10":"nt-post-class","11":"","17":"first","18":"instock","19":"taxable","20":"shipping-taxable","21":"purchasable","22":"product-type-simple"},"acf":[],"_links":{"self":[{"href":"https:\/\/store.astieks.com\/et\/wp-json\/wp\/v2\/product\/19962","targetHints":{"allow":["GET"]}}],"collection":[{"href":"https:\/\/store.astieks.com\/et\/wp-json\/wp\/v2\/product"}],"about":[{"href":"https:\/\/store.astieks.com\/et\/wp-json\/wp\/v2\/types\/product"}],"version-history":[{"count":1,"href":"https:\/\/store.astieks.com\/et\/wp-json\/wp\/v2\/product\/19962\/revisions"}],"predecessor-version":[{"id":20496,"href":"https:\/\/store.astieks.com\/et\/wp-json\/wp\/v2\/product\/19962\/revisions\/20496"}],"wp:featuredmedia":[{"embeddable":true,"href":"https:\/\/store.astieks.com\/et\/wp-json\/wp\/v2\/media\/14903"}],"wp:attachment":[{"href":"https:\/\/store.astieks.com\/et\/wp-json\/wp\/v2\/media?parent=19962"}],"wp:term":[{"taxonomy":"product_brand","embeddable":true,"href":"https:\/\/store.astieks.com\/et\/wp-json\/wp\/v2\/product_brand?post=19962"},{"taxonomy":"product_cat","embeddable":true,"href":"https:\/\/store.astieks.com\/et\/wp-json\/wp\/v2\/product_cat?post=19962"},{"taxonomy":"product_tag","embeddable":true,"href":"https:\/\/store.astieks.com\/et\/wp-json\/wp\/v2\/product_tag?post=19962"}],"curies":[{"name":"wp","href":"https:\/\/api.w.org\/{rel}","templated":true}]}}