{"id":19951,"date":"2025-08-18T16:29:52","date_gmt":"2025-08-18T14:29:52","guid":{"rendered":"https:\/\/store.astieks.com\/product\/muguet-votive\/"},"modified":"2025-08-18T16:29:52","modified_gmt":"2025-08-18T14:29:52","slug":"muguet-votive","status":"publish","type":"product","link":"https:\/\/store.astieks.com\/et\/product\/muguet-votive\/","title":{"rendered":"LALIQUE Muguet votiivk\u00fc\u00fcnlahoidja"},"content":{"rendered":"<ul>\n<li>L\u00e4bipaistev kristall<\/li>\n<li>K\u00e4sitsi valmistatud Prantsusmaal<\/li>\n<\/ul>\n","protected":false},"excerpt":{"rendered":"<p><em>L\u00e4bipaistev Kristall<\/em><\/p>\n<p>\u00d5nne s\u00fcmbol ja Ren\u00e9 Lalique\u2019i lemmiklill \u2014 maikelluke \u2014 on selle vaasi ja votiivk\u00fc\u00fcnlahoidja kujunduse keskmes. Kerged ja \u00f5rnad kellukesed ilmuvad pikkade lainjate lehtede vahelt, justkui tuule k\u00e4es \u00f5\u00f5tsudes. Ruudukujuline vorm loob kauni kontrasti motiivide kumerate joontega, mida toob esile satiinviimistlusega kristall.  <\/p>\n","protected":false},"featured_media":14488,"template":"","meta":{"_acf_changed":false},"product_brand":[647],"product_cat":[285,283],"product_tag":[],"class_list":{"0":"post-19951","1":"product","2":"type-product","3":"status-publish","4":"has-post-thumbnail","6":"product_brand-lalique","7":"product_cat-kristall","8":"product_cat-vaasid","9":"nt-post-class","10":"","16":"first","17":"instock","18":"taxable","19":"shipping-taxable","20":"purchasable","21":"product-type-simple"},"acf":[],"_links":{"self":[{"href":"https:\/\/store.astieks.com\/et\/wp-json\/wp\/v2\/product\/19951","targetHints":{"allow":["GET"]}}],"collection":[{"href":"https:\/\/store.astieks.com\/et\/wp-json\/wp\/v2\/product"}],"about":[{"href":"https:\/\/store.astieks.com\/et\/wp-json\/wp\/v2\/types\/product"}],"version-history":[{"count":0,"href":"https:\/\/store.astieks.com\/et\/wp-json\/wp\/v2\/product\/19951\/revisions"}],"wp:featuredmedia":[{"embeddable":true,"href":"https:\/\/store.astieks.com\/et\/wp-json\/wp\/v2\/media\/14488"}],"wp:attachment":[{"href":"https:\/\/store.astieks.com\/et\/wp-json\/wp\/v2\/media?parent=19951"}],"wp:term":[{"taxonomy":"product_brand","embeddable":true,"href":"https:\/\/store.astieks.com\/et\/wp-json\/wp\/v2\/product_brand?post=19951"},{"taxonomy":"product_cat","embeddable":true,"href":"https:\/\/store.astieks.com\/et\/wp-json\/wp\/v2\/product_cat?post=19951"},{"taxonomy":"product_tag","embeddable":true,"href":"https:\/\/store.astieks.com\/et\/wp-json\/wp\/v2\/product_tag?post=19951"}],"curies":[{"name":"wp","href":"https:\/\/api.w.org\/{rel}","templated":true}]}}