{"id":19946,"date":"2025-08-18T15:22:57","date_gmt":"2025-08-18T13:22:57","guid":{"rendered":"https:\/\/store.astieks.com\/product\/iconic-bacchantes-vase-clear-crystal\/"},"modified":"2026-03-11T13:55:27","modified_gmt":"2026-03-11T11:55:27","slug":"iconic-bacchantes-vase-clear-crystal","status":"publish","type":"product","link":"https:\/\/store.astieks.com\/et\/product\/iconic-bacchantes-vase-clear-crystal\/","title":{"rendered":"LALIQUE Ikoniline Bacchantes vaas"},"content":{"rendered":"<ul>\n<li>L\u00e4bipaistev kristall<\/li>\n<li>K\u00e4sitsi valmistatud Prantsusmaal<\/li>\n<li>Originaaldisain: Ren\u00e9 Lalique, 1927<\/li>\n<\/ul>\n","protected":false},"excerpt":{"rendered":"<p>1927 aastal viis Ren\u00e9 Lalique\u2019i piiritu kujutlusv\u00f5ime ja loominguline geenius Bacchantesi vaasi loomiseni.Selle ikoonilise disaini kujunduses on kujutatud Bacchuse noori preestrinnasid, kellele on omane lopsakas ilu ja graatsilised kehakumerused. Tegemist on erakordselt kauni teosega, mille hiilgus ja sensuaalsus lummavad imetlejaid t\u00e4naseni. <\/p>\n<p>Alates selle esimesest v\u00e4ljaandest on see olnud Lalique kollektsiooni p\u00f5hiline ese ning saanud p\u00fcsivaks s\u00fcmboliks Lalique\u2019i tunnustatud stiilist.<\/p>\n","protected":false},"featured_media":14448,"template":"","meta":{"_acf_changed":false},"product_brand":[647],"product_cat":[238,285,283],"product_tag":[],"class_list":{"0":"post-19946","1":"product","2":"type-product","3":"status-publish","4":"has-post-thumbnail","6":"product_brand-lalique","7":"product_cat-kodu-kaunistused","8":"product_cat-kristall","9":"product_cat-vaasid","10":"nt-post-class","11":"","17":"first","18":"instock","19":"taxable","20":"shipping-taxable","21":"purchasable","22":"product-type-simple"},"acf":[],"_links":{"self":[{"href":"https:\/\/store.astieks.com\/et\/wp-json\/wp\/v2\/product\/19946","targetHints":{"allow":["GET"]}}],"collection":[{"href":"https:\/\/store.astieks.com\/et\/wp-json\/wp\/v2\/product"}],"about":[{"href":"https:\/\/store.astieks.com\/et\/wp-json\/wp\/v2\/types\/product"}],"version-history":[{"count":1,"href":"https:\/\/store.astieks.com\/et\/wp-json\/wp\/v2\/product\/19946\/revisions"}],"predecessor-version":[{"id":19949,"href":"https:\/\/store.astieks.com\/et\/wp-json\/wp\/v2\/product\/19946\/revisions\/19949"}],"wp:featuredmedia":[{"embeddable":true,"href":"https:\/\/store.astieks.com\/et\/wp-json\/wp\/v2\/media\/14448"}],"wp:attachment":[{"href":"https:\/\/store.astieks.com\/et\/wp-json\/wp\/v2\/media?parent=19946"}],"wp:term":[{"taxonomy":"product_brand","embeddable":true,"href":"https:\/\/store.astieks.com\/et\/wp-json\/wp\/v2\/product_brand?post=19946"},{"taxonomy":"product_cat","embeddable":true,"href":"https:\/\/store.astieks.com\/et\/wp-json\/wp\/v2\/product_cat?post=19946"},{"taxonomy":"product_tag","embeddable":true,"href":"https:\/\/store.astieks.com\/et\/wp-json\/wp\/v2\/product_tag?post=19946"}],"curies":[{"name":"wp","href":"https:\/\/api.w.org\/{rel}","templated":true}]}}