{"id":19942,"date":"2025-08-21T17:20:31","date_gmt":"2025-08-21T15:20:31","guid":{"rendered":"https:\/\/store.astieks.com\/product\/lalique-les-compositions-parfumees-sweet-amber-scented-candle\/"},"modified":"2026-03-27T15:32:17","modified_gmt":"2026-03-27T13:32:17","slug":"lalique-les-compositions-parfumees-sweet-amber-scented-candle","status":"publish","type":"product","link":"https:\/\/store.astieks.com\/et\/product\/lalique-les-compositions-parfumees-sweet-amber-scented-candle\/","title":{"rendered":"LALIQUE Sweet Amber, l\u00f5hnak\u00fc\u00fcnal"},"content":{"rendered":"<p>Lalique\u2019i ainulaadne oskusteave h\u00f5lmab erinevaid valdkondi alates kristallit\u00f6\u00f6st kuni ehete ja parf\u00fcmeeni valmistamiseni. Oma kodul\u00f5hnade sarjaga \u201eVoyage de Parfumeur\u201c kutsub Lalique teid l\u00f5hnameelsele r\u00e4nnakule l\u00e4bi parf\u00fcmeeriamaailma kaunimate koostisosade ja maailma unistuste sihtkohtade. <\/p>\n<p class=\" \"><em><strong>Inspiratsioon<\/strong><\/em><\/p>\n<div class=\"rte left\">\n<p>Avasta Compositions Parfum\u00e9es, inspireeritud parf\u00fcmeeria, ehete ja kristallitootmise alkeemiast. Looduse ja molekulaarsete koostisosade sulam, mis v\u00e4ljendab kaasaegseid l\u00f5hnalugu. <\/p>\n<p><em><strong>Kodul\u00f5hn<\/strong><\/em><\/p>\n<div class=\"description\">\n<p>Sukeldu selle lummava valgete lillede buketi maailma \u2013 jasmiin Sambac, tuberoos, apelsinilill\u2026 Magusaks muudab vanilje ja m\u00e4nguline anis, nende \u00f5ite l\u00f5hn on nii ahvatlev, et tahaks s\u00fc\u00fca! Galaksoliid, puhas ja pehme musk, t\u00f5stab lillenoodid esile, muutes need maitsvate kroonlehtede keeriseks. \u00d5huline nagu t\u00e4iuslik besee. Ja sama vastupandamatu.<\/p>\n<\/div>\n<\/div>\n<ul>\n<li>L\u00f5hnak\u00fc\u00fcnal 190 g (6,7 Oz)<\/li>\n<li>Valge lakkpind klaasis<\/li>\n<li>Oranz vaha<\/li>\n<li>P\u00f5lemisaeg: 40\u201350 tundi<\/li>\n<li>Perfumeerija: Philippe Romano<\/li>\n<li>K\u00e4sitsi valmistatud Prantsusmaal<\/li>\n<\/ul>\n","protected":false},"excerpt":{"rendered":"<p>Lalique\u2019i ainulaadne oskusteave h\u00f5lmab erinevaid valdkondi alates kristallit\u00f6\u00f6st kuni ehete ja parf\u00fcmeeni valmistamiseni. Oma kodul\u00f5hnade sarjaga \u201eVoyage de Parfumeur\u201c kutsub Lalique teid l\u00f5hnameelsele r\u00e4nnakule l\u00e4bi parf\u00fcmeeriamaailma kaunimate koostisosade ja maailma unistuste sihtkohtade. Inspiratsioon Avasta Compositions Parfum\u00e9es, inspireeritud parf\u00fcmeeria, ehete ja kristallitootmise alkeemiast. Looduse ja molekulaarsete koostisosade sulam, mis v\u00e4ljendab kaasaegseid l\u00f5hnalugu. Kodul\u00f5hn Sukeldu selle lummava&#8230;<\/p>\n","protected":false},"featured_media":14985,"template":"","meta":{"_acf_changed":false},"product_brand":[647],"product_cat":[243,245,249],"product_tag":[],"class_list":{"0":"post-19942","1":"product","2":"type-product","3":"status-publish","4":"has-post-thumbnail","6":"product_brand-lalique","7":"product_cat-kingitused","8":"product_cat-kodulohnad","9":"product_cat-kuunlad","10":"nt-post-class","11":"","14":"excerpt-none","17":"first","18":"instock","19":"taxable","20":"shipping-taxable","21":"purchasable","22":"product-type-simple"},"acf":[],"_links":{"self":[{"href":"https:\/\/store.astieks.com\/et\/wp-json\/wp\/v2\/product\/19942","targetHints":{"allow":["GET"]}}],"collection":[{"href":"https:\/\/store.astieks.com\/et\/wp-json\/wp\/v2\/product"}],"about":[{"href":"https:\/\/store.astieks.com\/et\/wp-json\/wp\/v2\/types\/product"}],"version-history":[{"count":2,"href":"https:\/\/store.astieks.com\/et\/wp-json\/wp\/v2\/product\/19942\/revisions"}],"predecessor-version":[{"id":20487,"href":"https:\/\/store.astieks.com\/et\/wp-json\/wp\/v2\/product\/19942\/revisions\/20487"}],"wp:featuredmedia":[{"embeddable":true,"href":"https:\/\/store.astieks.com\/et\/wp-json\/wp\/v2\/media\/14985"}],"wp:attachment":[{"href":"https:\/\/store.astieks.com\/et\/wp-json\/wp\/v2\/media?parent=19942"}],"wp:term":[{"taxonomy":"product_brand","embeddable":true,"href":"https:\/\/store.astieks.com\/et\/wp-json\/wp\/v2\/product_brand?post=19942"},{"taxonomy":"product_cat","embeddable":true,"href":"https:\/\/store.astieks.com\/et\/wp-json\/wp\/v2\/product_cat?post=19942"},{"taxonomy":"product_tag","embeddable":true,"href":"https:\/\/store.astieks.com\/et\/wp-json\/wp\/v2\/product_tag?post=19942"}],"curies":[{"name":"wp","href":"https:\/\/api.w.org\/{rel}","templated":true}]}}