{"id":19939,"date":"2025-08-21T17:31:44","date_gmt":"2025-08-21T15:31:44","guid":{"rendered":"https:\/\/store.astieks.com\/product\/lalique-les-compositions-parfumees-electric-purple-scented-candle\/"},"modified":"2026-03-27T15:21:39","modified_gmt":"2026-03-27T13:21:39","slug":"lalique-les-compositions-parfumees-electric-purple-scented-candle","status":"publish","type":"product","link":"https:\/\/store.astieks.com\/et\/product\/lalique-les-compositions-parfumees-electric-purple-scented-candle\/","title":{"rendered":"LALIQUE Les Compositions Parfum\u00e9es, Electric Purple, l\u00f5hnak\u00fc\u00fcnal"},"content":{"rendered":"<ul>\n<li>L\u00f5hnak\u00fc\u00fcnal 190 g (6,7 Oz)<\/li>\n<li>Valge lakkpind klaasis<\/li>\n<li>Lilla vaha<\/li>\n<li>P\u00f5lemisaeg: 40\u201350 tundi<\/li>\n<li>Parf\u00fcmeeria: Nathalie Lorson<\/li>\n<li>K\u00e4sitsi valmistatud Prantsusmaal<\/li>\n<\/ul>\n","protected":false},"excerpt":{"rendered":"<p><strong>190 G<\/strong><\/p>\n<p>Lalique\u2019i ainulaadne oskusteave h\u00f5lmab erinevaid valdkondi alates kristallit\u00f6\u00f6st kuni ehete ja parf\u00fcmeeni valmistamiseni. Oma kodul\u00f5hnade sarjaga \u201eVoyage de Parfumeur\u201c kutsub Lalique teid l\u00f5hnameelsele r\u00e4nnakule l\u00e4bi parf\u00fcmeeriamaailma kaunimate koostisosade ja maailma unistuste sihtkohtade. <\/p>\n<p class=\" \"><strong>Inspiratsioon<\/strong><\/p>\n<div class=\"rte left\">\n<p>Avasta Compositions Parfum\u00e9es, inspireeritud parf\u00fcmeeria, ehete ja kristallitootmise alkeemiast. Looduse ja molekulaarsete koostisosade sulam, mis v\u00e4ljendab kaasaegseid l\u00f5hnalugu. <\/p>\n<p><strong>Kodul\u00f5hn<\/strong><\/p>\n<div class=\"description\">\n<p>P\u00e4ikesekiir mahlakast tsitrusest. Roosa, pehme muskuspilv, h\u00f5ljub heliotroopi ja jasmiinil\u00f5hnalise mereh\u00f5ngu kohal. N\u00e4puotsat\u00e4is pipart, nagu must liiv saare rannal. Amber\u2019i soojustunne, siidine nagu sandlipuu\u2026 \u00d5hk on elav, t\u00e4is vibratsiooni Iso E Super\u2019ist. T\u00f5eliselt imeline molekul, kreemjate ja puidust nootidega, mis l\u00f5hnab iga\u00fchel veidi erinevalt. Sest see paneb sind l\u00f5hnama rohkem nagu sina ise. Taevane!      <\/p>\n<p>Tippnoodid: Greibi essents, m\u00fcndilehed, violetti lehtede absoluutt<\/p>\n<p>S\u00fcdame noodid: Artemiisi essents, must s\u00f5star, boysenberry NP\u00ae<\/p>\n<p>P\u00f5hinoodid: Helvetolide\u00ae, sammal, pat\u0161uli essents<\/p>\n<\/div>\n<\/div>\n","protected":false},"featured_media":14995,"template":"","meta":{"_acf_changed":false},"product_brand":[647],"product_cat":[243,245,249],"product_tag":[],"class_list":{"0":"post-19939","1":"product","2":"type-product","3":"status-publish","4":"has-post-thumbnail","6":"product_brand-lalique","7":"product_cat-kingitused","8":"product_cat-kodulohnad","9":"product_cat-kuunlad","10":"nt-post-class","11":"","17":"first","18":"instock","19":"taxable","20":"shipping-taxable","21":"purchasable","22":"product-type-simple"},"acf":[],"_links":{"self":[{"href":"https:\/\/store.astieks.com\/et\/wp-json\/wp\/v2\/product\/19939","targetHints":{"allow":["GET"]}}],"collection":[{"href":"https:\/\/store.astieks.com\/et\/wp-json\/wp\/v2\/product"}],"about":[{"href":"https:\/\/store.astieks.com\/et\/wp-json\/wp\/v2\/types\/product"}],"version-history":[{"count":1,"href":"https:\/\/store.astieks.com\/et\/wp-json\/wp\/v2\/product\/19939\/revisions"}],"predecessor-version":[{"id":20481,"href":"https:\/\/store.astieks.com\/et\/wp-json\/wp\/v2\/product\/19939\/revisions\/20481"}],"wp:featuredmedia":[{"embeddable":true,"href":"https:\/\/store.astieks.com\/et\/wp-json\/wp\/v2\/media\/14995"}],"wp:attachment":[{"href":"https:\/\/store.astieks.com\/et\/wp-json\/wp\/v2\/media?parent=19939"}],"wp:term":[{"taxonomy":"product_brand","embeddable":true,"href":"https:\/\/store.astieks.com\/et\/wp-json\/wp\/v2\/product_brand?post=19939"},{"taxonomy":"product_cat","embeddable":true,"href":"https:\/\/store.astieks.com\/et\/wp-json\/wp\/v2\/product_cat?post=19939"},{"taxonomy":"product_tag","embeddable":true,"href":"https:\/\/store.astieks.com\/et\/wp-json\/wp\/v2\/product_tag?post=19939"}],"curies":[{"name":"wp","href":"https:\/\/api.w.org\/{rel}","templated":true}]}}