{"id":19925,"date":"2025-08-19T10:51:31","date_gmt":"2025-08-19T08:51:31","guid":{"rendered":"https:\/\/store.astieks.com\/product\/fish-sculpture-7\/"},"modified":"2026-03-10T17:24:00","modified_gmt":"2026-03-10T15:24:00","slug":"fish-sculpture-7","status":"publish","type":"product","link":"https:\/\/store.astieks.com\/et\/product\/fish-sculpture-7\/","title":{"rendered":"LALIQUE kalaskulptuur h\u00e4mar lilla kristall"},"content":{"rendered":"<p class=\" \">Skulptuur \u201eKala\u201c, mis loodi 1913. aastal Ren\u00e9 Lalique\u2019i idee j\u00e4rgi, on saanud \u00fcheks Lalique\u2019i maja ikooniliseks teoseks. Algselt valmistati see t\u00fcrkiissinisest kristallist, kuid aja jooksul on seda korduvalt taasv\u00e4lja antud ning toodetud laias v\u00e4rvivalikus. <\/p>\n<p>Sel s\u00fcgisel viib Lalique meid uude maailma, kus segunevad m\u00fcsteerium ja unistused. T\u00e4nu innovatiivse h\u00e4mar lilla kristalli loomisele viib uus VESPER kollektsioon meid ainulaadsesse \u00f5htuh\u00e4maruse tundesse, varju ja taevaliku valguse vahele. See on teekond kunsti s\u00fcdamesse, ood \u00f5rnusele, sensuaalsusele ja poeesiale.  <\/p>\n<div class=\"rte left\">\n<ul>\n<li>K\u00e4sitsi valmistatud Prantsusmaal<\/li>\n<\/ul>\n<\/div>\n<p>&nbsp;<\/p>\n","protected":false},"excerpt":{"rendered":"<p>Skulptuur \u201eKala\u201c, mis loodi 1913. aastal Ren\u00e9 Lalique\u2019i idee j\u00e4rgi, on saanud \u00fcheks Lalique\u2019i maja ikooniliseks teoseks. Algselt valmistati see t\u00fcrkiissinisest kristallist, kuid aja jooksul on seda korduvalt taasv\u00e4lja antud ning toodetud laias v\u00e4rvivalikus. Sel s\u00fcgisel viib Lalique meid uude maailma, kus segunevad m\u00fcsteerium ja unistused. T\u00e4nu innovatiivse h\u00e4mar lilla kristalli loomisele viib uus VESPER&#8230;<\/p>\n","protected":false},"featured_media":14562,"template":"","meta":{"_acf_changed":false},"product_brand":[647],"product_cat":[238],"product_tag":[],"class_list":{"0":"post-19925","1":"product","2":"type-product","3":"status-publish","4":"has-post-thumbnail","6":"product_brand-lalique","7":"product_cat-kodu-kaunistused","8":"nt-post-class","9":"","12":"excerpt-none","15":"first","16":"instock","17":"taxable","18":"shipping-taxable","19":"purchasable","20":"product-type-simple"},"acf":[],"_links":{"self":[{"href":"https:\/\/store.astieks.com\/et\/wp-json\/wp\/v2\/product\/19925","targetHints":{"allow":["GET"]}}],"collection":[{"href":"https:\/\/store.astieks.com\/et\/wp-json\/wp\/v2\/product"}],"about":[{"href":"https:\/\/store.astieks.com\/et\/wp-json\/wp\/v2\/types\/product"}],"version-history":[{"count":1,"href":"https:\/\/store.astieks.com\/et\/wp-json\/wp\/v2\/product\/19925\/revisions"}],"predecessor-version":[{"id":19938,"href":"https:\/\/store.astieks.com\/et\/wp-json\/wp\/v2\/product\/19925\/revisions\/19938"}],"wp:featuredmedia":[{"embeddable":true,"href":"https:\/\/store.astieks.com\/et\/wp-json\/wp\/v2\/media\/14562"}],"wp:attachment":[{"href":"https:\/\/store.astieks.com\/et\/wp-json\/wp\/v2\/media?parent=19925"}],"wp:term":[{"taxonomy":"product_brand","embeddable":true,"href":"https:\/\/store.astieks.com\/et\/wp-json\/wp\/v2\/product_brand?post=19925"},{"taxonomy":"product_cat","embeddable":true,"href":"https:\/\/store.astieks.com\/et\/wp-json\/wp\/v2\/product_cat?post=19925"},{"taxonomy":"product_tag","embeddable":true,"href":"https:\/\/store.astieks.com\/et\/wp-json\/wp\/v2\/product_tag?post=19925"}],"curies":[{"name":"wp","href":"https:\/\/api.w.org\/{rel}","templated":true}]}}