{"id":19916,"date":"2025-08-18T17:09:55","date_gmt":"2025-08-18T15:09:55","guid":{"rendered":"https:\/\/store.astieks.com\/product\/fish-sculpture-3\/"},"modified":"2026-03-10T16:46:09","modified_gmt":"2026-03-10T14:46:09","slug":"fish-sculpture-3","status":"publish","type":"product","link":"https:\/\/store.astieks.com\/et\/product\/fish-sculpture-3\/","title":{"rendered":"LALIQUE kalaskulptuur kristallist"},"content":{"rendered":"<ul>\n<li>Hele sinine kristall<\/li>\n<li>K\u00e4sitsi valmistatud Prantsusmaal<\/li>\n<li>Originaalkujundus: Ren\u00e9 Lalique, 1912<\/li>\n<\/ul>\n","protected":false},"excerpt":{"rendered":"<p>Skulptuur \u201eKala\u201c, mis loodi 1913. aastal Ren\u00e9 Lalique\u2019i idee j\u00e4rgi, on saanud \u00fcheks Lalique\u2019i maja ikooniliseks teoseks. Algselt valmistati see t\u00fcrkiissinisest kristallist, kuid aja jooksul on seda korduvalt taasv\u00e4lja antud ning toodetud laias v\u00e4rvivalikus. <\/p>\n","protected":false},"featured_media":14509,"template":"","meta":{"_acf_changed":false},"product_brand":[647],"product_cat":[238],"product_tag":[],"class_list":{"0":"post-19916","1":"product","2":"type-product","3":"status-publish","4":"has-post-thumbnail","6":"product_brand-lalique","7":"product_cat-kodu-kaunistused","8":"nt-post-class","9":"","15":"first","16":"instock","17":"taxable","18":"shipping-taxable","19":"purchasable","20":"product-type-simple"},"acf":[],"_links":{"self":[{"href":"https:\/\/store.astieks.com\/et\/wp-json\/wp\/v2\/product\/19916","targetHints":{"allow":["GET"]}}],"collection":[{"href":"https:\/\/store.astieks.com\/et\/wp-json\/wp\/v2\/product"}],"about":[{"href":"https:\/\/store.astieks.com\/et\/wp-json\/wp\/v2\/types\/product"}],"version-history":[{"count":1,"href":"https:\/\/store.astieks.com\/et\/wp-json\/wp\/v2\/product\/19916\/revisions"}],"predecessor-version":[{"id":19917,"href":"https:\/\/store.astieks.com\/et\/wp-json\/wp\/v2\/product\/19916\/revisions\/19917"}],"wp:featuredmedia":[{"embeddable":true,"href":"https:\/\/store.astieks.com\/et\/wp-json\/wp\/v2\/media\/14509"}],"wp:attachment":[{"href":"https:\/\/store.astieks.com\/et\/wp-json\/wp\/v2\/media?parent=19916"}],"wp:term":[{"taxonomy":"product_brand","embeddable":true,"href":"https:\/\/store.astieks.com\/et\/wp-json\/wp\/v2\/product_brand?post=19916"},{"taxonomy":"product_cat","embeddable":true,"href":"https:\/\/store.astieks.com\/et\/wp-json\/wp\/v2\/product_cat?post=19916"},{"taxonomy":"product_tag","embeddable":true,"href":"https:\/\/store.astieks.com\/et\/wp-json\/wp\/v2\/product_tag?post=19916"}],"curies":[{"name":"wp","href":"https:\/\/api.w.org\/{rel}","templated":true}]}}