{"id":19910,"date":"2025-08-21T16:44:46","date_gmt":"2025-08-21T14:44:46","guid":{"rendered":"https:\/\/store.astieks.com\/product\/lalique-sandalwood-goa-india-perfume-diffuser\/"},"modified":"2026-03-27T15:46:06","modified_gmt":"2026-03-27T13:46:06","slug":"lalique-sandalwood-goa-india-perfume-diffuser","status":"publish","type":"product","link":"https:\/\/store.astieks.com\/et\/product\/lalique-sandalwood-goa-india-perfume-diffuser\/","title":{"rendered":"LALIQUE Sandlipuu, Goa &#8211; India, parf\u00fc\u00fcmidifuusor"},"content":{"rendered":"<ul>\n<li>Parf\u00fc\u00fcmidifuuser 250 ml<\/li>\n<li>L\u00f5hna levimise aeg: umbes 3 kuud.<\/li>\n<li>Parf\u00fcmeer: Sidonie Lancesseur<\/li>\n<li>K\u00e4sitsi valmistatud Prantsusmaal<\/li>\n<\/ul>\n","protected":false},"excerpt":{"rendered":"<p><em><strong>250 ml<\/strong><\/em><\/p>\n<p>Lalique\u2019i ainulaadne oskusteave h\u00f5lmab erinevaid valdkondi alates kristallit\u00f6\u00f6st kuni ehete ja parf\u00fcmeeni valmistamiseni. Oma kodul\u00f5hnade sarjaga \u201eVoyage de Parfumeur\u201c kutsub Lalique teid l\u00f5hnameelsele r\u00e4nnakule l\u00e4bi parf\u00fcmeeriamaailma kaunimate koostisosade ja maailma unistuste sihtkohtade. <\/p>\n<p class=\" \"><em><strong>Inspiratsioon<\/strong><\/em><\/p>\n<div class=\"rte left\">\n<p>Endise Portugali kolooniana ja ps\u00fchhedeelse \u00e4ratuse keskpunktina on Goal tuhat n\u00e4gu, tuhat lugu ja tuhat traditsiooni. Goa on India. Lalique austab seda k\u00f5ike, l\u00f5hnastades kodusid sooja, p\u00fcha sandlipuu l\u00f5hnaga.  <\/p>\n<p><em><strong>Kodul\u00f5hn<\/strong><\/em><\/p>\n<div class=\"description\">\n<p>L\u00f5hn: magus, piimjas ja p\u00fcsiv. Selles l\u00f5hnas flirtib puidune akord pat\u0161uli noodiga ja muutub v\u00fcrtsikaks kardemoni ja k\u00f6\u00f6mne lisandiga. Sobib \u00f5htuks l\u00f5kke \u00e4\u00e4res.  <\/p>\n<p><em>Tipunoodid: kardemon, sidrun, must pipar<\/em><\/p>\n<p><em>S\u00fcdame noodid: k\u00f6\u00f6mned, v\u00e4rske lillel\u00f5hn, muskaatp\u00e4hkel<\/em><\/p>\n<p><em>P\u00f5hinoodid: sammal, pat\u0161uli, vetiver<\/em><\/p>\n<\/div>\n<\/div>\n","protected":false},"featured_media":14969,"template":"","meta":{"_acf_changed":false},"product_brand":[647],"product_cat":[253,243,245],"product_tag":[],"class_list":{"0":"post-19910","1":"product","2":"type-product","3":"status-publish","4":"has-post-thumbnail","6":"product_brand-lalique","7":"product_cat-difuuserid","8":"product_cat-kingitused","9":"product_cat-kodulohnad","10":"nt-post-class","11":"","17":"first","18":"outofstock","19":"taxable","20":"shipping-taxable","21":"purchasable","22":"product-type-simple"},"acf":[],"_links":{"self":[{"href":"https:\/\/store.astieks.com\/et\/wp-json\/wp\/v2\/product\/19910","targetHints":{"allow":["GET"]}}],"collection":[{"href":"https:\/\/store.astieks.com\/et\/wp-json\/wp\/v2\/product"}],"about":[{"href":"https:\/\/store.astieks.com\/et\/wp-json\/wp\/v2\/types\/product"}],"version-history":[{"count":1,"href":"https:\/\/store.astieks.com\/et\/wp-json\/wp\/v2\/product\/19910\/revisions"}],"predecessor-version":[{"id":20494,"href":"https:\/\/store.astieks.com\/et\/wp-json\/wp\/v2\/product\/19910\/revisions\/20494"}],"wp:featuredmedia":[{"embeddable":true,"href":"https:\/\/store.astieks.com\/et\/wp-json\/wp\/v2\/media\/14969"}],"wp:attachment":[{"href":"https:\/\/store.astieks.com\/et\/wp-json\/wp\/v2\/media?parent=19910"}],"wp:term":[{"taxonomy":"product_brand","embeddable":true,"href":"https:\/\/store.astieks.com\/et\/wp-json\/wp\/v2\/product_brand?post=19910"},{"taxonomy":"product_cat","embeddable":true,"href":"https:\/\/store.astieks.com\/et\/wp-json\/wp\/v2\/product_cat?post=19910"},{"taxonomy":"product_tag","embeddable":true,"href":"https:\/\/store.astieks.com\/et\/wp-json\/wp\/v2\/product_tag?post=19910"}],"curies":[{"name":"wp","href":"https:\/\/api.w.org\/{rel}","templated":true}]}}