{"id":19909,"date":"2025-08-21T17:44:13","date_gmt":"2025-08-21T15:44:13","guid":{"rendered":"https:\/\/store.astieks.com\/product\/lalique-fig-tree-amalfi-italy-perfume-diffuser\/"},"modified":"2026-03-27T15:19:55","modified_gmt":"2026-03-27T13:19:55","slug":"lalique-fig-tree-amalfi-italy-perfume-diffuser","status":"publish","type":"product","link":"https:\/\/store.astieks.com\/et\/product\/lalique-fig-tree-amalfi-italy-perfume-diffuser\/","title":{"rendered":"LALIQUE Viigipuu, Amalfi \u2013 Itaalia, parf\u00fc\u00fcmidifuus\u0449r"},"content":{"rendered":"<ul>\n<li>Parf\u00fc\u00fcmidifuuser 250 ml<\/li>\n<li>L\u00f5hna levimise aeg: umbes 3 kuud.<\/li>\n<li>Parf\u00fc\u00fcmija: Claire Chambert<\/li>\n<li>K\u00e4sitsi valmistatud Prantsusmaal<\/li>\n<\/ul>\n","protected":false},"excerpt":{"rendered":"<p><strong>250 ml<\/strong><\/p>\n<p>Lalique\u2019i ainulaadne oskusteave h\u00f5lmab erinevaid valdkondi alates kristallit\u00f6\u00f6st kuni ehete ja parf\u00fcmeeni valmistamiseni. Oma kodul\u00f5hnade sarjaga \u201eVoyage de Parfumeur\u201c kutsub Lalique teid l\u00f5hnameelsele r\u00e4nnakule l\u00e4bi parf\u00fcmeeriamaailma kaunimate koostisosade ja maailma unistuste sihtkohtade. <\/p>\n<p class=\" \"><strong>Inspiratsioon<\/strong><\/p>\n<div class=\"rte left\">\n<p>Amalfi rannik \u2013 kuivad kaljud, taevasinine meri ja viigipuu, mis on t\u00e4is pehmeid ning mahlaseid vilju. Viigimarja magus, kergelt piimjas ja roheline aroom p\u00f5imub lehtede ning \u00fcmbritseva Vahemere taimestiku l\u00f5hnadega. <\/p>\n<p><strong>Kodul\u00f5hn<\/strong><\/p>\n<div class=\"description\">\n<p>Lillelised tsitruselised tipunoodid avanevad v\u00e4rske viigimarja ja labdanumi taustal ning arenevad j\u00e4rk-j\u00e4rgult kuivatatud viigimarja ja loorberilehe soojadeks n\u00fcanssideks. L\u00f5hn, mis kehastab Vahemere vaimu. <\/p>\n<p><strong><strong>Tipunoodid<\/strong> sidruni\u00f5is<\/strong><\/p>\n<\/div>\n<div>\n<p>S\u00fc\u00fcdame noodid v\u00e4rske virgipuu, kivirohu \u00f5is<\/p>\n<div>\n<p><strong>P\u00f5hinoodid kuivatatud viigimari, loorberileht<\/strong><\/p>\n<\/div>\n<\/div>\n<\/div>\n","protected":false},"featured_media":15029,"template":"","meta":{"_acf_changed":false},"product_brand":[647],"product_cat":[253,243,245],"product_tag":[],"class_list":{"0":"post-19909","1":"product","2":"type-product","3":"status-publish","4":"has-post-thumbnail","6":"product_brand-lalique","7":"product_cat-difuuserid","8":"product_cat-kingitused","9":"product_cat-kodulohnad","10":"nt-post-class","11":"","17":"first","18":"instock","19":"taxable","20":"shipping-taxable","21":"purchasable","22":"product-type-simple"},"acf":[],"_links":{"self":[{"href":"https:\/\/store.astieks.com\/et\/wp-json\/wp\/v2\/product\/19909","targetHints":{"allow":["GET"]}}],"collection":[{"href":"https:\/\/store.astieks.com\/et\/wp-json\/wp\/v2\/product"}],"about":[{"href":"https:\/\/store.astieks.com\/et\/wp-json\/wp\/v2\/types\/product"}],"version-history":[{"count":1,"href":"https:\/\/store.astieks.com\/et\/wp-json\/wp\/v2\/product\/19909\/revisions"}],"predecessor-version":[{"id":20479,"href":"https:\/\/store.astieks.com\/et\/wp-json\/wp\/v2\/product\/19909\/revisions\/20479"}],"wp:featuredmedia":[{"embeddable":true,"href":"https:\/\/store.astieks.com\/et\/wp-json\/wp\/v2\/media\/15029"}],"wp:attachment":[{"href":"https:\/\/store.astieks.com\/et\/wp-json\/wp\/v2\/media?parent=19909"}],"wp:term":[{"taxonomy":"product_brand","embeddable":true,"href":"https:\/\/store.astieks.com\/et\/wp-json\/wp\/v2\/product_brand?post=19909"},{"taxonomy":"product_cat","embeddable":true,"href":"https:\/\/store.astieks.com\/et\/wp-json\/wp\/v2\/product_cat?post=19909"},{"taxonomy":"product_tag","embeddable":true,"href":"https:\/\/store.astieks.com\/et\/wp-json\/wp\/v2\/product_tag?post=19909"}],"curies":[{"name":"wp","href":"https:\/\/api.w.org\/{rel}","templated":true}]}}