{"id":19907,"date":"2025-08-21T15:48:03","date_gmt":"2025-08-21T13:48:03","guid":{"rendered":"https:\/\/store.astieks.com\/product\/100-points-burgundy-glass\/"},"modified":"2025-08-21T15:48:03","modified_gmt":"2025-08-21T13:48:03","slug":"100-points-burgundy-glass","status":"publish","type":"product","link":"https:\/\/store.astieks.com\/et\/product\/100-points-burgundy-glass\/","title":{"rendered":"LALIQUE 100 POINTS Burgundia klass"},"content":{"rendered":"<p class=\" \"><em><strong>Inspiratsioon<\/strong><\/em><\/p>\n<div class=\"rte left\">\n<p>Viide 100-punktilisele veinihindamise skaalale \u2014 kollektsioon \u00fchendab meelte naudingu ja kaasaegse disaini: kristall, mille on puhunud meistriklaasipuhujad, k\u00f5rge satiinse viimistlusega jalg ja uuesti poleeritud kristall. Need klaasid peegeldavad Lalique\u2019i erakordset stiili. <\/p>\n<\/div>\n","protected":false},"excerpt":{"rendered":"<p><em><strong>100 POINTS by James Suckling, l\u00e4bipaistev kristall<\/strong><\/em><\/p>\n<p>100 POINTS kollektsioon on rahvusvaheliselt tuntud veinikriitiku James Sucklingu ja Lalique\u2019i \u00fchine loom\u00ading.<\/p>\n<p>T\u00e4nu oma ainulaadsele kujule ja universaalsele l\u00e4henemisele on 100 POINTS kollektsiooni klaasid loodud esile tooma ja nautima k\u00f5iki veinisorte, \u0161ampanjat ja kangemaid alkohoolseid jooke.<\/p>\n<ul>\n<li>L\u00e4bipaistev kristall<\/li>\n<li>K\u00f5rgus 23 cm, L\u00e4bim\u00f5\u00f5t 10.6 cm, Maht 690ml <\/li>\n<li>Kaal: 0.21 kg<\/li>\n<li>Koost\u00f6\u00f6: James Suckling &amp; Lalique<\/li>\n<li>K\u00e4sitsi valmistatud Prantsusmaal<\/li>\n<\/ul>\n","protected":false},"featured_media":14911,"template":"","meta":{"_acf_changed":false},"product_brand":[647],"product_cat":[268,278],"product_tag":[],"class_list":{"0":"post-19907","1":"product","2":"type-product","3":"status-publish","4":"has-post-thumbnail","6":"product_brand-lalique","7":"product_cat-lauanoud","8":"product_cat-vein","9":"nt-post-class","10":"","16":"first","17":"instock","18":"taxable","19":"shipping-taxable","20":"purchasable","21":"product-type-simple"},"acf":[],"_links":{"self":[{"href":"https:\/\/store.astieks.com\/et\/wp-json\/wp\/v2\/product\/19907","targetHints":{"allow":["GET"]}}],"collection":[{"href":"https:\/\/store.astieks.com\/et\/wp-json\/wp\/v2\/product"}],"about":[{"href":"https:\/\/store.astieks.com\/et\/wp-json\/wp\/v2\/types\/product"}],"version-history":[{"count":0,"href":"https:\/\/store.astieks.com\/et\/wp-json\/wp\/v2\/product\/19907\/revisions"}],"wp:featuredmedia":[{"embeddable":true,"href":"https:\/\/store.astieks.com\/et\/wp-json\/wp\/v2\/media\/14911"}],"wp:attachment":[{"href":"https:\/\/store.astieks.com\/et\/wp-json\/wp\/v2\/media?parent=19907"}],"wp:term":[{"taxonomy":"product_brand","embeddable":true,"href":"https:\/\/store.astieks.com\/et\/wp-json\/wp\/v2\/product_brand?post=19907"},{"taxonomy":"product_cat","embeddable":true,"href":"https:\/\/store.astieks.com\/et\/wp-json\/wp\/v2\/product_cat?post=19907"},{"taxonomy":"product_tag","embeddable":true,"href":"https:\/\/store.astieks.com\/et\/wp-json\/wp\/v2\/product_tag?post=19907"}],"curies":[{"name":"wp","href":"https:\/\/api.w.org\/{rel}","templated":true}]}}