{"id":19888,"date":"2025-08-22T11:27:05","date_gmt":"2025-08-22T09:27:05","guid":{"rendered":"https:\/\/store.astieks.com\/product\/lalique-yuzu-shikoku-japan-room-spray\/"},"modified":"2026-03-27T15:17:14","modified_gmt":"2026-03-27T13:17:14","slug":"lalique-yuzu-shikoku-japan-room-spray","status":"publish","type":"product","link":"https:\/\/store.astieks.com\/et\/product\/lalique-yuzu-shikoku-japan-room-spray\/","title":{"rendered":"LALIQUE Yuzu, Shikoku \u2013 Jaapan | Kodul\u00f5hnasprei"},"content":{"rendered":"<ul>\n<li>Kodusprei 100 ml<\/li>\n<li>Pumbapudel<\/li>\n<li>Parf\u00fc\u00fcmilooja: Corinne Cachen<\/li>\n<li>K\u00e4sitsi valmistatud Prantsusmaal<\/li>\n<\/ul>\n","protected":false},"excerpt":{"rendered":"<p><strong>100 ml<\/strong><\/p>\n<p>Lalique\u2019i ainulaadne oskusteave h\u00f5lmab erinevaid valdkondi alates kristallit\u00f6\u00f6st kuni ehete ja parf\u00fcmeeni valmistamiseni. Oma kodul\u00f5hnade sarjaga \u201eVoyage de Parfumeur\u201c kutsub Lalique teid l\u00f5hnameelsele r\u00e4nnakule l\u00e4bi parf\u00fcmeeriamaailma kaunimate koostisosade ja maailma unistuste sihtkohtade. <\/p>\n<p class=\" \"><strong>Inspiratsioon<\/strong><\/p>\n<div class=\"rte left\">\n<p>Erksalt v\u00e4rske yuzu aroom seostub sageli suvega, kuigi tegelikult on see talvine tsitrus, mis talub h\u00e4sti k\u00fclma ning on tuntud oma meeleolu t\u00f5stva toime poolest.<br \/>Just seet\u00f5ttu on yuzu traditsioonilise Jaapani kuuma vanni Yuzu-Yu peamine koostisosa. Jaapanis on eriti populaarne seda nautida talvise p\u00f6\u00f6rip\u00e4eva ajal \u2013 usutakse, et see rituaal toob tervist, heaolu ja \u00f5nne. <\/p>\n<p><strong>Kodul\u00f5hn<\/strong><\/p>\n<div class=\"description\">Lisaks oma kosmeetilistele ja antiseptilistele omadustele t\u00e4idab see vann ruumi yuzu v\u00e4rskelt s\u00e4rtsaka aroomiga. Tsitruselised noodid sulanduvad siin bergamoti ja greibiga ning muutuvad pehmemaks t\u00e4nu verbenale, mandlile ja muskusele. \ud83c\udf4a\ud83c\udf3f<\/div>\n<div>\n<p>L\u00f5hnap\u00fcramiid<br \/>\nTipunoodid: bergamot, ingver, greip, yuzu<br \/>\nS\u00fcdamenoodid: mandel, t\u00e4htaniis, verbena<br \/>\nP\u00f5hinoodid: valge puit, muskus<\/p>\n<\/div>\n<\/div>\n<p>&nbsp;<\/p>\n","protected":false},"featured_media":15049,"template":"","meta":{"_acf_changed":false},"product_brand":[647],"product_cat":[243,245,257],"product_tag":[],"class_list":{"0":"post-19888","1":"product","2":"type-product","3":"status-publish","4":"has-post-thumbnail","6":"product_brand-lalique","7":"product_cat-kingitused","8":"product_cat-kodulohnad","9":"product_cat-pihustid","10":"nt-post-class","11":"","17":"first","18":"instock","19":"taxable","20":"shipping-taxable","21":"purchasable","22":"product-type-simple"},"acf":[],"_links":{"self":[{"href":"https:\/\/store.astieks.com\/et\/wp-json\/wp\/v2\/product\/19888","targetHints":{"allow":["GET"]}}],"collection":[{"href":"https:\/\/store.astieks.com\/et\/wp-json\/wp\/v2\/product"}],"about":[{"href":"https:\/\/store.astieks.com\/et\/wp-json\/wp\/v2\/types\/product"}],"version-history":[{"count":1,"href":"https:\/\/store.astieks.com\/et\/wp-json\/wp\/v2\/product\/19888\/revisions"}],"predecessor-version":[{"id":20478,"href":"https:\/\/store.astieks.com\/et\/wp-json\/wp\/v2\/product\/19888\/revisions\/20478"}],"wp:featuredmedia":[{"embeddable":true,"href":"https:\/\/store.astieks.com\/et\/wp-json\/wp\/v2\/media\/15049"}],"wp:attachment":[{"href":"https:\/\/store.astieks.com\/et\/wp-json\/wp\/v2\/media?parent=19888"}],"wp:term":[{"taxonomy":"product_brand","embeddable":true,"href":"https:\/\/store.astieks.com\/et\/wp-json\/wp\/v2\/product_brand?post=19888"},{"taxonomy":"product_cat","embeddable":true,"href":"https:\/\/store.astieks.com\/et\/wp-json\/wp\/v2\/product_cat?post=19888"},{"taxonomy":"product_tag","embeddable":true,"href":"https:\/\/store.astieks.com\/et\/wp-json\/wp\/v2\/product_tag?post=19888"}],"curies":[{"name":"wp","href":"https:\/\/api.w.org\/{rel}","templated":true}]}}