{"id":19884,"date":"2026-03-05T14:39:20","date_gmt":"2026-03-05T12:39:20","guid":{"rendered":"https:\/\/store.astieks.com\/product\/lalique-100-points-universal-glass\/"},"modified":"2026-04-17T17:23:26","modified_gmt":"2026-04-17T15:23:26","slug":"lalique-100-points-universal-glass","status":"publish","type":"product","link":"https:\/\/store.astieks.com\/et\/product\/lalique-100-points-universal-glass\/","title":{"rendered":"LALIQUE 100 POINTS universaalne klaas"},"content":{"rendered":"<p>100 POINTS kollektsioon on rahvusvaheliselt tuntud veinikriitiku James Sucklingu ja Lalique\u2019i \u00fchine loom\u00ading.<\/p>\n<p>T\u00e4nu oma ainulaadsele kujule ja universaalsele l\u00e4henemisele on 100 POINTS kollektsiooni klaasid loodud esile tooma ja nautima k\u00f5iki veinisorte, \u0161ampanjat ja kangemaid alkohoolseid jooke.<\/p>\n<div><\/div>\n<div id=\"ProductAccordion-product_information\" class=\"accordion__content rte\">\n<ul>\n<li>L\u00e4bipaistev kristall<\/li>\n<li>Dimensions: H 22.2 x D 8.2 cm. Volume: 38 cl<\/li>\n<li>Weight: 0.18 kg<\/li>\n<li>Koost\u00f6\u00f6: James Suckling &amp; Lalique<\/li>\n<li>K\u00e4sitsi valmistatud Prantsusmaal<\/li>\n<\/ul>\n<\/div>\n","protected":false},"excerpt":{"rendered":"<p>100 POINTS kollektsioon on rahvusvaheliselt tuntud veinikriitiku James Sucklingu ja Lalique\u2019i \u00fchine loom\u00ading. T\u00e4nu oma ainulaadsele kujule ja universaalsele l\u00e4henemisele on 100 POINTS kollektsiooni klaasid loodud esile tooma ja nautima k\u00f5iki veinisorte, \u0161ampanjat ja kangemaid alkohoolseid jooke. L\u00e4bipaistev kristall Dimensions: H 22.2 x D 8.2 cm. Volume: 38 cl Weight: 0.18 kg Koost\u00f6\u00f6: James Suckling&#8230;<\/p>\n","protected":false},"featured_media":19819,"template":"","meta":{"_acf_changed":false},"product_brand":[],"product_cat":[273,268,275,278,703],"product_tag":[],"class_list":{"0":"post-19884","1":"product","2":"type-product","3":"status-publish","4":"has-post-thumbnail","6":"product_cat-klaasnoud","7":"product_cat-lauanoud","8":"product_cat-sampanja","9":"product_cat-vein","10":"product_cat-vesi","11":"nt-post-class","12":"","15":"excerpt-none","18":"first","19":"instock","20":"taxable","21":"shipping-taxable","22":"purchasable","23":"product-type-simple"},"acf":[],"_links":{"self":[{"href":"https:\/\/store.astieks.com\/et\/wp-json\/wp\/v2\/product\/19884","targetHints":{"allow":["GET"]}}],"collection":[{"href":"https:\/\/store.astieks.com\/et\/wp-json\/wp\/v2\/product"}],"about":[{"href":"https:\/\/store.astieks.com\/et\/wp-json\/wp\/v2\/types\/product"}],"version-history":[{"count":2,"href":"https:\/\/store.astieks.com\/et\/wp-json\/wp\/v2\/product\/19884\/revisions"}],"predecessor-version":[{"id":21123,"href":"https:\/\/store.astieks.com\/et\/wp-json\/wp\/v2\/product\/19884\/revisions\/21123"}],"wp:featuredmedia":[{"embeddable":true,"href":"https:\/\/store.astieks.com\/et\/wp-json\/wp\/v2\/media\/19819"}],"wp:attachment":[{"href":"https:\/\/store.astieks.com\/et\/wp-json\/wp\/v2\/media?parent=19884"}],"wp:term":[{"taxonomy":"product_brand","embeddable":true,"href":"https:\/\/store.astieks.com\/et\/wp-json\/wp\/v2\/product_brand?post=19884"},{"taxonomy":"product_cat","embeddable":true,"href":"https:\/\/store.astieks.com\/et\/wp-json\/wp\/v2\/product_cat?post=19884"},{"taxonomy":"product_tag","embeddable":true,"href":"https:\/\/store.astieks.com\/et\/wp-json\/wp\/v2\/product_tag?post=19884"}],"curies":[{"name":"wp","href":"https:\/\/api.w.org\/{rel}","templated":true}]}}