{"id":19803,"date":"2025-09-25T17:17:06","date_gmt":"2025-09-25T15:17:06","guid":{"rendered":"https:\/\/store.astieks.com\/product\/trudon-the-diffuser-ernesto-350-ml\/"},"modified":"2026-03-27T13:12:43","modified_gmt":"2026-03-27T11:12:43","slug":"trudon-the-diffuser-ernesto-350-ml","status":"publish","type":"product","link":"https:\/\/store.astieks.com\/et\/product\/trudon-the-diffuser-ernesto-350-ml\/","title":{"rendered":"TRUDON Difuusor \u00abErnesto\u00bb, 350 ml"},"content":{"rendered":"<p>Havanna hotelli toas, Revolutsiooni muutumatu p\u00e4ikese all: naha ja tubaka j\u00f5ulised, iseloomukad noodid p\u00f5imuvad puidupaneelide vahase vaikusega. Jahedas h\u00e4maruses virvendavad varjud koos sigarisuitsu ja relvaraudade kuma saatel. <\/p>\n<p>Aroomip\u00fcramiid<\/p>\n<p>\u00dclemised noodid: bergamot, greip, rumm<br \/>\nS\u00fcdamenoovid: tammepuu, nelk, labdanum, patchouli<br \/>\nBaasonoodid: tubakas, ambar, nahk, sammal, vanilje<\/p>\n","protected":false},"excerpt":{"rendered":"<div class=\"page-title-wrapper\">\n<p aria-labelledby=\"page-title-heading toolbar-amount\"><em>Nahk ja tubakas<\/em><\/p>\n<p aria-labelledby=\"page-title-heading toolbar-amount\"><strong><span class=\"base\" data-ui-id=\"page-title-wrapper\">Ernesto kollektsioon<\/span><\/strong><\/p>\n<\/div>\n<div class=\"category-description\">\n<div data-content-type=\"row\" data-appearance=\"contained\" data-element=\"main\">\n<div data-enable-parallax=\"0\" data-parallax-speed=\"0.5\" data-background-images=\"{}\" data-element=\"inner\">\n<div data-content-type=\"html\" data-appearance=\"default\" data-element=\"main\">\n<p>Havanna hotelli toas, Revolutsiooni muutumatu p\u00e4ikese all: naha ja tubaka j\u00f5ulised, iseloomukad noodid p\u00f5imuvad puidupaneelide vahase vaikusega. Jahedas h\u00e4maruses virvendavad varjud koos sigarisuitsu ja relvaraudade kuma saatel. <\/p>\n<\/div>\n<\/div>\n<\/div>\n<\/div>\n<p>Kodutarvikute kollektsioon tervitab uut ikooni: Trudoni difuuser liitub L\u2019OEuf\u2019i, toasprei ja La Promeneuse\u2019iga, et veelgi enam interj\u00f6\u00f6ri l\u00f5hnastada.<\/p>\n<p>Flaakon 350 ml on valmistatud Trudoni ikoonilisest rohelisest riffelitud klaasist ja kaunistatud kuldse embleemiga.<\/p>\n<p>Valmistatud k\u00e4sitsi samas klaasit\u00f6\u00f6kojas, kus toodetakse k\u00fc\u00fcnlaid. Diifuuseri \u00fclaosa on varustatud 100% taaskasutatava alumiiniumist r\u00f5ngaga, kuhu asetatakse 8 looduslikku musta rotangist pulka. <\/p>\n<p>Difuuser v\u00f5imaldab passiivset l\u00f5hnastamist 3 kuni 4 kuu jooksul.<\/p>\n<p>Eraldi t\u00e4idised on saadaval.<\/p>\n","protected":false},"featured_media":17516,"template":"","meta":{"_acf_changed":false},"product_brand":[492],"product_cat":[253,243,245],"product_tag":[],"class_list":{"0":"post-19803","1":"product","2":"type-product","3":"status-publish","4":"has-post-thumbnail","6":"product_brand-trudon-et","7":"product_cat-difuuserid","8":"product_cat-kingitused","9":"product_cat-kodulohnad","10":"nt-post-class","11":"","17":"first","18":"instock","19":"taxable","20":"shipping-taxable","21":"purchasable","22":"product-type-simple"},"acf":[],"_links":{"self":[{"href":"https:\/\/store.astieks.com\/et\/wp-json\/wp\/v2\/product\/19803","targetHints":{"allow":["GET"]}}],"collection":[{"href":"https:\/\/store.astieks.com\/et\/wp-json\/wp\/v2\/product"}],"about":[{"href":"https:\/\/store.astieks.com\/et\/wp-json\/wp\/v2\/types\/product"}],"version-history":[{"count":2,"href":"https:\/\/store.astieks.com\/et\/wp-json\/wp\/v2\/product\/19803\/revisions"}],"predecessor-version":[{"id":20419,"href":"https:\/\/store.astieks.com\/et\/wp-json\/wp\/v2\/product\/19803\/revisions\/20419"}],"wp:featuredmedia":[{"embeddable":true,"href":"https:\/\/store.astieks.com\/et\/wp-json\/wp\/v2\/media\/17516"}],"wp:attachment":[{"href":"https:\/\/store.astieks.com\/et\/wp-json\/wp\/v2\/media?parent=19803"}],"wp:term":[{"taxonomy":"product_brand","embeddable":true,"href":"https:\/\/store.astieks.com\/et\/wp-json\/wp\/v2\/product_brand?post=19803"},{"taxonomy":"product_cat","embeddable":true,"href":"https:\/\/store.astieks.com\/et\/wp-json\/wp\/v2\/product_cat?post=19803"},{"taxonomy":"product_tag","embeddable":true,"href":"https:\/\/store.astieks.com\/et\/wp-json\/wp\/v2\/product_tag?post=19803"}],"curies":[{"name":"wp","href":"https:\/\/api.w.org\/{rel}","templated":true}]}}