{"id":19778,"date":"2025-09-26T13:24:24","date_gmt":"2025-09-26T11:24:24","guid":{"rendered":"https:\/\/store.astieks.com\/product\/trudon-madeleine-candle-270-g\/"},"modified":"2026-03-27T15:06:37","modified_gmt":"2026-03-27T13:06:37","slug":"trudon-madeleine-candle-270-g","status":"publish","type":"product","link":"https:\/\/store.astieks.com\/et\/product\/trudon-madeleine-candle-270-g\/","title":{"rendered":"TRUDON \u201eMadeleine\u201c k\u00fc\u00fcnal, 270 g"},"content":{"rendered":"<p>Galoppeerides Versailles\u2019ist Marseille\u2019i, kandub Madeleine julge vaim tuules. Iiris, jasmiin ja roos katavad oma kroonlehed v\u00e4\u00e4rika nahaga. See vapper l\u00f5hn on austusavaldus Madeleine de Maupinile \u2014 andekale ratsanikkule, vehklemisoskajale ja 17. sajandi tuntud dissidendile.  <\/p>\n<p>Suurused:<br \/>K\u00f5rgus: 10,5 cm<br \/>L\u00e4bim\u00f5\u00f5t: 9 cm<\/p>\n<p>Kaal: 270 g \/ 9,5 untsi<\/p>\n<p>P\u00f5lemisaeg: 55\u201360 tundi<\/p>\n<p>K\u00fc\u00fcnla kasutusjuhised:<br \/>K\u00fc\u00fcnla t\u00e4isv\u00e4\u00e4rtusliku aroomi nautimiseks p\u00f5letage seda seni, kuni kogu pealmine vahakiht on sulanud.<br \/>\nKui kasutate samaaegselt mitu k\u00fc\u00fcnalt, j\u00e4tke nende vahele v\u00e4hemalt 30 cm vahet.<br \/>\n\u00c4rge kunagi j\u00e4tke p\u00f5levat k\u00fc\u00fcnalt j\u00e4relevalveta. \u00c4rge asetage tuulet\u00f5mbusesse. Hoidke lastele, kardinatele ja lemmikloomadele k\u00e4ttesaamatus kohas.<br \/>\nKui taht liigub, seadke see \u00f5rnalt tagasi keskpunkti, kuni vaha on veel sulanud. Enne uuesti s\u00fc\u00fctamist laske vahal tahkuda.   <\/p>\n","protected":false},"excerpt":{"rendered":"<p><em>Aroom: Lilleline nahk<\/em><\/p>\n<p>Trudoni klassika, Classic Candle sobib igaks s\u00fcndmuseks ning l\u00f5hnastab iga toa. Saadaval k\u00f5ikides l\u00f5hnades, on see k\u00f5ige ikoonilisem k\u00fc\u00fcnal. Need valmivad Trudoni t\u00f6\u00f6tubades Normandias, Prantsusmaal, kasutades meisterk\u00fc\u00fcnlavalmistajate v\u00f5rreldamatut oskusteavet.  <\/p>\n<dl>\n<dt>Aroomip\u00fcramiid<\/dt>\n<dt>Tipunoodid<\/dt>\n<dd>kastoreum, nelk, lavendel<\/dd>\n<dt>S\u00fcdamenoodid<\/dt>\n<dd>S\u00fcdamenoovid: iiris, jasmiin, roos, vetiver<\/dd>\n<dt>P\u00f5hjanoodid<\/dt>\n<dd>nahk, sammal, patchouli, tubakas<\/dd>\n<\/dl>\n","protected":false},"featured_media":17573,"template":"","meta":{"_acf_changed":false},"product_brand":[492],"product_cat":[243,245,249],"product_tag":[],"class_list":{"0":"post-19778","1":"product","2":"type-product","3":"status-publish","4":"has-post-thumbnail","6":"product_brand-trudon-et","7":"product_cat-kingitused","8":"product_cat-kodulohnad","9":"product_cat-kuunlad","10":"nt-post-class","11":"","17":"first","18":"instock","19":"taxable","20":"shipping-taxable","21":"purchasable","22":"product-type-simple"},"acf":[],"_links":{"self":[{"href":"https:\/\/store.astieks.com\/et\/wp-json\/wp\/v2\/product\/19778","targetHints":{"allow":["GET"]}}],"collection":[{"href":"https:\/\/store.astieks.com\/et\/wp-json\/wp\/v2\/product"}],"about":[{"href":"https:\/\/store.astieks.com\/et\/wp-json\/wp\/v2\/types\/product"}],"version-history":[{"count":1,"href":"https:\/\/store.astieks.com\/et\/wp-json\/wp\/v2\/product\/19778\/revisions"}],"predecessor-version":[{"id":20470,"href":"https:\/\/store.astieks.com\/et\/wp-json\/wp\/v2\/product\/19778\/revisions\/20470"}],"wp:featuredmedia":[{"embeddable":true,"href":"https:\/\/store.astieks.com\/et\/wp-json\/wp\/v2\/media\/17573"}],"wp:attachment":[{"href":"https:\/\/store.astieks.com\/et\/wp-json\/wp\/v2\/media?parent=19778"}],"wp:term":[{"taxonomy":"product_brand","embeddable":true,"href":"https:\/\/store.astieks.com\/et\/wp-json\/wp\/v2\/product_brand?post=19778"},{"taxonomy":"product_cat","embeddable":true,"href":"https:\/\/store.astieks.com\/et\/wp-json\/wp\/v2\/product_cat?post=19778"},{"taxonomy":"product_tag","embeddable":true,"href":"https:\/\/store.astieks.com\/et\/wp-json\/wp\/v2\/product_tag?post=19778"}],"curies":[{"name":"wp","href":"https:\/\/api.w.org\/{rel}","templated":true}]}}