{"id":19773,"date":"2025-09-26T13:38:19","date_gmt":"2025-09-26T11:38:19","guid":{"rendered":"https:\/\/store.astieks.com\/product\/trudon-madurai-candle-270-g\/"},"modified":"2026-03-26T18:41:51","modified_gmt":"2026-03-26T16:41:51","slug":"trudon-madurai-candle-270-g","status":"publish","type":"product","link":"https:\/\/store.astieks.com\/et\/product\/trudon-madurai-candle-270-g\/","title":{"rendered":"TRUDON Madura\u00ef K\u00fc\u00fcnal 270 g"},"content":{"rendered":"<p>Aroomip\u00fcramiid<\/p>\n<p>Tipunoodid<br \/>\nYlang-ylang<br \/>\nS\u00fcdamenoodid<br \/>\nSambac jasmiini absoluut<br \/>\nP\u00f5hjanoodid<br \/>\nBensoevaigu vaik<\/p>\n<p>K\u00fc\u00fcnla kasutusjuhised:<br \/>Selleks, et k\u00fc\u00fcnal avaldaks oma t\u00e4ieliku aroomi, p\u00f5letage seda kuni kogu pealmine vaha kiht on sulanud.<br \/>\nKui kasutate samaaegselt mitu k\u00fc\u00fcnalt, j\u00e4tke nende vahele v\u00e4hemalt 30 cm vahet.<br \/>\n\u00c4rge kunagi j\u00e4tke p\u00f5levat k\u00fc\u00fcnalt j\u00e4relevalveta. \u00c4rge asetage seda tuulet\u00f5mbusesse. Hoidke lastele, kardinatele ja lemmikloomadele k\u00e4ttesaamatus kohas.<br \/>\nKui taht liigub, seadke see \u00f5rnalt tagasi keskpunkti, kuni vaha on veel sulanud. Enne uuesti s\u00fc\u00fctamist laske vahal tahkuda.<br \/>\nKui ilmub must suits, l\u00f5igake tahe tipust. See peab olema puhas ja mitte pikem kui 5 mm.<br \/>\nKaitske alati pinda, millel k\u00fc\u00fcnal seisab (n\u00e4iteks puidust v\u00f5i keraamilise aluse abil).<br \/>\nKlaasi kaitsmiseks j\u00e4tke klassikalise suurusega k\u00fc\u00fcnla puhul alati v\u00e4hemalt 0,5 cm sulamata vahast. K\u00fc\u00fcnlad L\u2019Interm\u00e8de ja La Grande Bougie on varustatud tahepiirajatega ja kustuvad automaatselt, kui tahe nende juurde j\u00f5uab. (J\u00e4tke alati v\u00e4hemalt 3 cm sulamata vahast p\u00f5hjas.)<br \/>\nHoidke k\u00fc\u00fcnalt kuivas ja m\u00f5\u00f5dukas keskkonnas temperatuuril 15\u201327\u00b0 C (60\u201380\u00b0 F).<br \/>\nK\u00fc\u00fcnla esimene kasutamine peaks toimuma kahe esimese kuu jooksul p\u00e4rast selle k\u00e4ttesaamist.      <\/p>\n<p>Suurused: H: 10,5 cm \u00d8: 9 cm<\/p>\n<p>Kaal: 270 g \/ 9,5 untsi<\/p>\n<p>P\u00f5lemisaeg: 55 kuni 60 tundi<\/p>\n","protected":false},"excerpt":{"rendered":"<p>Aroomip\u00fcramiid Tipunoodid Ylang-ylang S\u00fcdamenoodid Sambac jasmiini absoluut P\u00f5hjanoodid Bensoevaigu vaik K\u00fc\u00fcnla kasutusjuhised:Selleks, et k\u00fc\u00fcnal avaldaks oma t\u00e4ieliku aroomi, p\u00f5letage seda kuni kogu pealmine vaha kiht on sulanud. Kui kasutate samaaegselt mitu k\u00fc\u00fcnalt, j\u00e4tke nende vahele v\u00e4hemalt 30 cm vahet. \u00c4rge kunagi j\u00e4tke p\u00f5levat k\u00fc\u00fcnalt j\u00e4relevalveta. \u00c4rge asetage seda tuulet\u00f5mbusesse. Hoidke lastele, kardinatele ja lemmikloomadele k\u00e4ttesaamatus&#8230;<\/p>\n","protected":false},"featured_media":17582,"template":"","meta":{"_acf_changed":false},"product_brand":[492],"product_cat":[243,245,249],"product_tag":[],"class_list":{"0":"post-19773","1":"product","2":"type-product","3":"status-publish","4":"has-post-thumbnail","6":"product_brand-trudon-et","7":"product_cat-kingitused","8":"product_cat-kodulohnad","9":"product_cat-kuunlad","10":"nt-post-class","11":"","14":"excerpt-none","17":"first","18":"instock","19":"taxable","20":"shipping-taxable","21":"purchasable","22":"product-type-simple"},"acf":[],"_links":{"self":[{"href":"https:\/\/store.astieks.com\/et\/wp-json\/wp\/v2\/product\/19773","targetHints":{"allow":["GET"]}}],"collection":[{"href":"https:\/\/store.astieks.com\/et\/wp-json\/wp\/v2\/product"}],"about":[{"href":"https:\/\/store.astieks.com\/et\/wp-json\/wp\/v2\/types\/product"}],"version-history":[{"count":1,"href":"https:\/\/store.astieks.com\/et\/wp-json\/wp\/v2\/product\/19773\/revisions"}],"predecessor-version":[{"id":20402,"href":"https:\/\/store.astieks.com\/et\/wp-json\/wp\/v2\/product\/19773\/revisions\/20402"}],"wp:featuredmedia":[{"embeddable":true,"href":"https:\/\/store.astieks.com\/et\/wp-json\/wp\/v2\/media\/17582"}],"wp:attachment":[{"href":"https:\/\/store.astieks.com\/et\/wp-json\/wp\/v2\/media?parent=19773"}],"wp:term":[{"taxonomy":"product_brand","embeddable":true,"href":"https:\/\/store.astieks.com\/et\/wp-json\/wp\/v2\/product_brand?post=19773"},{"taxonomy":"product_cat","embeddable":true,"href":"https:\/\/store.astieks.com\/et\/wp-json\/wp\/v2\/product_cat?post=19773"},{"taxonomy":"product_tag","embeddable":true,"href":"https:\/\/store.astieks.com\/et\/wp-json\/wp\/v2\/product_tag?post=19773"}],"curies":[{"name":"wp","href":"https:\/\/api.w.org\/{rel}","templated":true}]}}