{"id":19764,"date":"2025-09-26T14:21:20","date_gmt":"2025-09-26T12:21:20","guid":{"rendered":"https:\/\/store.astieks.com\/product\/trudon-medie-15-ml\/"},"modified":"2025-09-26T14:21:20","modified_gmt":"2025-09-26T12:21:20","slug":"trudon-medie-15-ml","status":"publish","type":"product","link":"https:\/\/store.astieks.com\/et\/product\/trudon-medie-15-ml\/","title":{"rendered":"TRUDON M\u00e9die, parf\u00fc\u00fcm 15 ml"},"content":{"rendered":"<p>Kerge v\u00e4rskus, mis avaneb nahal \u00f5rnalt ja j\u00e4tab maha meeldiva, sooja j\u00e4rell\u00f5hna, kus on noote amberist ja nahast.<br \/>Aroomip\u00fcramiid:<br \/>\n\u00dclemised noodid: mandariin, greip<br \/>\nS\u00fcdamenoovid: Prantsuse k\u00fcpress, Sambaci jasmiin<br \/>\nBaasonoodid: viiruk, vetiver<br \/>Koostis: vesi, alkohol, parf\u00fcmeeria kompositsioon ja ohutud aroomikomponendid, hoolikalt valitud mugava ja meeldiva l\u00f5hna tagamiseks.<\/p>\n","protected":false},"excerpt":{"rendered":"<p>Kerge v\u00e4rskus, mis asetub nahale pehmelt ja j\u00e4tab meeldiva j\u00e4rell\u00f5hna amberi ja naha nootidega.<br \/>Olfaktoriline p\u00fcramiid:<br \/>\n\u00dclemised noodid: mandariin, greip<br \/>\nS\u00fcdamenoovid: Prantsuse k\u00fcpress, Sambaci jasmiin<br \/>\nBaasonoodid: viiruk, vetiver<\/p>\n","protected":false},"featured_media":17603,"template":"","meta":{"_acf_changed":false},"product_brand":[492],"product_cat":[469,234,243],"product_tag":[],"class_list":{"0":"post-19764","1":"product","2":"type-product","3":"status-publish","4":"has-post-thumbnail","6":"product_brand-trudon-et","7":"product_cat-parfuumid","8":"product_cat-kehahooldus","9":"product_cat-kingitused","10":"nt-post-class","11":"","17":"first","18":"instock","19":"taxable","20":"shipping-taxable","21":"purchasable","22":"product-type-simple"},"acf":[],"_links":{"self":[{"href":"https:\/\/store.astieks.com\/et\/wp-json\/wp\/v2\/product\/19764","targetHints":{"allow":["GET"]}}],"collection":[{"href":"https:\/\/store.astieks.com\/et\/wp-json\/wp\/v2\/product"}],"about":[{"href":"https:\/\/store.astieks.com\/et\/wp-json\/wp\/v2\/types\/product"}],"version-history":[{"count":0,"href":"https:\/\/store.astieks.com\/et\/wp-json\/wp\/v2\/product\/19764\/revisions"}],"wp:featuredmedia":[{"embeddable":true,"href":"https:\/\/store.astieks.com\/et\/wp-json\/wp\/v2\/media\/17603"}],"wp:attachment":[{"href":"https:\/\/store.astieks.com\/et\/wp-json\/wp\/v2\/media?parent=19764"}],"wp:term":[{"taxonomy":"product_brand","embeddable":true,"href":"https:\/\/store.astieks.com\/et\/wp-json\/wp\/v2\/product_brand?post=19764"},{"taxonomy":"product_cat","embeddable":true,"href":"https:\/\/store.astieks.com\/et\/wp-json\/wp\/v2\/product_cat?post=19764"},{"taxonomy":"product_tag","embeddable":true,"href":"https:\/\/store.astieks.com\/et\/wp-json\/wp\/v2\/product_tag?post=19764"}],"curies":[{"name":"wp","href":"https:\/\/api.w.org\/{rel}","templated":true}]}}