{"id":19760,"date":"2025-09-26T14:27:38","date_gmt":"2025-09-26T12:27:38","guid":{"rendered":"https:\/\/store.astieks.com\/product\/trudon-midnight-omen-15-ml\/"},"modified":"2026-04-07T16:35:04","modified_gmt":"2026-04-07T14:35:04","slug":"trudon-midnight-omen-15-ml","status":"publish","type":"product","link":"https:\/\/store.astieks.com\/et\/product\/trudon-midnight-omen-15-ml\/","title":{"rendered":"TRUDON Midnight Omen parf\u00fc\u00fcm15 ml"},"content":{"rendered":"<p style=\"font-weight: 400;\">Ood luksusele ja k\u00fcllusele.<\/p>\n<p style=\"font-weight: 400;\">\u00d6\u00f6 \u00e4rkab ellu \u2014 julge, salap\u00e4rane, kaetud erkpunase kuma all. See lummab oma saladusega ja t\u00f5mbab ligi v\u00e4ljendusrikkaid siluette, otsides luksust, peenetundelisust ja eredaid elamusi. <\/p>\n<p style=\"font-weight: 400;\">P\u00f5hinedes k\u00f5rgtasemel parf\u00fcmeeria kogemusel, esitleb Trudon Nuit Rouge\u2019i \u2014 nende kaubam\u00e4rgile omaseid tugeva kontsentratsiooniga parf\u00fc\u00fcme. Kollektsioonis on kolm rafineeritud l\u00f5hna: 45\u00b0, Midnight Omen ja Mystique. Nuit Rouge toob esile rikkalikud ja intensiivsed parf\u00fcmeeriakreatsioonid.  <\/p>\n<p>&nbsp;<\/p>\n","protected":false},"excerpt":{"rendered":"<p><em>Mandariin, s\u00f5najala ja muskus.Mandarin, Violet and Muscs<\/em><\/p>\n<p style=\"font-weight: 400;\"><em>Salap\u00e4rane puidune-amberi l\u00f5hn.<\/em><\/p>\n<p style=\"font-weight: 400;\">Midnight Omeni l\u00f5i \u00c9milie Bouge \u2014 see on mitmekihiline, s\u00fcgav puidune-amberi kompositsioon, mis tekitab salap\u00e4rase t\u00f5mbej\u00f5u tunde. Julge ja intrigeeriv, vihjab see headele v\u00f5i saatuslikele m\u00e4rkidele, hoides kandjat ootuses. Kiusatus, oht, intriig \u2014 iga noot sosistab oma saladust.  <\/p>\n<p style=\"font-weight: 400;\">Kompositsioon avaneb s\u00e4ravate mandariini nootidega, sujuvalt liigub s\u00fcdamesse koos iirise ja s\u00f5najala aktsentidega ning l\u00f5peb v\u00e4\u00e4rika baasiga, mis koosneb seemisnahast ja haruldasest Nepaali sandlipuust.<\/p>\n<p>Aroomip\u00fcramiid<\/p>\n<p>\u00dclemised noodid: iiris, mandariin, pojeng, safran<br \/>\nS\u00fcdamenoovid: nahk, sandlipuu, s\u00f5najalg, kashmeer<br \/>\nBaasonoodid: sammal, muskus, patchouli<\/p>\n<p>&nbsp;<\/p>\n","protected":false},"featured_media":17612,"template":"","meta":{"_acf_changed":false},"product_brand":[492],"product_cat":[469,234,243],"product_tag":[],"class_list":{"0":"post-19760","1":"product","2":"type-product","3":"status-publish","4":"has-post-thumbnail","6":"product_brand-trudon-et","7":"product_cat-parfuumid","8":"product_cat-kehahooldus","9":"product_cat-kingitused","10":"nt-post-class","11":"","17":"first","18":"instock","19":"taxable","20":"shipping-taxable","21":"purchasable","22":"product-type-simple"},"acf":[],"_links":{"self":[{"href":"https:\/\/store.astieks.com\/et\/wp-json\/wp\/v2\/product\/19760","targetHints":{"allow":["GET"]}}],"collection":[{"href":"https:\/\/store.astieks.com\/et\/wp-json\/wp\/v2\/product"}],"about":[{"href":"https:\/\/store.astieks.com\/et\/wp-json\/wp\/v2\/types\/product"}],"version-history":[{"count":1,"href":"https:\/\/store.astieks.com\/et\/wp-json\/wp\/v2\/product\/19760\/revisions"}],"predecessor-version":[{"id":20710,"href":"https:\/\/store.astieks.com\/et\/wp-json\/wp\/v2\/product\/19760\/revisions\/20710"}],"wp:featuredmedia":[{"embeddable":true,"href":"https:\/\/store.astieks.com\/et\/wp-json\/wp\/v2\/media\/17612"}],"wp:attachment":[{"href":"https:\/\/store.astieks.com\/et\/wp-json\/wp\/v2\/media?parent=19760"}],"wp:term":[{"taxonomy":"product_brand","embeddable":true,"href":"https:\/\/store.astieks.com\/et\/wp-json\/wp\/v2\/product_brand?post=19760"},{"taxonomy":"product_cat","embeddable":true,"href":"https:\/\/store.astieks.com\/et\/wp-json\/wp\/v2\/product_cat?post=19760"},{"taxonomy":"product_tag","embeddable":true,"href":"https:\/\/store.astieks.com\/et\/wp-json\/wp\/v2\/product_tag?post=19760"}],"curies":[{"name":"wp","href":"https:\/\/api.w.org\/{rel}","templated":true}]}}