{"id":19752,"date":"2025-09-26T16:44:32","date_gmt":"2025-09-26T14:44:32","guid":{"rendered":"https:\/\/store.astieks.com\/product\/carriere-freres-tomato-candle-185-g\/"},"modified":"2026-03-27T14:24:29","modified_gmt":"2026-03-27T12:24:29","slug":"carriere-freres-tomato-candle-185-g","status":"publish","type":"product","link":"https:\/\/store.astieks.com\/et\/product\/carriere-freres-tomato-candle-185-g\/","title":{"rendered":"Carriere Freres \u201eTomato\u201c k\u00fc\u00fcnal, 185 g"},"content":{"rendered":"<p>Tarbi vastavalt vajadusele.<br \/>\n\u00dcllatav, ebatavaline ja peen aroom, mida saab nautida aastaringselt.<br \/>\nTomat on tuntud oma \u00f5hku puhastavate omaduste poolest.<\/p>\n<p>100% taimne vaha, Euroopa rapsiseemnetest.<\/p>\n<p>Valmistatud Prantsusmaal. Taimne vaha. <\/p>\n","protected":false},"excerpt":{"rendered":"<p>Nende taimne maitse \u2013 nii hapukas kui ka magus \u2013 tekitab naudingutunde. Roheline noot on tomatilehtede aroom. <\/p>\n<p>Tomatid kuuluvad maavitsate sugukonda ja on p\u00e4rit L\u00f5una-Ameerika loodeosast. Nende nimi tuleneb inkade s\u00f5na &#8220;tomalt&#8221; moonutusest. <\/p>\n","protected":false},"featured_media":17719,"template":"","meta":{"_acf_changed":false},"product_brand":[658],"product_cat":[243,245,249],"product_tag":[],"class_list":{"0":"post-19752","1":"product","2":"type-product","3":"status-publish","4":"has-post-thumbnail","6":"product_brand-carriere-freres","7":"product_cat-kingitused","8":"product_cat-kodulohnad","9":"product_cat-kuunlad","10":"nt-post-class","11":"","17":"first","18":"instock","19":"taxable","20":"shipping-taxable","21":"purchasable","22":"product-type-simple"},"acf":[],"_links":{"self":[{"href":"https:\/\/store.astieks.com\/et\/wp-json\/wp\/v2\/product\/19752","targetHints":{"allow":["GET"]}}],"collection":[{"href":"https:\/\/store.astieks.com\/et\/wp-json\/wp\/v2\/product"}],"about":[{"href":"https:\/\/store.astieks.com\/et\/wp-json\/wp\/v2\/types\/product"}],"version-history":[{"count":1,"href":"https:\/\/store.astieks.com\/et\/wp-json\/wp\/v2\/product\/19752\/revisions"}],"predecessor-version":[{"id":20455,"href":"https:\/\/store.astieks.com\/et\/wp-json\/wp\/v2\/product\/19752\/revisions\/20455"}],"wp:featuredmedia":[{"embeddable":true,"href":"https:\/\/store.astieks.com\/et\/wp-json\/wp\/v2\/media\/17719"}],"wp:attachment":[{"href":"https:\/\/store.astieks.com\/et\/wp-json\/wp\/v2\/media?parent=19752"}],"wp:term":[{"taxonomy":"product_brand","embeddable":true,"href":"https:\/\/store.astieks.com\/et\/wp-json\/wp\/v2\/product_brand?post=19752"},{"taxonomy":"product_cat","embeddable":true,"href":"https:\/\/store.astieks.com\/et\/wp-json\/wp\/v2\/product_cat?post=19752"},{"taxonomy":"product_tag","embeddable":true,"href":"https:\/\/store.astieks.com\/et\/wp-json\/wp\/v2\/product_tag?post=19752"}],"curies":[{"name":"wp","href":"https:\/\/api.w.org\/{rel}","templated":true}]}}