{"id":19750,"date":"2025-09-26T17:22:26","date_gmt":"2025-09-26T15:22:26","guid":{"rendered":"https:\/\/store.astieks.com\/product\/carriere-freres-tiare-candle-185-g\/"},"modified":"2026-03-27T14:22:34","modified_gmt":"2026-03-27T12:22:34","slug":"carriere-freres-tiare-candle-185-g","status":"publish","type":"product","link":"https:\/\/store.astieks.com\/et\/product\/carriere-freres-tiare-candle-185-g\/","title":{"rendered":"CARRIERE FRERES \u201eTiare\u201c k\u00fc\u00fcnal, 185 g"},"content":{"rendered":"<p>100% taimne vaha, Euroopa rapsiseemnetest.<\/p>\n<p>Valmistatud Prantsusmaal. Taimne vaha. <\/p>\n","protected":false},"excerpt":{"rendered":"<p>T\u00f5eline kutse r\u00e4nnakule \u2013 tiare lille l\u00f5hn on \u00e4ratuntav tuhandete seast. Selle lillelised ja magusad noodid loovad ainulaadse kompositsiooni, millel on rikkalik ja sensuaalne magusus ning \u00f5rnad tuberoosi aktsendid. <\/p>\n<p>Tiare seostub Pol\u00fcneesia ja pikkade suvep\u00e4evadega. Seda lille kasutatakse laialdaselt Pol\u00fcneesia traditsioonilises ravipraktikas ning see on tuntud oma omaduste poolest:<br \/>\u2713 aitab v\u00f5idelda v\u00e4simusega,<br \/>\n\u2713 omab puhastavaid ja antiseptilisi omadusi,<br \/>\n\u2713 m\u00f5jub rahustavalt. <\/p>\n","protected":false},"featured_media":17754,"template":"","meta":{"_acf_changed":false},"product_brand":[492],"product_cat":[243,245,249],"product_tag":[],"class_list":{"0":"post-19750","1":"product","2":"type-product","3":"status-publish","4":"has-post-thumbnail","6":"product_brand-trudon-et","7":"product_cat-kingitused","8":"product_cat-kodulohnad","9":"product_cat-kuunlad","10":"nt-post-class","11":"","17":"first","18":"instock","19":"taxable","20":"shipping-taxable","21":"purchasable","22":"product-type-simple"},"acf":[],"_links":{"self":[{"href":"https:\/\/store.astieks.com\/et\/wp-json\/wp\/v2\/product\/19750","targetHints":{"allow":["GET"]}}],"collection":[{"href":"https:\/\/store.astieks.com\/et\/wp-json\/wp\/v2\/product"}],"about":[{"href":"https:\/\/store.astieks.com\/et\/wp-json\/wp\/v2\/types\/product"}],"version-history":[{"count":1,"href":"https:\/\/store.astieks.com\/et\/wp-json\/wp\/v2\/product\/19750\/revisions"}],"predecessor-version":[{"id":20453,"href":"https:\/\/store.astieks.com\/et\/wp-json\/wp\/v2\/product\/19750\/revisions\/20453"}],"wp:featuredmedia":[{"embeddable":true,"href":"https:\/\/store.astieks.com\/et\/wp-json\/wp\/v2\/media\/17754"}],"wp:attachment":[{"href":"https:\/\/store.astieks.com\/et\/wp-json\/wp\/v2\/media?parent=19750"}],"wp:term":[{"taxonomy":"product_brand","embeddable":true,"href":"https:\/\/store.astieks.com\/et\/wp-json\/wp\/v2\/product_brand?post=19750"},{"taxonomy":"product_cat","embeddable":true,"href":"https:\/\/store.astieks.com\/et\/wp-json\/wp\/v2\/product_cat?post=19750"},{"taxonomy":"product_tag","embeddable":true,"href":"https:\/\/store.astieks.com\/et\/wp-json\/wp\/v2\/product_tag?post=19750"}],"curies":[{"name":"wp","href":"https:\/\/api.w.org\/{rel}","templated":true}]}}