{"id":19745,"date":"2025-09-26T17:39:26","date_gmt":"2025-09-26T15:39:26","guid":{"rendered":"https:\/\/store.astieks.com\/product\/carriere-freres-ginger-diffuser-200-ml\/"},"modified":"2026-03-27T14:20:51","modified_gmt":"2026-03-27T12:20:51","slug":"carriere-freres-ginger-diffuser-200-ml","status":"publish","type":"product","link":"https:\/\/store.astieks.com\/et\/product\/carriere-freres-ginger-diffuser-200-ml\/","title":{"rendered":"CARRIERE FRERES \u201eIngver\u201c aroomidifuusor, 200 ml"},"content":{"rendered":"<p>Selle soe ja ergutav aroom sobib igaks aastaajaks.<br \/>Tuntud oma paljude vooruste poolest \u2013 sealhulgas afrodisiaaksete omaduste t\u00f5ttu \u2013 aitab see:<br \/>\n\u2713 parandada keskendumisv\u00f5imet,<br \/>\n\u2713 arendada loovust,<br \/>\n\u2713 leevendada v\u00e4simust,<br \/>\n\u2713 t\u00f5sta loomulikul viisil toonust. <\/p>\n<p>100% looduslik alkohol Prantsuse peedist. 100% taaskasutatud ja taaskasutatav klaas. <\/p>\n<p>Valmistatud Prantsusmaal. Taimne vaha. <\/p>\n","protected":false},"excerpt":{"rendered":"<p>Selle soe ja v\u00fcrtsikas l\u00f5hn avaneb ergutavate, v\u00e4rskendavate ja stimuleerivate nootidega. \u00d5rn piprane n\u00fcanss p\u00f5imub harmooniliselt taime v\u00e4rskusega. <\/p>\n<p>Ingver on Aasiast p\u00e4rit mitmeaastane taim valgete \u00f5itega, mida kaunistavad punased t\u00e4pid. See avastati Hiinas enam kui 2500 aastat tagasi ning seda hinnatakse k\u00f5rgelt selle kulinaarsete, raviomaduste ja aromaatsete omaduste poolest. <\/p>\n","protected":false},"featured_media":17778,"template":"","meta":{"_acf_changed":false},"product_brand":[658],"product_cat":[253,243,245],"product_tag":[],"class_list":{"0":"post-19745","1":"product","2":"type-product","3":"status-publish","4":"has-post-thumbnail","6":"product_brand-carriere-freres","7":"product_cat-difuuserid","8":"product_cat-kingitused","9":"product_cat-kodulohnad","10":"nt-post-class","11":"","17":"first","18":"instock","19":"taxable","20":"shipping-taxable","21":"purchasable","22":"product-type-simple"},"acf":[],"_links":{"self":[{"href":"https:\/\/store.astieks.com\/et\/wp-json\/wp\/v2\/product\/19745","targetHints":{"allow":["GET"]}}],"collection":[{"href":"https:\/\/store.astieks.com\/et\/wp-json\/wp\/v2\/product"}],"about":[{"href":"https:\/\/store.astieks.com\/et\/wp-json\/wp\/v2\/types\/product"}],"version-history":[{"count":1,"href":"https:\/\/store.astieks.com\/et\/wp-json\/wp\/v2\/product\/19745\/revisions"}],"predecessor-version":[{"id":20451,"href":"https:\/\/store.astieks.com\/et\/wp-json\/wp\/v2\/product\/19745\/revisions\/20451"}],"wp:featuredmedia":[{"embeddable":true,"href":"https:\/\/store.astieks.com\/et\/wp-json\/wp\/v2\/media\/17778"}],"wp:attachment":[{"href":"https:\/\/store.astieks.com\/et\/wp-json\/wp\/v2\/media?parent=19745"}],"wp:term":[{"taxonomy":"product_brand","embeddable":true,"href":"https:\/\/store.astieks.com\/et\/wp-json\/wp\/v2\/product_brand?post=19745"},{"taxonomy":"product_cat","embeddable":true,"href":"https:\/\/store.astieks.com\/et\/wp-json\/wp\/v2\/product_cat?post=19745"},{"taxonomy":"product_tag","embeddable":true,"href":"https:\/\/store.astieks.com\/et\/wp-json\/wp\/v2\/product_tag?post=19745"}],"curies":[{"name":"wp","href":"https:\/\/api.w.org\/{rel}","templated":true}]}}