{"id":19734,"date":"2025-09-26T17:47:58","date_gmt":"2025-09-26T15:47:58","guid":{"rendered":"https:\/\/store.astieks.com\/product\/carriere-freres-la-rose-aime-la-menthe-diffuser-200-ml\/"},"modified":"2026-03-27T14:19:04","modified_gmt":"2026-03-27T12:19:04","slug":"carriere-freres-la-rose-aime-la-menthe-diffuser-200-ml","status":"publish","type":"product","link":"https:\/\/store.astieks.com\/et\/product\/carriere-freres-la-rose-aime-la-menthe-diffuser-200-ml\/","title":{"rendered":"Aroomidifuusor CARRIERE FRERES \u00abRoos ja m\u00fcnt\u00bb, 200 ml"},"content":{"rendered":"<p>Lisaks roosi kasulikele omadustele on ka m\u00fcndil mitmeid v\u00e4\u00e4rtuslikke toimeid. Koos aitavad nende omadused:<br \/>\n\u2713 leevendada \u00e4revust, pingeid ja uneh\u00e4ireid,<br \/>\n\u2713 rahustada n\u00e4rvis\u00fcsteemi,<br \/>\n\u2713 soodustada l\u00f5\u00f5gastumist,<br \/>\n\u2713 luua ps\u00fchho-emotsionaalset tasakaalu,<br \/>\n\u2713 v\u00e4hendada stressi ja liigseid emotsioone,<br \/>\n\u2713 toniseerida, samal ajal rahustades ja l\u00f5dvestades. <\/p>\n<p>100% looduslik alkohol Prantsuse peedist. 100% taaskasutatud ja taaskasutatav klaas. <\/p>\n<p>Valmistatud Prantsusmaal. Taimne vaha. <\/p>\n","protected":false},"excerpt":{"rendered":"<p>Ainulaadne lilleline, s\u00e4rav, v\u00e4rske ja roheline kooslus. Jahedas t\u00f5useb esile m\u00fcnt, mis muutub roosist intensiivsemaks; soojas t\u00e4idab \u00f5hku roosi aroom, millele lisandub \u00f5rn v\u00e4rskendav n\u00fcanss. <\/p>\n<p>\u201eLillede kuninganna\u201c, T\u00fcrgist p\u00e4rit damaskuse roos, on l\u00e4bi aegade olnud hinnatud Hiinast P\u00e4rsiani. Jumaliku s\u00fcmbolina sobib see suurep\u00e4raselt kokku rohem\u00fcndiga \u2013 mitmeaastase taimega, mida leidub sageli P\u00f5hja-Aafrika turgudel ja paleedes. Koos loovad nad \u00f5rna ja lummava iseloomuga aroomi.  <\/p>\n","protected":false},"featured_media":17803,"template":"","meta":{"_acf_changed":false},"product_brand":[658],"product_cat":[253,243,245],"product_tag":[],"class_list":{"0":"post-19734","1":"product","2":"type-product","3":"status-publish","4":"has-post-thumbnail","6":"product_brand-carriere-freres","7":"product_cat-difuuserid","8":"product_cat-kingitused","9":"product_cat-kodulohnad","10":"nt-post-class","11":"","17":"first","18":"instock","19":"taxable","20":"shipping-taxable","21":"purchasable","22":"product-type-simple"},"acf":[],"_links":{"self":[{"href":"https:\/\/store.astieks.com\/et\/wp-json\/wp\/v2\/product\/19734","targetHints":{"allow":["GET"]}}],"collection":[{"href":"https:\/\/store.astieks.com\/et\/wp-json\/wp\/v2\/product"}],"about":[{"href":"https:\/\/store.astieks.com\/et\/wp-json\/wp\/v2\/types\/product"}],"version-history":[{"count":1,"href":"https:\/\/store.astieks.com\/et\/wp-json\/wp\/v2\/product\/19734\/revisions"}],"predecessor-version":[{"id":20449,"href":"https:\/\/store.astieks.com\/et\/wp-json\/wp\/v2\/product\/19734\/revisions\/20449"}],"wp:featuredmedia":[{"embeddable":true,"href":"https:\/\/store.astieks.com\/et\/wp-json\/wp\/v2\/media\/17803"}],"wp:attachment":[{"href":"https:\/\/store.astieks.com\/et\/wp-json\/wp\/v2\/media?parent=19734"}],"wp:term":[{"taxonomy":"product_brand","embeddable":true,"href":"https:\/\/store.astieks.com\/et\/wp-json\/wp\/v2\/product_brand?post=19734"},{"taxonomy":"product_cat","embeddable":true,"href":"https:\/\/store.astieks.com\/et\/wp-json\/wp\/v2\/product_cat?post=19734"},{"taxonomy":"product_tag","embeddable":true,"href":"https:\/\/store.astieks.com\/et\/wp-json\/wp\/v2\/product_tag?post=19734"}],"curies":[{"name":"wp","href":"https:\/\/api.w.org\/{rel}","templated":true}]}}