{"id":19732,"date":"2025-09-27T10:44:24","date_gmt":"2025-09-27T08:44:24","guid":{"rendered":"https:\/\/store.astieks.com\/product\/trudon-tomato-diffuser-200-ml\/"},"modified":"2026-03-27T14:10:15","modified_gmt":"2026-03-27T12:10:15","slug":"trudon-tomato-diffuser-200-ml","status":"publish","type":"product","link":"https:\/\/store.astieks.com\/et\/product\/trudon-tomato-diffuser-200-ml\/","title":{"rendered":"CARRIERE FRERES Tomati aroomidifuusor 200 ml"},"content":{"rendered":"<p>Tarbi vastavalt vajadusele.<br \/>\n\u00dcllatav, ebatavaline ja peen aroom, mida saab nautida aastaringselt.<br \/>\nTomat on tuntud oma \u00f5hku puhastavate omaduste poolest.<\/p>\n<p>100% looduslik alkohol Prantsuse peedist. 100% taaskasutatud ja taaskasutatav klaas. <\/p>\n<p>Valmistatud Prantsusmaal. Taimne vaha. <\/p>\n","protected":false},"excerpt":{"rendered":"<p>Nende taimne maitse \u2013 nii hapukas kui ka magus \u2013 tekitab naudingutunde. Roheline noot on tomatilehtede aroom. <\/p>\n<p>Tomatid kuuluvad maavitsate sugukonda ja on p\u00e4rit L\u00f5una-Ameerika loodeosast. Nende nimi tuleneb inkade s\u00f5na &#8220;tomalt&#8221; moonutusest. <\/p>\n","protected":false},"featured_media":17816,"template":"","meta":{"_acf_changed":false},"product_brand":[658],"product_cat":[253,243,245],"product_tag":[],"class_list":{"0":"post-19732","1":"product","2":"type-product","3":"status-publish","4":"has-post-thumbnail","6":"product_brand-carriere-freres","7":"product_cat-difuuserid","8":"product_cat-kingitused","9":"product_cat-kodulohnad","10":"nt-post-class","11":"","17":"first","18":"instock","19":"taxable","20":"shipping-taxable","21":"purchasable","22":"product-type-simple"},"acf":[],"_links":{"self":[{"href":"https:\/\/store.astieks.com\/et\/wp-json\/wp\/v2\/product\/19732","targetHints":{"allow":["GET"]}}],"collection":[{"href":"https:\/\/store.astieks.com\/et\/wp-json\/wp\/v2\/product"}],"about":[{"href":"https:\/\/store.astieks.com\/et\/wp-json\/wp\/v2\/types\/product"}],"version-history":[{"count":1,"href":"https:\/\/store.astieks.com\/et\/wp-json\/wp\/v2\/product\/19732\/revisions"}],"predecessor-version":[{"id":20447,"href":"https:\/\/store.astieks.com\/et\/wp-json\/wp\/v2\/product\/19732\/revisions\/20447"}],"wp:featuredmedia":[{"embeddable":true,"href":"https:\/\/store.astieks.com\/et\/wp-json\/wp\/v2\/media\/17816"}],"wp:attachment":[{"href":"https:\/\/store.astieks.com\/et\/wp-json\/wp\/v2\/media?parent=19732"}],"wp:term":[{"taxonomy":"product_brand","embeddable":true,"href":"https:\/\/store.astieks.com\/et\/wp-json\/wp\/v2\/product_brand?post=19732"},{"taxonomy":"product_cat","embeddable":true,"href":"https:\/\/store.astieks.com\/et\/wp-json\/wp\/v2\/product_cat?post=19732"},{"taxonomy":"product_tag","embeddable":true,"href":"https:\/\/store.astieks.com\/et\/wp-json\/wp\/v2\/product_tag?post=19732"}],"curies":[{"name":"wp","href":"https:\/\/api.w.org\/{rel}","templated":true}]}}