{"id":19730,"date":"2025-09-27T11:03:34","date_gmt":"2025-09-27T09:03:34","guid":{"rendered":"https:\/\/store.astieks.com\/product\/trudon-lavender-diffuser-200-ml\/"},"modified":"2026-03-27T14:09:05","modified_gmt":"2026-03-27T12:09:05","slug":"trudon-lavender-diffuser-200-ml","status":"publish","type":"product","link":"https:\/\/store.astieks.com\/et\/product\/trudon-lavender-diffuser-200-ml\/","title":{"rendered":"CARRIERE FRERES Lavendli l\u00f5hnaga difuusor 200 ml"},"content":{"rendered":"<p>Ilusate p\u00e4evade l\u00f5hn \u2013 lavendel meenutab suve.<br \/>\nSellel on l\u00f5\u00f5gastav toime ja see on tuntud oma omaduste poolest:<br \/>\n\u2713 Leevendab \u00e4revust, n\u00e4rvilisust ja rahutust,<br \/>\n\u2713 Soodustab kiiret und,<br \/>\n\u2713 Edendab rahulikku und,<br \/>\n\u2713 Aitab v\u00e4hendada erutuvust ja unetust.<\/p>\n<p>100% looduslik alkohol Prantsuse peedist. 100% taaskasutatud ja taaskasutatav klaas. <\/p>\n<p>Valmistatud Prantsusmaal. Taimne vaha. <\/p>\n","protected":false},"excerpt":{"rendered":"<p>Lavendli v\u00e4rske aroom on \u00fchtaegu metsik ja meditsiiniline, kohati tugev, iseloomulik suvehooajale. Lavendel on \u00fcks ikoonilisemaid aromaatseid taimi. <\/p>\n<p>Lavendel kasvab metsikult L\u00f5una-Prantsusmaal: see on v\u00e4ga l\u00f5hnav, selle \u00f5ied \u00f5itsevad suvel ja selle aroom meenutab loomulikult Provence&#8217;i. See on hallikasroheline, p\u00f5\u00f5sasjas p\u00f5\u00f5sas, mille v\u00f5sasid kroonivad arvukad sirelilillad \u00f5isikud. <\/p>\n","protected":false},"featured_media":17836,"template":"","meta":{"_acf_changed":false},"product_brand":[492],"product_cat":[253,243,245],"product_tag":[],"class_list":{"0":"post-19730","1":"product","2":"type-product","3":"status-publish","4":"has-post-thumbnail","6":"product_brand-trudon-et","7":"product_cat-difuuserid","8":"product_cat-kingitused","9":"product_cat-kodulohnad","10":"nt-post-class","11":"","17":"first","18":"instock","19":"taxable","20":"shipping-taxable","21":"purchasable","22":"product-type-simple"},"acf":[],"_links":{"self":[{"href":"https:\/\/store.astieks.com\/et\/wp-json\/wp\/v2\/product\/19730","targetHints":{"allow":["GET"]}}],"collection":[{"href":"https:\/\/store.astieks.com\/et\/wp-json\/wp\/v2\/product"}],"about":[{"href":"https:\/\/store.astieks.com\/et\/wp-json\/wp\/v2\/types\/product"}],"version-history":[{"count":1,"href":"https:\/\/store.astieks.com\/et\/wp-json\/wp\/v2\/product\/19730\/revisions"}],"predecessor-version":[{"id":20445,"href":"https:\/\/store.astieks.com\/et\/wp-json\/wp\/v2\/product\/19730\/revisions\/20445"}],"wp:featuredmedia":[{"embeddable":true,"href":"https:\/\/store.astieks.com\/et\/wp-json\/wp\/v2\/media\/17836"}],"wp:attachment":[{"href":"https:\/\/store.astieks.com\/et\/wp-json\/wp\/v2\/media?parent=19730"}],"wp:term":[{"taxonomy":"product_brand","embeddable":true,"href":"https:\/\/store.astieks.com\/et\/wp-json\/wp\/v2\/product_brand?post=19730"},{"taxonomy":"product_cat","embeddable":true,"href":"https:\/\/store.astieks.com\/et\/wp-json\/wp\/v2\/product_cat?post=19730"},{"taxonomy":"product_tag","embeddable":true,"href":"https:\/\/store.astieks.com\/et\/wp-json\/wp\/v2\/product_tag?post=19730"}],"curies":[{"name":"wp","href":"https:\/\/api.w.org\/{rel}","templated":true}]}}