{"id":19727,"date":"2025-09-27T11:34:16","date_gmt":"2025-09-27T09:34:16","guid":{"rendered":"https:\/\/store.astieks.com\/product\/trudon-cypress-diffuser-200-ml\/"},"modified":"2026-03-27T14:07:13","modified_gmt":"2026-03-27T12:07:13","slug":"trudon-cypress-diffuser-200-ml","status":"publish","type":"product","link":"https:\/\/store.astieks.com\/et\/product\/trudon-cypress-diffuser-200-ml\/","title":{"rendered":"Carriere Freres K\u00fcpressi l\u00f5hnaga difuusor 200 ml"},"content":{"rendered":"<p>Sihvakas okaspuu, mis on tuntud oma suuruse ja tugevuse poolest, tekitab talvetunnetuse.<\/p>\n<p>V\u00e4rske ja tuntud oma omaduste poolest:<\/p>\n<p>Loomulikult eluj\u00f5u s\u00e4ilitamine.<\/p>\n<p>100% looduslik alkohol Prantsuse peedist. 100% taaskasutatud ja taaskasutatav klaas. <\/p>\n<p>Valmistatud Prantsusmaal. Taimne vaha. <\/p>\n","protected":false},"excerpt":{"rendered":"<p>K\u00fcpress eritab rikkalikku, puidust aroomi. See toob esile puitunud, v\u00e4rsked ja aromaatsed noodid. Selle vaigune koostis kombineerub samblasete nootidega, mis meenutavad metsa l\u00f5hna.  <\/p>\n<p>K\u00fcpress on igihaljas puu k\u00fcpressiliste sugukonnast. See on sihvakas okaspuu, mis ulatub kuni 40 meetri k\u00f5rguseks. Selle nimi p\u00e4rineb Kreeka m\u00fctoloogiast: legendi j\u00e4rgi muutis Apollo Telephose poja k\u00fcpressi k\u00fcpressiks. K\u00fcpress kasvab p\u00f5hjapoolkera soojades ja parasv\u00f6\u00f6tme piirkondades.  <\/p>\n","protected":false},"featured_media":17852,"template":"","meta":{"_acf_changed":false},"product_brand":[658],"product_cat":[253,243,245],"product_tag":[],"class_list":{"0":"post-19727","1":"product","2":"type-product","3":"status-publish","4":"has-post-thumbnail","6":"product_brand-carriere-freres","7":"product_cat-difuuserid","8":"product_cat-kingitused","9":"product_cat-kodulohnad","10":"nt-post-class","11":"","17":"first","18":"instock","19":"taxable","20":"shipping-taxable","21":"purchasable","22":"product-type-simple"},"acf":[],"_links":{"self":[{"href":"https:\/\/store.astieks.com\/et\/wp-json\/wp\/v2\/product\/19727","targetHints":{"allow":["GET"]}}],"collection":[{"href":"https:\/\/store.astieks.com\/et\/wp-json\/wp\/v2\/product"}],"about":[{"href":"https:\/\/store.astieks.com\/et\/wp-json\/wp\/v2\/types\/product"}],"version-history":[{"count":1,"href":"https:\/\/store.astieks.com\/et\/wp-json\/wp\/v2\/product\/19727\/revisions"}],"predecessor-version":[{"id":19729,"href":"https:\/\/store.astieks.com\/et\/wp-json\/wp\/v2\/product\/19727\/revisions\/19729"}],"wp:featuredmedia":[{"embeddable":true,"href":"https:\/\/store.astieks.com\/et\/wp-json\/wp\/v2\/media\/17852"}],"wp:attachment":[{"href":"https:\/\/store.astieks.com\/et\/wp-json\/wp\/v2\/media?parent=19727"}],"wp:term":[{"taxonomy":"product_brand","embeddable":true,"href":"https:\/\/store.astieks.com\/et\/wp-json\/wp\/v2\/product_brand?post=19727"},{"taxonomy":"product_cat","embeddable":true,"href":"https:\/\/store.astieks.com\/et\/wp-json\/wp\/v2\/product_cat?post=19727"},{"taxonomy":"product_tag","embeddable":true,"href":"https:\/\/store.astieks.com\/et\/wp-json\/wp\/v2\/product_tag?post=19727"}],"curies":[{"name":"wp","href":"https:\/\/api.w.org\/{rel}","templated":true}]}}