{"id":19724,"date":"2025-09-27T11:41:25","date_gmt":"2025-09-27T09:41:25","guid":{"rendered":"https:\/\/store.astieks.com\/product\/trudon-yuzu-diffuser-200-ml\/"},"modified":"2026-03-27T14:01:47","modified_gmt":"2026-03-27T12:01:47","slug":"trudon-yuzu-diffuser-200-ml","status":"publish","type":"product","link":"https:\/\/store.astieks.com\/et\/product\/trudon-yuzu-diffuser-200-ml\/","title":{"rendered":"CARRIERE FRERES Yuzu difuusor 200 ml"},"content":{"rendered":"<p>Yuzut on sajandeid kasutatud traditsioonilises meditsiinis selle paljude kasulike omaduste t\u00f5ttu. See on tuntud j\u00e4rgmiste omaduste poolest: <\/p>\n<p><span data-sheets-value=\"{\"1\":2,\"2\":\"An ideal fragrance for bringing freshness to hot summer nights. \\nCharacterised by its acidity, Siracusa lemon is known for its medicinal properties and its fresh, invigorating scent. It helps to:\\n-\\tFight against depression and poor spirits,\\n-\\tNaturally stimulate and invigorate,\\n-\\tPurify and deodorise the air.\\n\"}\" data-sheets-userformat=\"{\"2\":12607,\"3\":{\"1\":0,\"3\":1},\"4\":{\"1\":2,\"2\":16767334},\"5\":{\"1\":[{\"1\":2,\"2\":0,\"5\":{\"1\":2,\"2\":0}},{\"1\":0,\"2\":0,\"3\":3},{\"1\":1,\"2\":0,\"4\":1}]},\"6\":{\"1\":[{\"1\":2,\"2\":0,\"5\":{\"1\":2,\"2\":0}},{\"1\":0,\"2\":0,\"3\":3},{\"1\":1,\"2\":0,\"4\":1}]},\"7\":{\"1\":[{\"1\":2,\"2\":0,\"5\":{\"1\":2,\"2\":0}},{\"1\":0,\"2\":0,\"3\":3},{\"1\":1,\"2\":0,\"4\":1}]},\"8\":{\"1\":[{\"1\":2,\"2\":0,\"5\":{\"1\":2,\"2\":0}},{\"1\":0,\"2\":0,\"3\":3},{\"1\":1,\"2\":0,\"4\":1}]},\"11\":4,\"15\":\"Arial\",\"16\":10}\">\u2713 Edendab vaimset heaolu<br \/>\n\u2713 L\u00f5\u00f5gastavad omadused<br \/>\n\u2713 Edendab und<\/span><\/p>\n<p>100% looduslik alkohol Prantsuse peedist. 100% taaskasutatud ja taaskasutatav klaas. <\/p>\n<p>Valmistatud Prantsusmaal. Taimne vaha. <\/p>\n","protected":false},"excerpt":{"rendered":"<p>Toonilise yuzu aroom on keerukam kui sidrunil, teravam kui apelsinil ja ennek\u00f5ike eksootilisem. Selle l\u00f5hn tekitab loomulikult suvise v\u00e4rskuse, hapuka iseloomu ja s\u00e4rtsakaid rohelisi aktsente. Selle aroomis on peened tee noodid, valgete lille kroonlehtede peen noot ja kerge muskuslik loor.  <\/p>\n<p>Jaapanis ja Koreas kasvatatud ja austatud yuzu omab olulist kohta idakultuuris. Sidrunit meenutav maitse on laimi, kollase mandariini ja apelsini segu. \u00dchendades v\u00e4rskuse ja eksootika, elavdab ja annab selle aroom energiat.  <\/p>\n","protected":false},"featured_media":17875,"template":"","meta":{"_acf_changed":false},"product_brand":[658],"product_cat":[253,243,245],"product_tag":[],"class_list":{"0":"post-19724","1":"product","2":"type-product","3":"status-publish","4":"has-post-thumbnail","6":"product_brand-carriere-freres","7":"product_cat-difuuserid","8":"product_cat-kingitused","9":"product_cat-kodulohnad","10":"nt-post-class","11":"","17":"first","18":"instock","19":"taxable","20":"shipping-taxable","21":"purchasable","22":"product-type-simple"},"acf":[],"_links":{"self":[{"href":"https:\/\/store.astieks.com\/et\/wp-json\/wp\/v2\/product\/19724","targetHints":{"allow":["GET"]}}],"collection":[{"href":"https:\/\/store.astieks.com\/et\/wp-json\/wp\/v2\/product"}],"about":[{"href":"https:\/\/store.astieks.com\/et\/wp-json\/wp\/v2\/types\/product"}],"version-history":[{"count":1,"href":"https:\/\/store.astieks.com\/et\/wp-json\/wp\/v2\/product\/19724\/revisions"}],"predecessor-version":[{"id":20443,"href":"https:\/\/store.astieks.com\/et\/wp-json\/wp\/v2\/product\/19724\/revisions\/20443"}],"wp:featuredmedia":[{"embeddable":true,"href":"https:\/\/store.astieks.com\/et\/wp-json\/wp\/v2\/media\/17875"}],"wp:attachment":[{"href":"https:\/\/store.astieks.com\/et\/wp-json\/wp\/v2\/media?parent=19724"}],"wp:term":[{"taxonomy":"product_brand","embeddable":true,"href":"https:\/\/store.astieks.com\/et\/wp-json\/wp\/v2\/product_brand?post=19724"},{"taxonomy":"product_cat","embeddable":true,"href":"https:\/\/store.astieks.com\/et\/wp-json\/wp\/v2\/product_cat?post=19724"},{"taxonomy":"product_tag","embeddable":true,"href":"https:\/\/store.astieks.com\/et\/wp-json\/wp\/v2\/product_tag?post=19724"}],"curies":[{"name":"wp","href":"https:\/\/api.w.org\/{rel}","templated":true}]}}