{"id":19722,"date":"2025-09-27T12:13:09","date_gmt":"2025-09-27T10:13:09","guid":{"rendered":"https:\/\/store.astieks.com\/product\/carriere-freres-tomato-scented-taper-candles-6pcs\/"},"modified":"2026-03-26T18:37:55","modified_gmt":"2026-03-26T16:37:55","slug":"carriere-freres-tomato-scented-taper-candles-6pcs","status":"publish","type":"product","link":"https:\/\/store.astieks.com\/et\/product\/carriere-freres-tomato-scented-taper-candles-6pcs\/","title":{"rendered":"CARRIERE FRERES tomati\u00f5ie l\u00f5hnaga pikad k\u00fc\u00fcnlad &#8211; 6 tk"},"content":{"rendered":"<p>Tomatid kuuluvad maavitsate sugukonda ja on p\u00e4rit L\u00f5una-Ameerika loodeosast. Nende nimi tuleneb inkade s\u00f5na &#8220;tomalt&#8221; moonutusest. <\/p>\n<p>Tomatid on tuntud oma \u00f5hku puhastavate omaduste poolest.<\/p>\n<p>100% taimne vaha Euroopa rapsist.<\/p>\n<p>Valmistatud Prantsusmaal. Taimne vaha. <\/p>\n<p>Karbi avamisel m\u00e4rkate kerget botaanilist aroomi ja p\u00f5ledes kiirgavad k\u00fc\u00fcnlad sooja kuldset kuma.<\/p>\n<p>M\u00fc\u00fcakse 6 tk karbis.<\/p>\n","protected":false},"excerpt":{"rendered":"<p><span data-sheets-value=\"{\"1\":2,\"2\":\"Its vegetable flavour, both tangy and sweet, evokes indulgence. Its green note places it in the heart of a field, where the ripest are ready to be picked.\"}\" data-sheets-userformat=\"{\"2\":12607,\"3\":{\"1\":0,\"3\":1},\"4\":{\"1\":2,\"2\":16767334},\"5\":{\"1\":[{\"1\":2,\"2\":0,\"5\":{\"1\":2,\"2\":0}},{\"1\":0,\"2\":0,\"3\":3},{\"1\":1,\"2\":0,\"4\":1}]},\"6\":{\"1\":[{\"1\":2,\"2\":0,\"5\":{\"1\":2,\"2\":0}},{\"1\":0,\"2\":0,\"3\":3},{\"1\":1,\"2\":0,\"4\":1}]},\"7\":{\"1\":[{\"1\":2,\"2\":0,\"5\":{\"1\":2,\"2\":0}},{\"1\":0,\"2\":0,\"3\":3},{\"1\":1,\"2\":0,\"4\":1}]},\"8\":{\"1\":[{\"1\":2,\"2\":0,\"5\":{\"1\":2,\"2\":0}},{\"1\":0,\"2\":0,\"3\":3},{\"1\":1,\"2\":0,\"4\":1}]},\"11\":4,\"15\":\"Arial\",\"16\":10}\">Nende taimne maitse \u2013 nii hapukas kui ka magus \u2013 tekitab naudingutunde. Roheline noot on tomatilehtede aroom. <\/span><\/p>\n<p><span data-sheets-value=\"{\"1\":2,\"2\":\"Its vegetable flavour, both tangy and sweet, evokes indulgence. Its green note places it in the heart of a field, where the ripest are ready to be picked.\"}\" data-sheets-userformat=\"{\"2\":12607,\"3\":{\"1\":0,\"3\":1},\"4\":{\"1\":2,\"2\":16767334},\"5\":{\"1\":[{\"1\":2,\"2\":0,\"5\":{\"1\":2,\"2\":0}},{\"1\":0,\"2\":0,\"3\":3},{\"1\":1,\"2\":0,\"4\":1}]},\"6\":{\"1\":[{\"1\":2,\"2\":0,\"5\":{\"1\":2,\"2\":0}},{\"1\":0,\"2\":0,\"3\":3},{\"1\":1,\"2\":0,\"4\":1}]},\"7\":{\"1\":[{\"1\":2,\"2\":0,\"5\":{\"1\":2,\"2\":0}},{\"1\":0,\"2\":0,\"3\":3},{\"1\":1,\"2\":0,\"4\":1}]},\"8\":{\"1\":[{\"1\":2,\"2\":0,\"5\":{\"1\":2,\"2\":0}},{\"1\":0,\"2\":0,\"3\":3},{\"1\":1,\"2\":0,\"4\":1}]},\"11\":4,\"15\":\"Arial\",\"16\":10}\">Need l\u00f5hnak\u00fc\u00fcnlad meenutavad 20. sajandi alguse laudu kaunistanud dekoratiivk\u00fc\u00fcnlaid, viies meid tagasi br\u00e4ndi algusaastatesse, mis asutati 1884. aastal.<\/span><\/p>\n","protected":false},"featured_media":17948,"template":"","meta":{"_acf_changed":false},"product_brand":[658],"product_cat":[243,245,249],"product_tag":[],"class_list":{"0":"post-19722","1":"product","2":"type-product","3":"status-publish","4":"has-post-thumbnail","6":"product_brand-carriere-freres","7":"product_cat-kingitused","8":"product_cat-kodulohnad","9":"product_cat-kuunlad","10":"nt-post-class","11":"","17":"first","18":"instock","19":"taxable","20":"shipping-taxable","21":"purchasable","22":"product-type-simple"},"acf":[],"_links":{"self":[{"href":"https:\/\/store.astieks.com\/et\/wp-json\/wp\/v2\/product\/19722","targetHints":{"allow":["GET"]}}],"collection":[{"href":"https:\/\/store.astieks.com\/et\/wp-json\/wp\/v2\/product"}],"about":[{"href":"https:\/\/store.astieks.com\/et\/wp-json\/wp\/v2\/types\/product"}],"version-history":[{"count":1,"href":"https:\/\/store.astieks.com\/et\/wp-json\/wp\/v2\/product\/19722\/revisions"}],"predecessor-version":[{"id":20397,"href":"https:\/\/store.astieks.com\/et\/wp-json\/wp\/v2\/product\/19722\/revisions\/20397"}],"wp:featuredmedia":[{"embeddable":true,"href":"https:\/\/store.astieks.com\/et\/wp-json\/wp\/v2\/media\/17948"}],"wp:attachment":[{"href":"https:\/\/store.astieks.com\/et\/wp-json\/wp\/v2\/media?parent=19722"}],"wp:term":[{"taxonomy":"product_brand","embeddable":true,"href":"https:\/\/store.astieks.com\/et\/wp-json\/wp\/v2\/product_brand?post=19722"},{"taxonomy":"product_cat","embeddable":true,"href":"https:\/\/store.astieks.com\/et\/wp-json\/wp\/v2\/product_cat?post=19722"},{"taxonomy":"product_tag","embeddable":true,"href":"https:\/\/store.astieks.com\/et\/wp-json\/wp\/v2\/product_tag?post=19722"}],"curies":[{"name":"wp","href":"https:\/\/api.w.org\/{rel}","templated":true}]}}