{"id":19719,"date":"2025-09-27T12:28:02","date_gmt":"2025-09-27T10:28:02","guid":{"rendered":"https:\/\/store.astieks.com\/product\/carriere-freres-cedar-scented-taper-candles-6pcs\/"},"modified":"2026-03-26T18:35:28","modified_gmt":"2026-03-26T16:35:28","slug":"carriere-freres-cedar-scented-taper-candles-6pcs","status":"publish","type":"product","link":"https:\/\/store.astieks.com\/et\/product\/carriere-freres-cedar-scented-taper-candles-6pcs\/","title":{"rendered":"CARRIERE FRERES seedril\u00f5hnalised pikad koonusk\u00fc\u00fcnlad, 6 tk"},"content":{"rendered":"<p><span data-sheets-value=\"{\"1\":2,\"2\":\"A conifer of the Pinaceae family native to North Africa, cedar is an aromatic, durable and light wood. It has always been appreciated by cabinet makers and sculptors and is also known for its medicinal properties; its resin was used in ancient Egypt.\"}\" data-sheets-userformat=\"{\"2\":12607,\"3\":{\"1\":0,\"3\":1},\"4\":{\"1\":2,\"2\":16767334},\"5\":{\"1\":[{\"1\":2,\"2\":0,\"5\":{\"1\":2,\"2\":0}},{\"1\":0,\"2\":0,\"3\":3},{\"1\":1,\"2\":0,\"4\":1}]},\"6\":{\"1\":[{\"1\":2,\"2\":0,\"5\":{\"1\":2,\"2\":0}},{\"1\":0,\"2\":0,\"3\":3},{\"1\":1,\"2\":0,\"4\":1}]},\"7\":{\"1\":[{\"1\":2,\"2\":0,\"5\":{\"1\":2,\"2\":0}},{\"1\":0,\"2\":0,\"3\":3},{\"1\":1,\"2\":0,\"4\":1}]},\"8\":{\"1\":[{\"1\":2,\"2\":0,\"5\":{\"1\":2,\"2\":0}},{\"1\":0,\"2\":0,\"3\":3},{\"1\":1,\"2\":0,\"4\":1}]},\"11\":4,\"15\":\"Arial\",\"16\":10}\">Seeder on igihaljas puu m\u00e4nniliste sugukonnast, mis on p\u00e4rit P\u00f5hja-Aafrikast. Sellel on meeldiv aroom, see on vastupidav ja sellega on lihtne t\u00f6\u00f6tada. Need omadused on teinud seedrist pikka aega hinnatud m\u00f6\u00f6blitootjate ja skulptorite seas. Seedril on ka pikka aega teadaolevalt raviomadused \u2013 selle vaiku kasutati n\u00e4iteks Vana-Egiptuses. <\/span>.<\/p>\n<p>Puidu aroom tekitab k\u00fclmal aastaajal soojustunde ja selle antiseptiline vaik puhastab \u00f5hku. Seedril on l\u00f5\u00f5gastavad ja rahustavad omadused ning see on tuntud j\u00e4rgmiste omaduste poolest:<br \/>\n\u2713 Meditatsiooni soodustamine ja n\u00e4rvipingete leevendamine,<br \/>\n\u2713 Uneh\u00e4irete leevendamine,<br \/>\n\u2713 \u00c4revuse, stressi ja v\u00e4simuse vastu v\u00f5itlemine,<br \/>\n\u2713 Suurep\u00e4rane koit\u00f5rjevahend ja sise\u00f5hu puhastamine.<\/p>\n<p>100% taimne vaha Euroopa rapsist.<\/p>\n<p>Valmistatud Prantsusmaal. Taimne vaha. <\/p>\n<p>Karbi avamisel m\u00e4rkate kerget botaanilist aroomi ja p\u00f5ledes kiirgavad k\u00fc\u00fcnlad sooja kuldset kuma.<\/p>\n<p>M\u00fc\u00fcakse 6 tk karbis.<\/p>\n","protected":false},"excerpt":{"rendered":"<p><span data-sheets-value=\"{\"1\":2,\"2\":\"Cedar is a dry, sophisticated, enveloping and comforting woody note. Its unique resin is powerful and pervasive, and was used by Egyptian priests in the embalming process.\"}\" data-sheets-userformat=\"{\"2\":12607,\"3\":{\"1\":0,\"3\":1},\"4\":{\"1\":2,\"2\":16767334},\"5\":{\"1\":[{\"1\":2,\"2\":0,\"5\":{\"1\":2,\"2\":0}},{\"1\":0,\"2\":0,\"3\":3},{\"1\":1,\"2\":0,\"4\":1}]},\"6\":{\"1\":[{\"1\":2,\"2\":0,\"5\":{\"1\":2,\"2\":0}},{\"1\":0,\"2\":0,\"3\":3},{\"1\":1,\"2\":0,\"4\":1}]},\"7\":{\"1\":[{\"1\":2,\"2\":0,\"5\":{\"1\":2,\"2\":0}},{\"1\":0,\"2\":0,\"3\":3},{\"1\":1,\"2\":0,\"4\":1}]},\"8\":{\"1\":[{\"1\":2,\"2\":0,\"5\":{\"1\":2,\"2\":0}},{\"1\":0,\"2\":0,\"3\":3},{\"1\":1,\"2\":0,\"4\":1}]},\"11\":4,\"15\":\"Arial\",\"16\":10}\">Seeder on puit, mida hinnatakse eriti parf\u00fcmeerias: see loob kuivad, puitunud, \u00fcmbritsevad ja hubased noodid. Selle vaigused baasnootid \u00f5hkavad v\u00e4rskust. <\/span><\/p>\n<p><span data-sheets-value=\"{\"1\":2,\"2\":\"Cedar is a dry, sophisticated, enveloping and comforting woody note. Its unique resin is powerful and pervasive, and was used by Egyptian priests in the embalming process.\"}\" data-sheets-userformat=\"{\"2\":12607,\"3\":{\"1\":0,\"3\":1},\"4\":{\"1\":2,\"2\":16767334},\"5\":{\"1\":[{\"1\":2,\"2\":0,\"5\":{\"1\":2,\"2\":0}},{\"1\":0,\"2\":0,\"3\":3},{\"1\":1,\"2\":0,\"4\":1}]},\"6\":{\"1\":[{\"1\":2,\"2\":0,\"5\":{\"1\":2,\"2\":0}},{\"1\":0,\"2\":0,\"3\":3},{\"1\":1,\"2\":0,\"4\":1}]},\"7\":{\"1\":[{\"1\":2,\"2\":0,\"5\":{\"1\":2,\"2\":0}},{\"1\":0,\"2\":0,\"3\":3},{\"1\":1,\"2\":0,\"4\":1}]},\"8\":{\"1\":[{\"1\":2,\"2\":0,\"5\":{\"1\":2,\"2\":0}},{\"1\":0,\"2\":0,\"3\":3},{\"1\":1,\"2\":0,\"4\":1}]},\"11\":4,\"15\":\"Arial\",\"16\":10}\">Need l\u00f5hnak\u00fc\u00fcnlad meenutavad 20. sajandi alguse laudu kaunistanud dekoratiivk\u00fc\u00fcnlaid, viies meid tagasi br\u00e4ndi algusaastatesse, mis asutati 1884. aastal.<\/span><\/p>\n","protected":false},"featured_media":17971,"template":"","meta":{"_acf_changed":false},"product_brand":[658],"product_cat":[243,245,249],"product_tag":[],"class_list":{"0":"post-19719","1":"product","2":"type-product","3":"status-publish","4":"has-post-thumbnail","6":"product_brand-carriere-freres","7":"product_cat-kingitused","8":"product_cat-kodulohnad","9":"product_cat-kuunlad","10":"nt-post-class","11":"","17":"first","18":"instock","19":"taxable","20":"shipping-taxable","21":"purchasable","22":"product-type-simple"},"acf":[],"_links":{"self":[{"href":"https:\/\/store.astieks.com\/et\/wp-json\/wp\/v2\/product\/19719","targetHints":{"allow":["GET"]}}],"collection":[{"href":"https:\/\/store.astieks.com\/et\/wp-json\/wp\/v2\/product"}],"about":[{"href":"https:\/\/store.astieks.com\/et\/wp-json\/wp\/v2\/types\/product"}],"version-history":[{"count":1,"href":"https:\/\/store.astieks.com\/et\/wp-json\/wp\/v2\/product\/19719\/revisions"}],"predecessor-version":[{"id":20396,"href":"https:\/\/store.astieks.com\/et\/wp-json\/wp\/v2\/product\/19719\/revisions\/20396"}],"wp:featuredmedia":[{"embeddable":true,"href":"https:\/\/store.astieks.com\/et\/wp-json\/wp\/v2\/media\/17971"}],"wp:attachment":[{"href":"https:\/\/store.astieks.com\/et\/wp-json\/wp\/v2\/media?parent=19719"}],"wp:term":[{"taxonomy":"product_brand","embeddable":true,"href":"https:\/\/store.astieks.com\/et\/wp-json\/wp\/v2\/product_brand?post=19719"},{"taxonomy":"product_cat","embeddable":true,"href":"https:\/\/store.astieks.com\/et\/wp-json\/wp\/v2\/product_cat?post=19719"},{"taxonomy":"product_tag","embeddable":true,"href":"https:\/\/store.astieks.com\/et\/wp-json\/wp\/v2\/product_tag?post=19719"}],"curies":[{"name":"wp","href":"https:\/\/api.w.org\/{rel}","templated":true}]}}