{"id":19717,"date":"2025-10-03T14:56:52","date_gmt":"2025-10-03T12:56:52","guid":{"rendered":"https:\/\/store.astieks.com\/product\/qualipolish-silver-care-spray-with-tarnish-protection\/"},"modified":"2025-10-03T14:56:52","modified_gmt":"2025-10-03T12:56:52","slug":"qualipolish-silver-care-spray-with-tarnish-protection","status":"publish","type":"product","link":"https:\/\/store.astieks.com\/et\/product\/qualipolish-silver-care-spray-with-tarnish-protection\/","title":{"rendered":"EDZARD QualiPolish\u00ae Silver Care tuhmumisvastane sprei"},"content":{"rendered":"<p>H\u00f5be reageerib hapnikuga ja tuhmub. See on t\u00fc\u00fcpiline keemiline reaktsioon. H\u00f5beda eest hoolitsemine ei vaja karme kemikaale. EDCARDi eksklusiivne h\u00f5bedahooldustoodete sari eemaldab \u00f5rnalt tuhmumise. Nautige s\u00e4ravat l\u00e4iget ja kauakestvat tuhmumiskaitset. EDCARDi h\u00f5bedahooldustooted sisaldavad tuhmumist p\u00e4rssivaid lisandeid, mis s\u00e4ilitavad teie h\u00f5beda l\u00e4ike kauem. See universaalne puhastusvahend sobib h\u00f5bedale ja h\u00f5betatud esemetele. See pakub pikaajalist tuhmumiskaitset, puhastab, poleerib, taastab ja kaitseb teie h\u00f5bedat n\u00e4dalate kaupa.        <\/p>\n<p>\u2714 H\u00d5BEDANE L\u00c4IGE KOHE: QualiPolish\u00ae h\u00f5bedahooldustoode taastab h\u00f5lpsalt iga tuhmunud h\u00f5beda l\u00e4ike. See toode pakub t\u00e4iendavat kaitset tuhmumise eest, tagades h\u00f5bedale kauakestva l\u00e4ike. See sobib kasutamiseks ka toidu- ja majutust\u00f6\u00f6stuses.  <\/p>\n<p>\u2714 KVALITEETNE HOOLDUS H\u00d5BEDASPETSIALISTILT: EDCARD on h\u00f5bedaga t\u00f6\u00f6tanud kolm p\u00f5lvkonda. H\u00f5bedast salvr\u00e4tikur\u00f5ngastest h\u00f5betatud \u0161ampanjajahutiteni \u2013 EDZARD on h\u00f5beda puhastamise ekspert. Pihustage h\u00f5beda hooldusvahendit otse esemele ja poleerige \u00f5rnalt pehme lapiga, seej\u00e4rel loputage voolava vee all.   <\/p>\n<p>\u2714 AINUS L\u00d5HNAVABA H\u00d5BEDA HOOLDUSVAHEND: T\u00f5en\u00e4oliselt olete tuttav tavap\u00e4raste h\u00f5beda hooldusvahendite terava l\u00f5hnaga. EDZARDi QualiPolish\u00ae h\u00f5beda hooldustoodete sari neutraliseerib selle l\u00f5hna praktiliselt t\u00e4ielikult, muutes tuhmunud h\u00f5beda puhastamise ja poleerimise t\u00f5eliseks naudinguks. Meie nipp: \u00e4rge vajutage liiga k\u00f5vasti; piisab \u00f5rnast survest.  <\/p>\n<p>UNIVERSAALNE KASUTAMINE: See puhastusvahend sobib k\u00f5ikidele ehtsatele h\u00f5bedaesemetele, sealhulgas s\u00f6\u00f6giriistadele, k\u00fc\u00fcnlajalgadele ja h\u00f5bedakannudele. See \u00fchendab parimad toimeained (pindaktiivsete ainete, ammoniaagi ja kelaativate ainete segu), et eemaldada h\u00f5beesemetelt kiiresti mustus, tuhmumine, seebij\u00e4\u00e4gid ja s\u00fcsinikuladestused. QualiPolishi sarja kuuluvad h\u00f5bedapoleer, h\u00f5bedavann, h\u00f5bedasprei, h\u00f5bedavaht, h\u00f5beda poleerimislapp ja praktilised h\u00f5beda poleerimiskindad.  <\/p>\n<p>\u2714 TEIE EELISED:<\/p>\n<ul>\n<li>Lihtne doseerimine lihtsa pihustiga<\/li>\n<li>Maht: 250 ml<\/li>\n<li>Hooldusvahend t\u00e4iendava tuhmumisvastase kaitsega<\/li>\n<li>H\u00f5bepoleer ekspertidelt<\/li>\n<li>\u00dcks pudel kestab 90 puhastuskorda<\/li>\n<li>Puhastab s\u00e4rava l\u00e4ikeni 2 minutiga<\/li>\n<li>Mitteagressiivne v\u00f5rreldes teiste h\u00f5beda puhastusvahenditega.<\/li>\n<li>\u00c4rge kasutage esemetel, mis on tuhmumise eest kaitstud.<\/li>\n<\/ul>\n<p>&nbsp;<\/p>\n<p>&nbsp;<\/p>\n","protected":false},"excerpt":{"rendered":"<p>\u00d5rn ja lihtne h\u00f5bedahooldus h\u00f5bedaspreiga<br \/>\nTaasta h\u00f5beda algne l\u00e4ige hetkega<br \/>\nHooldusvahendid optimaalse h\u00f5bedal\u00e4ike saavutamiseks<br \/>\nH\u00f5bedahooldus h\u00f5bedaeksperdilt<\/p>\n","protected":false},"featured_media":18446,"template":"","meta":{"_acf_changed":false},"product_brand":[488],"product_cat":[269],"product_tag":[],"class_list":{"0":"post-19717","1":"product","2":"type-product","3":"status-publish","4":"has-post-thumbnail","6":"product_brand-edzard-et","7":"product_cat-soogiriistad","8":"nt-post-class","9":"","15":"first","16":"instock","17":"taxable","18":"shipping-taxable","19":"purchasable","20":"product-type-simple"},"acf":[],"_links":{"self":[{"href":"https:\/\/store.astieks.com\/et\/wp-json\/wp\/v2\/product\/19717","targetHints":{"allow":["GET"]}}],"collection":[{"href":"https:\/\/store.astieks.com\/et\/wp-json\/wp\/v2\/product"}],"about":[{"href":"https:\/\/store.astieks.com\/et\/wp-json\/wp\/v2\/types\/product"}],"version-history":[{"count":0,"href":"https:\/\/store.astieks.com\/et\/wp-json\/wp\/v2\/product\/19717\/revisions"}],"wp:featuredmedia":[{"embeddable":true,"href":"https:\/\/store.astieks.com\/et\/wp-json\/wp\/v2\/media\/18446"}],"wp:attachment":[{"href":"https:\/\/store.astieks.com\/et\/wp-json\/wp\/v2\/media?parent=19717"}],"wp:term":[{"taxonomy":"product_brand","embeddable":true,"href":"https:\/\/store.astieks.com\/et\/wp-json\/wp\/v2\/product_brand?post=19717"},{"taxonomy":"product_cat","embeddable":true,"href":"https:\/\/store.astieks.com\/et\/wp-json\/wp\/v2\/product_cat?post=19717"},{"taxonomy":"product_tag","embeddable":true,"href":"https:\/\/store.astieks.com\/et\/wp-json\/wp\/v2\/product_tag?post=19717"}],"curies":[{"name":"wp","href":"https:\/\/api.w.org\/{rel}","templated":true}]}}