{"id":19710,"date":"2025-10-04T11:36:10","date_gmt":"2025-10-04T09:36:10","guid":{"rendered":"https:\/\/store.astieks.com\/product\/perfumed-hydroalcoholic-gel\/"},"modified":"2025-10-04T11:36:10","modified_gmt":"2025-10-04T09:36:10","slug":"perfumed-hydroalcoholic-gel","status":"publish","type":"product","link":"https:\/\/store.astieks.com\/et\/product\/perfumed-hydroalcoholic-gel\/","title":{"rendered":"Rose et Marius vee- ja alkoholip\u00f5hine k\u00e4te desinfitseerimisvahend."},"content":{"rendered":"<p>Naer aias, klaaside k\u00f5lin ja m\u00e4ngivad lapsed \u2013 see on Provence&#8217;i suvep\u00e4eva kergus ja r\u00f5\u00f5m. See Rose et Mariuse populaarne l\u00f5hn on inspireeritud sellistest hetkedest. Sellel on puuviljased ja puidused noodid, mis meenutavad Provence&#8217;i ros\u00e9&#8217;d, tekitades soojust, l\u00f5\u00f5gastust ja \u00f5nnetunnet.   <\/p>\n<p>Valmistatud Provence&#8217;is<\/p>\n<p>T\u00e4idetav<\/p>\n<p>Eksklusiivne parf\u00fc\u00fcm Haute Parfumerie de Provence&#8217;ilt<\/p>\n<div id=\"headingConseils\">\n<h3 class=\"\" data-toggle=\"collapse\" data-target=\"#collapseConseils\" aria-expanded=\"true\" aria-controls=\"collapseConseils\">N\u00d5UANDED<\/h3>\n<\/div>\n<div id=\"collapseConseils\" class=\"collapse show\" aria-labelledby=\"headingConseils\" data-parent=\"#accordionCaracs\">\n<p class=\"answer\">Enne h\u00fcdroalkoholgeeli k\u00e4tele kandmist peaksid need olema puhtad, kuivad ja kahjustamata. Rose et Mariuse geel sisaldab alkoholi, mis v\u00f5ib s\u00fcvendada l\u00f5ikehaavu v\u00f5i kriimustusi. Samuti peaksid k\u00e4ed olema vabad ainetest, mis v\u00f5ivad geeli efektiivsust v\u00e4hendada. Maksimaalse kasu saavutamiseks on k\u00f5ige parem geeli kasutada p\u00e4rast k\u00e4te pesemist ja kuivatamist.   <\/p>\n<\/div>\n","protected":false},"excerpt":{"rendered":"<p>Roosivein lehtla varjus.<\/p>\n<p>Kuulus Rose et Mariuse parf\u00fc\u00fcm &#8220;Un vin ros\u00e9 sous la tonnelle&#8221; kaunistab seda \u00fclit\u00f5husat antibakteriaalset geeli (80% alkoholi), sest enda kaitsmine v\u00f5ib n\u00fc\u00fcd olla l\u00f5bus!<\/p>\n<p>315 ml t\u00e4idetava pumbaga. Valmistatud Prantsusmaal. <\/p>\n<div id=\"headingPyramide\">\n<h3 class=\"\" data-toggle=\"collapse\" data-target=\"#collapsePyramide\" aria-expanded=\"true\" aria-controls=\"collapsePyramide\">L\u00f5hnap\u00fcramiid<\/h3>\n<\/div>\n<div id=\"collapsePyramide\" class=\"collapse show\" aria-labelledby=\"headingPyramide\" data-parent=\"#accordionCaracs\">Tippnoodid: rosin (viinamari)<br \/>\nS\u00fcdamenoodid: vaarikas, murakas, s\u00f5star, leeder<br \/>\nP\u00f5hinoodid: puidused roosiaktsendid, v\u00e4\u00e4rispuit<\/div>\n","protected":false},"featured_media":18698,"template":"","meta":{"_acf_changed":false},"product_brand":[],"product_cat":[234],"product_tag":[],"class_list":{"0":"post-19710","1":"product","2":"type-product","3":"status-publish","4":"has-post-thumbnail","6":"product_cat-kehahooldus","7":"nt-post-class","8":"","14":"first","15":"instock","16":"sale","17":"taxable","18":"shipping-taxable","19":"purchasable","20":"product-type-simple"},"acf":[],"_links":{"self":[{"href":"https:\/\/store.astieks.com\/et\/wp-json\/wp\/v2\/product\/19710","targetHints":{"allow":["GET"]}}],"collection":[{"href":"https:\/\/store.astieks.com\/et\/wp-json\/wp\/v2\/product"}],"about":[{"href":"https:\/\/store.astieks.com\/et\/wp-json\/wp\/v2\/types\/product"}],"version-history":[{"count":0,"href":"https:\/\/store.astieks.com\/et\/wp-json\/wp\/v2\/product\/19710\/revisions"}],"wp:featuredmedia":[{"embeddable":true,"href":"https:\/\/store.astieks.com\/et\/wp-json\/wp\/v2\/media\/18698"}],"wp:attachment":[{"href":"https:\/\/store.astieks.com\/et\/wp-json\/wp\/v2\/media?parent=19710"}],"wp:term":[{"taxonomy":"product_brand","embeddable":true,"href":"https:\/\/store.astieks.com\/et\/wp-json\/wp\/v2\/product_brand?post=19710"},{"taxonomy":"product_cat","embeddable":true,"href":"https:\/\/store.astieks.com\/et\/wp-json\/wp\/v2\/product_cat?post=19710"},{"taxonomy":"product_tag","embeddable":true,"href":"https:\/\/store.astieks.com\/et\/wp-json\/wp\/v2\/product_tag?post=19710"}],"curies":[{"name":"wp","href":"https:\/\/api.w.org\/{rel}","templated":true}]}}