{"id":19707,"date":"2025-11-04T18:33:11","date_gmt":"2025-11-04T16:33:11","guid":{"rendered":"https:\/\/store.astieks.com\/product\/winter-flower-candle\/"},"modified":"2026-03-26T14:26:00","modified_gmt":"2026-03-26T12:26:00","slug":"winter-flower-candle","status":"publish","type":"product","link":"https:\/\/store.astieks.com\/et\/product\/winter-flower-candle\/","title":{"rendered":"CARRIERE FRERES Winter Flower K\u00fc\u00fcnal"},"content":{"rendered":"<p style=\"font-weight: 400;\">Taimne vaha. Valmistatud Prantsusmaal. <\/p>\n<p style=\"font-weight: 400;\">Rahulikul talvel p\u00e4rastl\u00f5unal, kui v\u00e4ljas valgus h\u00e4mardub, avaneb vaikselt uks. Ilmub \u00f5rn k\u00e4si, hoides k\u00e4es v\u00e4rskete lillede kimpu, t\u00e4ites ruumi soojuse ja eluga. <\/p>\n<p style=\"font-weight: 400;\">Nagu l\u00f5hnav kookon, mis t\u00e4idab kodu mugavuse ja rahuga, avaneb \u201eTalvelill\u201c v\u00fcrtsika tee nootidega \u2013 kuum maiuspala, mis on loodud hinge soojendama. Sellele j\u00e4rgneb s\u00e4rav talvise roosi, gardeenia ja valgete lillede s\u00fcda, mis annab j\u00e4rk-j\u00e4rgult teed soojale sandlipuu ja pat\u0161uli baasnootidele, lisades sellele \u00f5rnale talvisele kompositsioonile s\u00fcgavust ja mugavust. <\/p>\n<p>100% taimne vaha, Euroopa rapsiseemnetest.<\/p>\n<p>P\u00f5lemisaeg: 40\u201345 tundi<br \/>\nSuurused: K: 9 cm \u00d8: 7,5 cm<\/p>\n","protected":false},"excerpt":{"rendered":"<p>Taimne vaha. Valmistatud Prantsusmaal. Rahulikul talvel p\u00e4rastl\u00f5unal, kui v\u00e4ljas valgus h\u00e4mardub, avaneb vaikselt uks. Ilmub \u00f5rn k\u00e4si, hoides k\u00e4es v\u00e4rskete lillede kimpu, t\u00e4ites ruumi soojuse ja eluga. Nagu l\u00f5hnav kookon, mis t\u00e4idab kodu mugavuse ja rahuga, avaneb \u201eTalvelill\u201c v\u00fcrtsika tee nootidega \u2013 kuum maiuspala, mis on loodud hinge soojendama. Sellele j\u00e4rgneb s\u00e4rav talvise roosi, gardeenia&#8230;<\/p>\n","protected":false},"featured_media":19181,"template":"","meta":{"_acf_changed":false},"product_brand":[658],"product_cat":[457,243,245,249],"product_tag":[],"class_list":{"0":"post-19707","1":"product","2":"type-product","3":"status-publish","4":"has-post-thumbnail","6":"product_brand-carriere-freres","7":"product_cat-christmass-time-et","8":"product_cat-kingitused","9":"product_cat-kodulohnad","10":"product_cat-kuunlad","11":"nt-post-class","12":"","15":"excerpt-none","18":"first","19":"instock","20":"taxable","21":"shipping-taxable","22":"purchasable","23":"product-type-simple"},"acf":[],"_links":{"self":[{"href":"https:\/\/store.astieks.com\/et\/wp-json\/wp\/v2\/product\/19707","targetHints":{"allow":["GET"]}}],"collection":[{"href":"https:\/\/store.astieks.com\/et\/wp-json\/wp\/v2\/product"}],"about":[{"href":"https:\/\/store.astieks.com\/et\/wp-json\/wp\/v2\/types\/product"}],"version-history":[{"count":1,"href":"https:\/\/store.astieks.com\/et\/wp-json\/wp\/v2\/product\/19707\/revisions"}],"predecessor-version":[{"id":20373,"href":"https:\/\/store.astieks.com\/et\/wp-json\/wp\/v2\/product\/19707\/revisions\/20373"}],"wp:featuredmedia":[{"embeddable":true,"href":"https:\/\/store.astieks.com\/et\/wp-json\/wp\/v2\/media\/19181"}],"wp:attachment":[{"href":"https:\/\/store.astieks.com\/et\/wp-json\/wp\/v2\/media?parent=19707"}],"wp:term":[{"taxonomy":"product_brand","embeddable":true,"href":"https:\/\/store.astieks.com\/et\/wp-json\/wp\/v2\/product_brand?post=19707"},{"taxonomy":"product_cat","embeddable":true,"href":"https:\/\/store.astieks.com\/et\/wp-json\/wp\/v2\/product_cat?post=19707"},{"taxonomy":"product_tag","embeddable":true,"href":"https:\/\/store.astieks.com\/et\/wp-json\/wp\/v2\/product_tag?post=19707"}],"curies":[{"name":"wp","href":"https:\/\/api.w.org\/{rel}","templated":true}]}}