{"id":19697,"date":"2025-11-04T18:39:10","date_gmt":"2025-11-04T16:39:10","guid":{"rendered":"https:\/\/store.astieks.com\/product\/carriere-freres-winter-fire-candle\/"},"modified":"2026-03-26T14:19:16","modified_gmt":"2026-03-26T12:19:16","slug":"carriere-freres-winter-fire-candle","status":"publish","type":"product","link":"https:\/\/store.astieks.com\/et\/product\/carriere-freres-winter-fire-candle\/","title":{"rendered":"CARRIERE FRERES Winter Fire K\u00fc\u00fcnal"},"content":{"rendered":"<p style=\"font-weight: 400;\"><span data-sheets-value=\"{\"1\":2,\"2\":\"Its vegetable flavour, both tangy and sweet, evokes indulgence. Its green note places it in the heart of a field, where the ripest are ready to be picked.\"}\" data-sheets-userformat=\"{\"2\":12607,\"3\":{\"1\":0,\"3\":1},\"4\":{\"1\":2,\"2\":16767334},\"5\":{\"1\":[{\"1\":2,\"2\":0,\"5\":{\"1\":2,\"2\":0}},{\"1\":0,\"2\":0,\"3\":3},{\"1\":1,\"2\":0,\"4\":1}]},\"6\":{\"1\":[{\"1\":2,\"2\":0,\"5\":{\"1\":2,\"2\":0}},{\"1\":0,\"2\":0,\"3\":3},{\"1\":1,\"2\":0,\"4\":1}]},\"7\":{\"1\":[{\"1\":2,\"2\":0,\"5\":{\"1\":2,\"2\":0}},{\"1\":0,\"2\":0,\"3\":3},{\"1\":1,\"2\":0,\"4\":1}]},\"8\":{\"1\":[{\"1\":2,\"2\":0,\"5\":{\"1\":2,\"2\":0}},{\"1\":0,\"2\":0,\"3\":3},{\"1\":1,\"2\":0,\"4\":1}]},\"11\":4,\"15\":\"Arial\",\"16\":10}\">Taimne vaha. Valmistatud Prantsusmaal. <\/span><\/p>\n<p style=\"font-weight: 400;\">alve saabudes on kamina hubasus ja soojus eriti meeldiv. L\u00f5\u00f5mav tuli ja selle aroom loovad k\u00fclades ja kodudes hubase atmosf\u00e4\u00e4ri: puidu praksumine, pehme soojus ja rahulik \u00f5hkkond. <\/p>\n<p style=\"font-weight: 400;\">eekide pehmest v\u00e4relemisest inspireeritud Talvetule aroomisegu m\u00e4hib teid sooja harmooniasse. Seedri ja palsamipuu noodid loovad metsa v\u00e4rskuse tunde, samas kui kompositsiooni s\u00fcda avaneb m\u00e4nni ja v\u00e4\u00e4rispuu soojusega. Rikkalik merevaigu ja viiruki baas lisab s\u00fcgavust ja rafineeritust. Iga hinget\u00f5mme t\u00e4idab teid p\u00f5leva puidu soojusega, vaikse \u00f5htuga kamina \u00e4\u00e4res ja hetkega \u2013 m\u00e4lestusega rahust ja mugavusest, mis soojendab hinge. <\/p>\n<p>100% taimne vaha, Euroopa rapsiseemnetest.<\/p>\n<p>P\u00f5lemisaeg: 40\u201345 tundi<br \/>\nSuurused: K: 9 cm \u00d8: 7,5 cm<\/p>\n","protected":false},"excerpt":{"rendered":"<p>Taimne vaha. Valmistatud Prantsusmaal. alve saabudes on kamina hubasus ja soojus eriti meeldiv. L\u00f5\u00f5mav tuli ja selle aroom loovad k\u00fclades ja kodudes hubase atmosf\u00e4\u00e4ri: puidu praksumine, pehme soojus ja rahulik \u00f5hkkond. eekide pehmest v\u00e4relemisest inspireeritud Talvetule aroomisegu m\u00e4hib teid sooja harmooniasse. Seedri ja palsamipuu noodid loovad metsa v\u00e4rskuse tunde, samas kui kompositsiooni s\u00fcda avaneb m\u00e4nni&#8230;<\/p>\n","protected":false},"featured_media":19193,"template":"","meta":{"_acf_changed":false},"product_brand":[658],"product_cat":[457,243,245,249],"product_tag":[],"class_list":{"0":"post-19697","1":"product","2":"type-product","3":"status-publish","4":"has-post-thumbnail","6":"product_brand-carriere-freres","7":"product_cat-christmass-time-et","8":"product_cat-kingitused","9":"product_cat-kodulohnad","10":"product_cat-kuunlad","11":"nt-post-class","12":"","15":"excerpt-none","18":"first","19":"instock","20":"taxable","21":"shipping-taxable","22":"purchasable","23":"product-type-simple"},"acf":[],"_links":{"self":[{"href":"https:\/\/store.astieks.com\/et\/wp-json\/wp\/v2\/product\/19697","targetHints":{"allow":["GET"]}}],"collection":[{"href":"https:\/\/store.astieks.com\/et\/wp-json\/wp\/v2\/product"}],"about":[{"href":"https:\/\/store.astieks.com\/et\/wp-json\/wp\/v2\/types\/product"}],"version-history":[{"count":1,"href":"https:\/\/store.astieks.com\/et\/wp-json\/wp\/v2\/product\/19697\/revisions"}],"predecessor-version":[{"id":20367,"href":"https:\/\/store.astieks.com\/et\/wp-json\/wp\/v2\/product\/19697\/revisions\/20367"}],"wp:featuredmedia":[{"embeddable":true,"href":"https:\/\/store.astieks.com\/et\/wp-json\/wp\/v2\/media\/19193"}],"wp:attachment":[{"href":"https:\/\/store.astieks.com\/et\/wp-json\/wp\/v2\/media?parent=19697"}],"wp:term":[{"taxonomy":"product_brand","embeddable":true,"href":"https:\/\/store.astieks.com\/et\/wp-json\/wp\/v2\/product_brand?post=19697"},{"taxonomy":"product_cat","embeddable":true,"href":"https:\/\/store.astieks.com\/et\/wp-json\/wp\/v2\/product_cat?post=19697"},{"taxonomy":"product_tag","embeddable":true,"href":"https:\/\/store.astieks.com\/et\/wp-json\/wp\/v2\/product_tag?post=19697"}],"curies":[{"name":"wp","href":"https:\/\/api.w.org\/{rel}","templated":true}]}}