{"id":19694,"date":"2025-12-02T14:57:10","date_gmt":"2025-12-02T12:57:10","guid":{"rendered":"https:\/\/store.astieks.com\/product\/trudon-scented-matches-ernesto-kings-and-queens\/"},"modified":"2025-12-02T14:57:10","modified_gmt":"2025-12-02T12:57:10","slug":"trudon-scented-matches-ernesto-kings-and-queens","status":"publish","type":"product","link":"https:\/\/store.astieks.com\/et\/product\/trudon-scented-matches-ernesto-kings-and-queens\/","title":{"rendered":"TRUDON l\u00f5hnastatud tikud Ernesto Kings and Queens"},"content":{"rendered":"<p>Trudonis on tikud oluline osa rituaalist. \u00dche kerge t\u00f5mbega s\u00fc\u00fctavad need tahi, hajutavad varjud ja annavad valgusele elu. \u00d5rnalt l\u00f5hnastatud tikud loovad justkui sissejuhatuse lugudele, mis peituvad iga k\u00fc\u00fcnla taga.<br \/>Elegantsed, pikad ja peened tikud puhkavad kaunilt illustreeritud karpides ning ootavad kannatlikult oma hetke. Kui j\u00e4tta karp veidi avatuks, t\u00e4idavad need tasakesi oma aroomiga sahtli, kapi v\u00f5i t\u00f6\u00f6toa \u2013 isegi siis, kui nad ise rahulikult puhkavad.    <\/p>\n","protected":false},"excerpt":{"rendered":"<p>Trudonis on tikud oluline osa rituaalist. \u00dche kerge t\u00f5mbega s\u00fc\u00fctavad need tahi, hajutavad varjud ja annavad valgusele elu. \u00d5rnalt l\u00f5hnastatud tikud loovad justkui sissejuhatuse lugudele, mis peituvad iga k\u00fc\u00fcnla taga.Elegantsed, pikad ja peened tikud puhkavad kaunilt illustreeritud karpides ning ootavad kannatlikult oma hetke. Kui j\u00e4tta karp veidi avatuks, t\u00e4idavad need tasakesi oma aroomiga sahtli, kapi&#8230;<\/p>\n","protected":false},"featured_media":19374,"template":"","meta":{"_acf_changed":false},"product_brand":[492],"product_cat":[249],"product_tag":[],"class_list":{"0":"post-19694","1":"product","2":"type-product","3":"status-publish","4":"has-post-thumbnail","6":"product_brand-trudon-et","7":"product_cat-kuunlad","8":"nt-post-class","9":"","12":"excerpt-none","15":"first","16":"instock","17":"taxable","18":"shipping-taxable","19":"purchasable","20":"product-type-simple"},"acf":[],"_links":{"self":[{"href":"https:\/\/store.astieks.com\/et\/wp-json\/wp\/v2\/product\/19694","targetHints":{"allow":["GET"]}}],"collection":[{"href":"https:\/\/store.astieks.com\/et\/wp-json\/wp\/v2\/product"}],"about":[{"href":"https:\/\/store.astieks.com\/et\/wp-json\/wp\/v2\/types\/product"}],"version-history":[{"count":0,"href":"https:\/\/store.astieks.com\/et\/wp-json\/wp\/v2\/product\/19694\/revisions"}],"wp:featuredmedia":[{"embeddable":true,"href":"https:\/\/store.astieks.com\/et\/wp-json\/wp\/v2\/media\/19374"}],"wp:attachment":[{"href":"https:\/\/store.astieks.com\/et\/wp-json\/wp\/v2\/media?parent=19694"}],"wp:term":[{"taxonomy":"product_brand","embeddable":true,"href":"https:\/\/store.astieks.com\/et\/wp-json\/wp\/v2\/product_brand?post=19694"},{"taxonomy":"product_cat","embeddable":true,"href":"https:\/\/store.astieks.com\/et\/wp-json\/wp\/v2\/product_cat?post=19694"},{"taxonomy":"product_tag","embeddable":true,"href":"https:\/\/store.astieks.com\/et\/wp-json\/wp\/v2\/product_tag?post=19694"}],"curies":[{"name":"wp","href":"https:\/\/api.w.org\/{rel}","templated":true}]}}