{"id":19670,"date":"2025-09-08T14:53:42","date_gmt":"2025-09-08T12:53:42","guid":{"rendered":"https:\/\/store.astieks.com\/product\/shtox-rotating-glass-shtox-004\/"},"modified":"2026-02-28T14:51:19","modified_gmt":"2026-02-28T12:51:19","slug":"shtox-rotating-glass-shtox-004","status":"publish","type":"product","link":"https:\/\/store.astieks.com\/et\/product\/shtox-rotating-glass-shtox-004\/","title":{"rendered":"SHTOX p\u00f6\u00f6rlev klaas 004"},"content":{"rendered":"<p>See on ainulaadne kvaliteetne kristallklaas, mis saab laual p\u00f6\u00f6relda.<\/p>\n<p class=\"product_info_includes_title\">Hind sisaldab:<\/p>\n<ul class=\"product_info_includes_list\">\n<li>Shtox originaalne klaas<\/li>\n<li>Pakend atraktiivses silindrikujulises karbis<\/li>\n<\/ul>\n","protected":false},"excerpt":{"rendered":"<p>See on ainulaadne kvaliteetne kristallklaas, mis saab laual p\u00f6\u00f6relda. Hind sisaldab: Shtox originaalne klaas Pakend atraktiivses silindrikujulises karbis<\/p>\n","protected":false},"featured_media":16250,"template":"","meta":{"_acf_changed":false},"product_brand":[491],"product_cat":[243,273,268,703,697],"product_tag":[],"class_list":{"0":"post-19670","1":"product","2":"type-product","3":"status-publish","4":"has-post-thumbnail","6":"product_brand-shtox-et","7":"product_cat-kingitused","8":"product_cat-klaasnoud","9":"product_cat-lauanoud","10":"product_cat-vesi","11":"product_cat-viski","12":"nt-post-class","13":"","16":"excerpt-none","19":"first","20":"instock","21":"taxable","22":"shipping-taxable","23":"purchasable","24":"product-type-simple"},"acf":[],"_links":{"self":[{"href":"https:\/\/store.astieks.com\/et\/wp-json\/wp\/v2\/product\/19670","targetHints":{"allow":["GET"]}}],"collection":[{"href":"https:\/\/store.astieks.com\/et\/wp-json\/wp\/v2\/product"}],"about":[{"href":"https:\/\/store.astieks.com\/et\/wp-json\/wp\/v2\/types\/product"}],"version-history":[{"count":1,"href":"https:\/\/store.astieks.com\/et\/wp-json\/wp\/v2\/product\/19670\/revisions"}],"predecessor-version":[{"id":19686,"href":"https:\/\/store.astieks.com\/et\/wp-json\/wp\/v2\/product\/19670\/revisions\/19686"}],"wp:featuredmedia":[{"embeddable":true,"href":"https:\/\/store.astieks.com\/et\/wp-json\/wp\/v2\/media\/16250"}],"wp:attachment":[{"href":"https:\/\/store.astieks.com\/et\/wp-json\/wp\/v2\/media?parent=19670"}],"wp:term":[{"taxonomy":"product_brand","embeddable":true,"href":"https:\/\/store.astieks.com\/et\/wp-json\/wp\/v2\/product_brand?post=19670"},{"taxonomy":"product_cat","embeddable":true,"href":"https:\/\/store.astieks.com\/et\/wp-json\/wp\/v2\/product_cat?post=19670"},{"taxonomy":"product_tag","embeddable":true,"href":"https:\/\/store.astieks.com\/et\/wp-json\/wp\/v2\/product_tag?post=19670"}],"curies":[{"name":"wp","href":"https:\/\/api.w.org\/{rel}","templated":true}]}}