{"id":19632,"date":"2025-12-02T15:31:41","date_gmt":"2025-12-02T13:31:41","guid":{"rendered":"https:\/\/store.astieks.com\/product\/trudon-la-promeneuse\/"},"modified":"2026-03-17T12:40:47","modified_gmt":"2026-03-17T10:40:47","slug":"trudon-la-promeneuse","status":"publish","type":"product","link":"https:\/\/store.astieks.com\/et\/product\/trudon-la-promeneuse\/","title":{"rendered":"TRUDON La Promeneuse Aroomilamp"},"content":{"rendered":"<p>La Promeneuse on dekoratiivne ese, mis on loodud Trudoni l\u00f5hnade hajutamiseks. Kasutamiseks asetage kivi keraamilisse hoidikusse ja s\u00fc\u00fcdake selle all teek\u00fc\u00fcnal. Kivi kuumenedes sulab see, vabastades kiiresti l\u00f5hna. La Promeneuse v\u00f5imaldab l\u00f5hnaainete lihtsat vahetamist: komplektis on neli l\u00f5hnavat kameed \u2013 Abd El Kader, Ernesto, Sirnos ja Josephine \u2013 ning neli teek\u00fc\u00fcnalt. See elegantne aroomilamp loob hubase atmosf\u00e4\u00e4ri ja v\u00f5imaldab teil nautida Trudoni mitmekesiseid l\u00f5hnu.    <\/p>\n<dl>\n<dt>Suurus<\/dt>\n<dt>H: 29 cm \u00d8: 10.5 cm<\/dt>\n<\/dl>\n<p>Seadistamine :<\/p>\n<p>&#8211; Asetage Promeneuse alati t\u00e4iesti tasasele pinnale, eemale lastest, loomadest, tuulet\u00f5mbusest ja kardinatest.<\/p>\n<p>&#8211; \u00c4rge kunagi asetage Promeneuse&#8217;i soojusallika peale ega l\u00e4hedale.<\/p>\n<p>&#8211; Asetage keraamiline taldrik messingist alusele.<\/p>\n<p>&#8211; Asetage lusikas taldriku keskele.<\/p>\n<p>&#8211; Aseta lusikale l\u00f5hnastatud kamee.<\/p>\n<p>&#8211; T\u00f5sta klaast\u00fckk \u00fcles ja aseta v\u00e4ike k\u00fc\u00fcnal selleks etten\u00e4htud kohta Promeneuse&#8217;i alla ning s\u00fc\u00fcta see.<\/p>\n<p>&#8211; Pange klaasosa ettevaatlikult tagasi.<\/p>\n<p>Ettevaatusabin\u00f5ud :<\/p>\n<p>&#8211; \u00c4rge kunagi proovige Promeneuse&#8217;i t\u00f5sta ega liigutada, kui see on veel p\u00f5lema pandud v\u00f5i kui n\u00f5us on veel sulanud vaha.<\/p>\n<p>&#8211; Messinglusika temperatuur t\u00f5useb koos kameevahaga. \u00c4rge puudutage lusikat, kui vaha on veel vedel. <\/p>\n<p>&#8211; Promeneuse&#8217;i tohib kasutada ainult l\u00f5hnastatud kameede ja Trudoni k\u00fc\u00fcnalde jaoks.<\/p>\n","protected":false},"excerpt":{"rendered":"<p>La Promeneuse on dekoratiivne ese, mis on loodud Trudoni l\u00f5hnade hajutamiseks. Kasutamiseks asetage kivi keraamilisse hoidikusse ja s\u00fc\u00fcdake selle all teek\u00fc\u00fcnal. Kivi kuumenedes sulab see, vabastades kiiresti l\u00f5hna. La Promeneuse v\u00f5imaldab l\u00f5hnaainete lihtsat vahetamist: komplektis on neli l\u00f5hnavat kameed \u2013 Abd El Kader, Ernesto, Sirnos ja Josephine \u2013 ning neli teek\u00fc\u00fcnalt. See elegantne aroomilamp loob&#8230;<\/p>\n","protected":false},"featured_media":19390,"template":"","meta":{"_acf_changed":false},"product_brand":[492],"product_cat":[249],"product_tag":[],"class_list":{"0":"post-19632","1":"product","2":"type-product","3":"status-publish","4":"has-post-thumbnail","6":"product_brand-trudon-et","7":"product_cat-kuunlad","8":"nt-post-class","9":"","12":"excerpt-none","15":"first","16":"instock","17":"taxable","18":"shipping-taxable","19":"product-type-simple"},"acf":[],"_links":{"self":[{"href":"https:\/\/store.astieks.com\/et\/wp-json\/wp\/v2\/product\/19632","targetHints":{"allow":["GET"]}}],"collection":[{"href":"https:\/\/store.astieks.com\/et\/wp-json\/wp\/v2\/product"}],"about":[{"href":"https:\/\/store.astieks.com\/et\/wp-json\/wp\/v2\/types\/product"}],"version-history":[{"count":1,"href":"https:\/\/store.astieks.com\/et\/wp-json\/wp\/v2\/product\/19632\/revisions"}],"predecessor-version":[{"id":19972,"href":"https:\/\/store.astieks.com\/et\/wp-json\/wp\/v2\/product\/19632\/revisions\/19972"}],"wp:featuredmedia":[{"embeddable":true,"href":"https:\/\/store.astieks.com\/et\/wp-json\/wp\/v2\/media\/19390"}],"wp:attachment":[{"href":"https:\/\/store.astieks.com\/et\/wp-json\/wp\/v2\/media?parent=19632"}],"wp:term":[{"taxonomy":"product_brand","embeddable":true,"href":"https:\/\/store.astieks.com\/et\/wp-json\/wp\/v2\/product_brand?post=19632"},{"taxonomy":"product_cat","embeddable":true,"href":"https:\/\/store.astieks.com\/et\/wp-json\/wp\/v2\/product_cat?post=19632"},{"taxonomy":"product_tag","embeddable":true,"href":"https:\/\/store.astieks.com\/et\/wp-json\/wp\/v2\/product_tag?post=19632"}],"curies":[{"name":"wp","href":"https:\/\/api.w.org\/{rel}","templated":true}]}}