{"id":19592,"date":"2026-01-15T15:08:50","date_gmt":"2026-01-15T13:08:50","guid":{"rendered":"https:\/\/store.astieks.com\/product\/lalique-2-parakeets-sculpture\/"},"modified":"2026-02-28T11:54:17","modified_gmt":"2026-02-28T09:54:17","slug":"lalique-2-parakeets-sculpture","status":"publish","type":"product","link":"https:\/\/store.astieks.com\/et\/product\/lalique-2-parakeets-sculpture\/","title":{"rendered":"Lalique skulptuur 2 Papagoid"},"content":{"rendered":"<p>See graatsiliselt vormitud sulestikuga lahutamatute armulindude paar, mis eristub l\u00e4bipaistva kristalli puhtuse ja s\u00e4ra poolest, s\u00fcmboliseerib igavest armastust ja purunematut sidet.<\/p>\n<ul>\n<li>L\u00e4bipaistev kristall<\/li>\n<li>Suurused: H 18.7 x L 8.3 x W 6.2 cm<\/li>\n<li>Kaal: 0.91 kg<\/li>\n<li>K\u00e4sitsi valmistatud Prantsusmaal<\/li>\n<\/ul>\n","protected":false},"excerpt":{"rendered":"<p>See graatsiliselt vormitud sulestikuga lahutamatute armulindude paar, mis eristub l\u00e4bipaistva kristalli puhtuse ja s\u00e4ra poolest, s\u00fcmboliseerib igavest armastust ja purunematut sidet. L\u00e4bipaistev kristall Suurused: H 18.7 x L 8.3 x W 6.2 cm Kaal: 0.91 kg K\u00e4sitsi valmistatud Prantsusmaal<\/p>\n","protected":false},"featured_media":19503,"template":"","meta":{"_acf_changed":false},"product_brand":[647],"product_cat":[476,243,238],"product_tag":[],"class_list":{"0":"post-19592","1":"product","2":"type-product","3":"status-publish","4":"has-post-thumbnail","6":"product_brand-lalique","7":"product_cat-skulptuurid","8":"product_cat-kingitused","9":"product_cat-kodu-kaunistused","10":"nt-post-class","11":"","14":"excerpt-none","17":"first","18":"instock","19":"taxable","20":"shipping-taxable","21":"purchasable","22":"product-type-simple"},"acf":[],"_links":{"self":[{"href":"https:\/\/store.astieks.com\/et\/wp-json\/wp\/v2\/product\/19592","targetHints":{"allow":["GET"]}}],"collection":[{"href":"https:\/\/store.astieks.com\/et\/wp-json\/wp\/v2\/product"}],"about":[{"href":"https:\/\/store.astieks.com\/et\/wp-json\/wp\/v2\/types\/product"}],"version-history":[{"count":1,"href":"https:\/\/store.astieks.com\/et\/wp-json\/wp\/v2\/product\/19592\/revisions"}],"predecessor-version":[{"id":19672,"href":"https:\/\/store.astieks.com\/et\/wp-json\/wp\/v2\/product\/19592\/revisions\/19672"}],"wp:featuredmedia":[{"embeddable":true,"href":"https:\/\/store.astieks.com\/et\/wp-json\/wp\/v2\/media\/19503"}],"wp:attachment":[{"href":"https:\/\/store.astieks.com\/et\/wp-json\/wp\/v2\/media?parent=19592"}],"wp:term":[{"taxonomy":"product_brand","embeddable":true,"href":"https:\/\/store.astieks.com\/et\/wp-json\/wp\/v2\/product_brand?post=19592"},{"taxonomy":"product_cat","embeddable":true,"href":"https:\/\/store.astieks.com\/et\/wp-json\/wp\/v2\/product_cat?post=19592"},{"taxonomy":"product_tag","embeddable":true,"href":"https:\/\/store.astieks.com\/et\/wp-json\/wp\/v2\/product_tag?post=19592"}],"curies":[{"name":"wp","href":"https:\/\/api.w.org\/{rel}","templated":true}]}}