{"id":19590,"date":"2026-01-15T16:16:58","date_gmt":"2026-01-15T14:16:58","guid":{"rendered":"https:\/\/store.astieks.com\/product\/danhera-aenigma-decanter-mini-gold-125-ml\/"},"modified":"2026-01-15T16:16:58","modified_gmt":"2026-01-15T14:16:58","slug":"danhera-aenigma-decanter-mini-gold-125-ml","status":"publish","type":"product","link":"https:\/\/store.astieks.com\/et\/product\/danhera-aenigma-decanter-mini-gold-125-ml\/","title":{"rendered":"Danhera AENIGMA Decanter 125 ml v\u00e4ike kuldne"},"content":{"rendered":"<p>Aenigma on varjatud t\u00f5dede l\u00f5hn, mis suudab inimestele ilmutada jumalate kodeeritud s\u00f5numeid. Haruldane multisensoorsete elamuste anagramm, milles hinnalised koostisosad loovad uue, vihjelise ja salap\u00e4rase lummuse. See parf\u00fc\u00fcm on saladuse l\u00f5hnaline kehastus \u2013 ainulaadne v\u00f5lu, mis tuleneb selle keerukuse rikkusest.  <\/p>\n<p>Loodud kasutades peeneid magusa tubaka, naha ja merevaigu sorte, \u00fcllatab see Bulgaaria roosi ja selle sametiste aktsentide m\u00e4nguga, gardeenia elegantsiga, musta merevaigu s\u00fcgavusega ja ka\u0161miiripuu voolava pehmusega.<\/p>\n<p>Love and Enchantment lead to new inspirations<\/p>\n<p>Tipunoodid: Bulgaaria roos, gardenia, tiigiliiliad, koirohi<\/p>\n<p>S\u00fcdamenoodid: tubakas, nahk, must merevaik, oud, ilang-ilang, intensiivsed v\u00fcrtsid, tonka uba<\/p>\n<p>P\u00f5hjanoodid: pat\u0161uli, must merevaik, muskus, vaniljeoad, ka\u0161miiripuu<\/p>\n<p>Aenigma t\u00e4idab ruumi intensiivse, sooja ja embava auraga.Sellel on j\u00f5ud luua atmosf\u00e4\u00e4r s\u00fcgava sisekaemuse, sensuaalsuse ja sisemise j\u00f5u jaoks, t\u00e4iustades elegantseid, k\u00fclalislahkeid ja karismaatilisi paiku. See stimuleerib loovust, tekitab kaitstuse tunde ja kutsub esile emotsionaalse l\u00f5\u00f5gastuse, muutes kodu v\u00f5lu ja saladuse p\u00fchapaigaks.<\/p>\n<p>Meeleline kogemus<\/p>\n<p>Keiser on naasnud oma lossi. Kuivad ja kivised k\u00fcnkad on saanud suvise p\u00f6\u00f6rip\u00e4eva jahiretke taustaks. Siin seisab Stupor Mundi, kaasas oma kull, kes on asetunud uhke valge ratsu turjale \u2013 m\u00f5lemad liikumatult sise\u00f5ues, pilk suunatud kindluse tippu. Lummavad valguskiired filtreeruvad l\u00e4bi maapinnas oleva kaheksanurkse ava, t\u00f5ustes taevasse ning kaunistades k\u00f5ike jumaliku s\u00e4raga.   <\/p>\n<p>Komplektis:<\/p>\n<ul>\n<li>Impero Decanter 125 ml kuldne &amp; v\u00e4ike pihusti<\/li>\n<li>Mikrofiibrist pulgad aroomidifuusori jaoks<\/li>\n<li>Kinkekarp<\/li>\n<li>Tootevoldik<\/li>\n<li>Kinkekott<\/li>\n<\/ul>\n<p>&nbsp;<\/p>\n","protected":false},"excerpt":{"rendered":"<p>Aenigma on varjatud t\u00f5dede l\u00f5hn, mis suudab inimestele ilmutada jumalate kodeeritud s\u00f5numeid. Haruldane multisensoorsete elamuste anagramm, milles hinnalised koostisosad loovad uue, vihjelise ja salap\u00e4rase lummuse. See parf\u00fc\u00fcm on saladuse l\u00f5hnaline kehastus \u2013 ainulaadne v\u00f5lu, mis tuleneb selle keerukuse rikkusest. Loodud kasutades peeneid magusa tubaka, naha ja merevaigu sorte, \u00fcllatab see Bulgaaria roosi ja selle sametiste&#8230;<\/p>\n","protected":false},"featured_media":19508,"template":"","meta":{"_acf_changed":false},"product_brand":[483],"product_cat":[253,243,245],"product_tag":[],"class_list":{"0":"post-19590","1":"product","2":"type-product","3":"status-publish","4":"has-post-thumbnail","6":"product_brand-danhera-et","7":"product_cat-difuuserid","8":"product_cat-kingitused","9":"product_cat-kodulohnad","10":"nt-post-class","11":"","14":"excerpt-none","17":"first","18":"instock","19":"taxable","20":"shipping-taxable","21":"purchasable","22":"product-type-simple"},"acf":[],"_links":{"self":[{"href":"https:\/\/store.astieks.com\/et\/wp-json\/wp\/v2\/product\/19590","targetHints":{"allow":["GET"]}}],"collection":[{"href":"https:\/\/store.astieks.com\/et\/wp-json\/wp\/v2\/product"}],"about":[{"href":"https:\/\/store.astieks.com\/et\/wp-json\/wp\/v2\/types\/product"}],"version-history":[{"count":0,"href":"https:\/\/store.astieks.com\/et\/wp-json\/wp\/v2\/product\/19590\/revisions"}],"wp:featuredmedia":[{"embeddable":true,"href":"https:\/\/store.astieks.com\/et\/wp-json\/wp\/v2\/media\/19508"}],"wp:attachment":[{"href":"https:\/\/store.astieks.com\/et\/wp-json\/wp\/v2\/media?parent=19590"}],"wp:term":[{"taxonomy":"product_brand","embeddable":true,"href":"https:\/\/store.astieks.com\/et\/wp-json\/wp\/v2\/product_brand?post=19590"},{"taxonomy":"product_cat","embeddable":true,"href":"https:\/\/store.astieks.com\/et\/wp-json\/wp\/v2\/product_cat?post=19590"},{"taxonomy":"product_tag","embeddable":true,"href":"https:\/\/store.astieks.com\/et\/wp-json\/wp\/v2\/product_tag?post=19590"}],"curies":[{"name":"wp","href":"https:\/\/api.w.org\/{rel}","templated":true}]}}