{"id":19499,"date":"2025-08-22T12:37:29","date_gmt":"2025-08-22T10:37:29","guid":{"rendered":"https:\/\/store.astieks.com\/product\/bear-sculpture\/"},"modified":"2025-08-22T12:37:29","modified_gmt":"2025-08-22T10:37:29","slug":"bear-sculpture","status":"publish","type":"product","link":"https:\/\/store.astieks.com\/et\/product\/bear-sculpture\/","title":{"rendered":"LALIQUE Karu skulptuur"},"content":{"rendered":"<ul>\n<li>L\u00e4bipaistev kristall<\/li>\n<li>M\u00f5\u00f5tmed: K 15 \u00d7 P 24 \u00d7 L 9 cm<\/li>\n<li>Kaal: 2,6 kg<\/li>\n<li>K\u00e4sitsi valmistatud Prantsusmaal<\/li>\n<\/ul>\n","protected":false},"excerpt":{"rendered":"<p><em><strong>L\u00e4bipaistev Kristall<\/strong><\/em><\/p>\n<p>Karu on seotud h\u00e4rjaga \u2013 need kaks looma s\u00fcmboliseerivad koos b\u00f6rse. H\u00e4rg esindab investoreid, kes usuvad turu kasvu ja ostavad aktsiaid. Vastupidi, karu kehastab neid, kes usuvad turu langusesse ja p\u00fc\u00fcavad oma aktsiaid m\u00fc\u00fca. H\u00e4rja ja karu pidev vastasseis s\u00fcmboliseerib turgude tasakaalu.   <\/p>\n","protected":false},"featured_media":15086,"template":"","meta":{"_acf_changed":false},"product_brand":[647],"product_cat":[238],"product_tag":[],"class_list":{"0":"post-19499","1":"product","2":"type-product","3":"status-publish","4":"has-post-thumbnail","6":"product_brand-lalique","7":"product_cat-kodu-kaunistused","8":"nt-post-class","9":"","15":"first","16":"instock","17":"taxable","18":"shipping-taxable","19":"purchasable","20":"product-type-simple"},"acf":[],"_links":{"self":[{"href":"https:\/\/store.astieks.com\/et\/wp-json\/wp\/v2\/product\/19499","targetHints":{"allow":["GET"]}}],"collection":[{"href":"https:\/\/store.astieks.com\/et\/wp-json\/wp\/v2\/product"}],"about":[{"href":"https:\/\/store.astieks.com\/et\/wp-json\/wp\/v2\/types\/product"}],"version-history":[{"count":0,"href":"https:\/\/store.astieks.com\/et\/wp-json\/wp\/v2\/product\/19499\/revisions"}],"wp:featuredmedia":[{"embeddable":true,"href":"https:\/\/store.astieks.com\/et\/wp-json\/wp\/v2\/media\/15086"}],"wp:attachment":[{"href":"https:\/\/store.astieks.com\/et\/wp-json\/wp\/v2\/media?parent=19499"}],"wp:term":[{"taxonomy":"product_brand","embeddable":true,"href":"https:\/\/store.astieks.com\/et\/wp-json\/wp\/v2\/product_brand?post=19499"},{"taxonomy":"product_cat","embeddable":true,"href":"https:\/\/store.astieks.com\/et\/wp-json\/wp\/v2\/product_cat?post=19499"},{"taxonomy":"product_tag","embeddable":true,"href":"https:\/\/store.astieks.com\/et\/wp-json\/wp\/v2\/product_tag?post=19499"}],"curies":[{"name":"wp","href":"https:\/\/api.w.org\/{rel}","templated":true}]}}