{"id":19498,"date":"2025-12-16T12:06:08","date_gmt":"2025-12-16T10:06:08","guid":{"rendered":"https:\/\/store.astieks.com\/product\/danhera-kera-car-fragrance-kit\/"},"modified":"2025-12-16T12:06:08","modified_gmt":"2025-12-16T10:06:08","slug":"danhera-kera-car-fragrance-kit","status":"publish","type":"product","link":"https:\/\/store.astieks.com\/et\/product\/danhera-kera-car-fragrance-kit\/","title":{"rendered":"Danhera KERA Auto L\u00f5hnakomplekt"},"content":{"rendered":"<p>Praktiline ja hooliv kingitus, millega t\u00e4ita s\u00f5iduki sisemus meeldiva aroomiga. Ideaalne tekitamaks ainulaadset ja meeldej\u00e4\u00e4vat \u00f5hkkonda igal reisil \u2013 see pakub ehtsaid aromaatseid noote, mis saadavad sind kogu teekonna v\u00e4ltel. <\/p>\n<p>Afrodite subliimne puuvili, kirsi\u00f5is, paljastab oma k\u00f5ige lummavama olemuse. See on r\u00e4nnak, mis viib oma juurte juurde iidsetesse K\u00e9rasosesse, kududes armastusloo, kus t\u00e4ies \u00f5ies kirsi\u00f5ite kirg ja v\u00f5lu \u00f5itsevad. <\/p>\n<p>Kera kehastab lopsaka, salap\u00e4rase aia t\u00f5elist olemust. Siin p\u00f5imuvad romantika ja iha k\u00f6itva magnetismiga. <\/p>\n<p>Kera on Paradiisi Vili \u2013 puhta naudingu s\u00fcmbol, kus igavene armastus leiab pelgupaiga puhta elegantsi atmosf\u00e4\u00e4ris.<\/p>\n<p>See on k\u00fclluslik embus, mis on l\u00e4bi imbunud k\u00fcpsete mustade kirsside magusast aroomist, segunedes t\u00fcberoosiga \u2013 k\u00f5igi lillede kuningannaga. Koos loovad nad k\u00f6itva meelte balleti, kus v\u00fcrtsid, puud, merevaik, sandlipuu ja elav kirg p\u00f5imuvad harmooniliseks s\u00fcmfooniaks. <\/p>\n<p>Tipunoodid: t\u00fcberoos, kirss \u2013 must kirss, jasmiin sambac, must pipar<\/p>\n<p>S\u00fcdamenoodid: ambroksaan, oudipuu, must tee<\/p>\n<p>P\u00f5hjanoodid: sandlipuu, muskus, merevaik, pat\u0161uli<\/p>\n","protected":false},"excerpt":{"rendered":"<p>Praktiline ja hooliv kingitus, millega t\u00e4ita s\u00f5iduki sisemus meeldiva aroomiga. Ideaalne tekitamaks ainulaadset ja meeldej\u00e4\u00e4vat \u00f5hkkonda igal reisil \u2013 see pakub ehtsaid aromaatseid noote, mis saadavad sind kogu teekonna v\u00e4ltel. Afrodite subliimne puuvili, kirsi\u00f5is, paljastab oma k\u00f5ige lummavama olemuse. See on r\u00e4nnak, mis viib oma juurte juurde iidsetesse K\u00e9rasosesse, kududes armastusloo, kus t\u00e4ies \u00f5ies kirsi\u00f5ite&#8230;<\/p>\n","protected":false},"featured_media":19468,"template":"","meta":{"_acf_changed":false},"product_brand":[483],"product_cat":[457,251,243],"product_tag":[],"class_list":{"0":"post-19498","1":"product","2":"type-product","3":"status-publish","4":"has-post-thumbnail","6":"product_brand-danhera-et","7":"product_cat-christmass-time-et","8":"product_cat-autolohnad","9":"product_cat-kingitused","10":"nt-post-class","11":"","14":"excerpt-none","17":"first","18":"instock","19":"taxable","20":"shipping-taxable","21":"purchasable","22":"product-type-simple"},"acf":[],"_links":{"self":[{"href":"https:\/\/store.astieks.com\/et\/wp-json\/wp\/v2\/product\/19498","targetHints":{"allow":["GET"]}}],"collection":[{"href":"https:\/\/store.astieks.com\/et\/wp-json\/wp\/v2\/product"}],"about":[{"href":"https:\/\/store.astieks.com\/et\/wp-json\/wp\/v2\/types\/product"}],"version-history":[{"count":0,"href":"https:\/\/store.astieks.com\/et\/wp-json\/wp\/v2\/product\/19498\/revisions"}],"wp:featuredmedia":[{"embeddable":true,"href":"https:\/\/store.astieks.com\/et\/wp-json\/wp\/v2\/media\/19468"}],"wp:attachment":[{"href":"https:\/\/store.astieks.com\/et\/wp-json\/wp\/v2\/media?parent=19498"}],"wp:term":[{"taxonomy":"product_brand","embeddable":true,"href":"https:\/\/store.astieks.com\/et\/wp-json\/wp\/v2\/product_brand?post=19498"},{"taxonomy":"product_cat","embeddable":true,"href":"https:\/\/store.astieks.com\/et\/wp-json\/wp\/v2\/product_cat?post=19498"},{"taxonomy":"product_tag","embeddable":true,"href":"https:\/\/store.astieks.com\/et\/wp-json\/wp\/v2\/product_tag?post=19498"}],"curies":[{"name":"wp","href":"https:\/\/api.w.org\/{rel}","templated":true}]}}